{"id":288,"date":"2014-06-16T15:31:25","date_gmt":"2014-06-16T13:31:25","guid":{"rendered":"https:\/\/dextechmedical.com\/?page_id=288"},"modified":"2024-03-25T17:40:38","modified_gmt":"2024-03-25T16:40:38","slug":"contact","status":"publish","type":"page","link":"https:\/\/dextechmedical.com\/en\/contact\/","title":{"rendered":"Contact"},"content":{"rendered":"<p><strong>Office address:<\/strong><br \/>\nDag Hammarskj\u00f6lds V\u00e4g 34A, 752 37\u00a0Uppsala<\/p>\n<p><strong>Postal address:<\/strong><br \/>\nBox 389, 752 23 Uppsala<\/p>\n<p><strong>Tel.:<\/strong><br \/>\n+46 (0)70 710 47 88<\/p>\n<p><strong>E-mail:<\/strong><br \/>\n<a href=\"mailto:peter.kanekrans@dextechmedical.com\">gosta.lundgren@dextechmedical.com<\/a><\/p>\n","protected":false},"excerpt":{"rendered":"<p>Office address: Dag Hammarskj\u00f6lds V\u00e4g 34A, 752 37\u00a0Uppsala Postal address: Box 389, 752 23 Uppsala Tel.: +46 (0)70 710 47 88 E-mail: gosta.lundgren@dextechmedical.com<\/p>\n","protected":false},"author":1,"featured_media":0,"parent":0,"menu_order":70,"comment_status":"open","ping_status":"open","template":"kontakt.php","meta":{"_acf_changed":false,"footnotes":""},"class_list":["post-288","page","type-page","status-publish","hentry"],"acf":[],"yoast_head":"<!-- This site is optimized with the Yoast SEO plugin v26.5 - https:\/\/yoast.com\/wordpress\/plugins\/seo\/ -->\n<title>Contact | DexTech<\/title>\n<meta name=\"description\" content=\"Office address: Dag Hammarskj\u00f6lds V\u00e4g 34A, 752 37\u00a0Uppsala Postal address: Box 389, 752 23 Uppsala Tel.: +46 (0)70 710 47 88 E-mail:\" \/>\n<meta name=\"robots\" content=\"index, follow, max-snippet:-1, max-image-preview:large, max-video-preview:-1\" \/>\n<link rel=\"canonical\" href=\"https:\/\/dextechmedical.com\/en\/contact\/\" \/>\n<meta property=\"og:locale\" content=\"en_US\" \/>\n<meta property=\"og:type\" content=\"article\" \/>\n<meta property=\"og:title\" content=\"Contact | DexTech\" \/>\n<meta property=\"og:description\" content=\"Office address: Dag Hammarskj\u00f6lds V\u00e4g 34A, 752 37\u00a0Uppsala Postal address: Box 389, 752 23 Uppsala Tel.: +46 (0)70 710 47 88 E-mail:\" \/>\n<meta property=\"og:url\" content=\"https:\/\/dextechmedical.com\/en\/contact\/\" \/>\n<meta property=\"og:site_name\" content=\"DexTech\" \/>\n<meta property=\"article:modified_time\" content=\"2024-03-25T16:40:38+00:00\" \/>\n<meta name=\"twitter:label1\" content=\"Est. reading time\" \/>\n\t<meta name=\"twitter:data1\" content=\"1 minute\" \/>\n<script type=\"application\/ld+json\" class=\"yoast-schema-graph\">{\"@context\":\"https:\/\/schema.org\",\"@graph\":[{\"@type\":\"WebPage\",\"@id\":\"https:\/\/dextechmedical.com\/en\/contact\/\",\"url\":\"https:\/\/dextechmedical.com\/en\/contact\/\",\"name\":\"Contact | DexTech\",\"isPartOf\":{\"@id\":\"https:\/\/dextechmedical.com\/#website\"},\"datePublished\":\"2014-06-16T13:31:25+00:00\",\"dateModified\":\"2024-03-25T16:40:38+00:00\",\"description\":\"Office address: Dag Hammarskj\u00f6lds V\u00e4g 34A, 752 37\u00a0Uppsala Postal address: Box 389, 752 23 Uppsala Tel.: +46 (0)70 710 47 88 E-mail:\",\"breadcrumb\":{\"@id\":\"https:\/\/dextechmedical.com\/en\/contact\/#breadcrumb\"},\"inLanguage\":\"en-US\",\"potentialAction\":[{\"@type\":\"ReadAction\",\"target\":[\"https:\/\/dextechmedical.com\/en\/contact\/\"]}]},{\"@type\":\"BreadcrumbList\",\"@id\":\"https:\/\/dextechmedical.com\/en\/contact\/#breadcrumb\",\"itemListElement\":[{\"@type\":\"ListItem\",\"position\":1,\"name\":\"Home\",\"item\":\"https:\/\/dextechmedical.com\/en\/\"},{\"@type\":\"ListItem\",\"position\":2,\"name\":\"Contact\"}]},{\"@type\":\"WebSite\",\"@id\":\"https:\/\/dextechmedical.com\/#website\",\"url\":\"https:\/\/dextechmedical.com\/\",\"name\":\"DexTech\",\"description\":\"Ett svenskt forskningsf\u00f6retag specialiserat p\u00e5 urologisk onkologi fr\u00e4mst prostatacancer\",\"potentialAction\":[{\"@type\":\"SearchAction\",\"target\":{\"@type\":\"EntryPoint\",\"urlTemplate\":\"https:\/\/dextechmedical.com\/?s={search_term_string}\"},\"query-input\":{\"@type\":\"PropertyValueSpecification\",\"valueRequired\":true,\"valueName\":\"search_term_string\"}}],\"inLanguage\":\"en-US\"}]}<\/script>\n<!-- \/ Yoast SEO plugin. -->","yoast_head_json":{"title":"Contact | DexTech","description":"Office address: Dag Hammarskj\u00f6lds V\u00e4g 34A, 752 37\u00a0Uppsala Postal address: Box 389, 752 23 Uppsala Tel.: +46 (0)70 710 47 88 E-mail:","robots":{"index":"index","follow":"follow","max-snippet":"max-snippet:-1","max-image-preview":"max-image-preview:large","max-video-preview":"max-video-preview:-1"},"canonical":"https:\/\/dextechmedical.com\/en\/contact\/","og_locale":"en_US","og_type":"article","og_title":"Contact | DexTech","og_description":"Office address: Dag Hammarskj\u00f6lds V\u00e4g 34A, 752 37\u00a0Uppsala Postal address: Box 389, 752 23 Uppsala Tel.: +46 (0)70 710 47 88 E-mail:","og_url":"https:\/\/dextechmedical.com\/en\/contact\/","og_site_name":"DexTech","article_modified_time":"2024-03-25T16:40:38+00:00","twitter_misc":{"Est. reading time":"1 minute"},"schema":{"@context":"https:\/\/schema.org","@graph":[{"@type":"WebPage","@id":"https:\/\/dextechmedical.com\/en\/contact\/","url":"https:\/\/dextechmedical.com\/en\/contact\/","name":"Contact | DexTech","isPartOf":{"@id":"https:\/\/dextechmedical.com\/#website"},"datePublished":"2014-06-16T13:31:25+00:00","dateModified":"2024-03-25T16:40:38+00:00","description":"Office address: Dag Hammarskj\u00f6lds V\u00e4g 34A, 752 37\u00a0Uppsala Postal address: Box 389, 752 23 Uppsala Tel.: +46 (0)70 710 47 88 E-mail:","breadcrumb":{"@id":"https:\/\/dextechmedical.com\/en\/contact\/#breadcrumb"},"inLanguage":"en-US","potentialAction":[{"@type":"ReadAction","target":["https:\/\/dextechmedical.com\/en\/contact\/"]}]},{"@type":"BreadcrumbList","@id":"https:\/\/dextechmedical.com\/en\/contact\/#breadcrumb","itemListElement":[{"@type":"ListItem","position":1,"name":"Home","item":"https:\/\/dextechmedical.com\/en\/"},{"@type":"ListItem","position":2,"name":"Contact"}]},{"@type":"WebSite","@id":"https:\/\/dextechmedical.com\/#website","url":"https:\/\/dextechmedical.com\/","name":"DexTech","description":"Ett svenskt forskningsf\u00f6retag specialiserat p\u00e5 urologisk onkologi fr\u00e4mst prostatacancer","potentialAction":[{"@type":"SearchAction","target":{"@type":"EntryPoint","urlTemplate":"https:\/\/dextechmedical.com\/?s={search_term_string}"},"query-input":{"@type":"PropertyValueSpecification","valueRequired":true,"valueName":"search_term_string"}}],"inLanguage":"en-US"}]}},"_links":{"self":[{"href":"https:\/\/dextechmedical.com\/en\/wp-json\/wp\/v2\/pages\/288","targetHints":{"allow":["GET"]}}],"collection":[{"href":"https:\/\/dextechmedical.com\/en\/wp-json\/wp\/v2\/pages"}],"about":[{"href":"https:\/\/dextechmedical.com\/en\/wp-json\/wp\/v2\/types\/page"}],"author":[{"embeddable":true,"href":"https:\/\/dextechmedical.com\/en\/wp-json\/wp\/v2\/users\/1"}],"replies":[{"embeddable":true,"href":"https:\/\/dextechmedical.com\/en\/wp-json\/wp\/v2\/comments?post=288"}],"version-history":[{"count":6,"href":"https:\/\/dextechmedical.com\/en\/wp-json\/wp\/v2\/pages\/288\/revisions"}],"predecessor-version":[{"id":1934,"href":"https:\/\/dextechmedical.com\/en\/wp-json\/wp\/v2\/pages\/288\/revisions\/1934"}],"wp:attachment":[{"href":"https:\/\/dextechmedical.com\/en\/wp-json\/wp\/v2\/media?parent=288"}],"curies":[{"name":"wp","href":"https:\/\/api.w.org\/{rel}","templated":true}]}}