{"id":281,"date":"2014-06-16T15:12:30","date_gmt":"2014-06-16T13:12:30","guid":{"rendered":"https:\/\/dextechmedical.com\/?page_id=281"},"modified":"2023-02-15T14:38:22","modified_gmt":"2023-02-15T13:38:22","slug":"share-capital","status":"publish","type":"page","link":"https:\/\/dextechmedical.com\/en\/investors\/share-capital\/","title":{"rendered":"Share capital"},"content":{"rendered":"<p>There is only one share class. Each share gives equal rights to the company&#8217;s assets and profits and entitlement to a single vote at the Annual General Meeting.<\/p>\n<p>&nbsp;<\/p>\n<table style=\"height: 834px;\" width=\"848\">\n<tbody>\n<tr>\n<td width=\"36\">Year<\/td>\n<td width=\"157\">Event<\/td>\n<td width=\"47\">Quata value<\/td>\n<td width=\"76\">Increase in number of shares<\/td>\n<td width=\"58\">Increase in share capital<\/td>\n<td width=\"80\">Total number of shares<\/td>\n<td width=\"58\">Total share capital<\/td>\n<td width=\"74\">Paid up, including premium<\/td>\n<td width=\"84\">Company value, premoney<\/td>\n<\/tr>\n<tr>\n<td>2004<\/td>\n<td>Formation<\/td>\n<td>100<\/td>\n<td>1 000<\/td>\n<td>100 000<\/td>\n<td>1 000<\/td>\n<td>100 000<\/td>\n<td>100 000<\/td>\n<td>0<\/td>\n<\/tr>\n<tr>\n<td>2006<\/td>\n<td>New share issue<\/td>\n<td>100<\/td>\n<td>1 100<\/td>\n<td>110 000<\/td>\n<td>2 100<\/td>\n<td>210 000<\/td>\n<td>860 000<\/td>\n<td>781 818<\/td>\n<\/tr>\n<tr>\n<td>2006<\/td>\n<td>New share issue<\/td>\n<td>100<\/td>\n<td>234<\/td>\n<td>23 400<\/td>\n<td>2 334<\/td>\n<td>233 400<\/td>\n<td>750 000<\/td>\n<td>6 730 769<\/td>\n<\/tr>\n<tr>\n<td>2007<\/td>\n<td>New share issue<\/td>\n<td>100<\/td>\n<td>123<\/td>\n<td>12 300<\/td>\n<td>2 457<\/td>\n<td>245 700<\/td>\n<td>2 500 000<\/td>\n<td>47 439 024<\/td>\n<\/tr>\n<tr>\n<td>2010<\/td>\n<td>Shae split (100:1)<\/td>\n<td>1<\/td>\n<td>243 243<\/td>\n<td>&#8211;<\/td>\n<td>245 700<\/td>\n<td>245 700<\/td>\n<td>&#8211;<\/td>\n<td>&#8211;<\/td>\n<\/tr>\n<tr>\n<td>2010<\/td>\n<td>New share issue<\/td>\n<td>1<\/td>\n<td>6 143<\/td>\n<td>6 143<\/td>\n<td>251 843<\/td>\n<td>251 843<\/td>\n<td>2 500 201<\/td>\n<td>99 999 900<\/td>\n<\/tr>\n<tr>\n<td>2011<\/td>\n<td>New share issue<\/td>\n<td>1<\/td>\n<td>25 185<\/td>\n<td>25 185<\/td>\n<td>277 028<\/td>\n<td>277 028<\/td>\n<td>8 499 939<\/td>\n<td>84 997 027<\/td>\n<\/tr>\n<tr>\n<td>2013<\/td>\n<td>New share issue<\/td>\n<td>1<\/td>\n<td>5 540<\/td>\n<td>5 540<\/td>\n<td>282 568<\/td>\n<td>282 568<\/td>\n<td>1 994 400<\/td>\n<td>99 730 080<\/td>\n<\/tr>\n<tr>\n<td>2014<\/td>\n<td>Fondemission<\/td>\n<td>1,8<\/td>\n<td>&#8211;<\/td>\n<td>226 054<\/td>\n<td>282 568<\/td>\n<td>508 622<\/td>\n<td>&#8211;<\/td>\n<td>&#8211;<\/td>\n<\/tr>\n<tr>\n<td>2014<\/td>\n<td>Share split 40:1<\/td>\n<td>0,045<\/td>\n<td>11 020 152<\/td>\n<td>&#8211;<\/td>\n<td>11 302 720<\/td>\n<td>508 622<\/td>\n<td>&#8211;<\/td>\n<td>&#8211;<\/td>\n<\/tr>\n<tr>\n<td>2014<\/td>\n<td>New share issue<\/td>\n<td>0,045<\/td>\n<td>2 860 000<\/td>\n<td>128 700<\/td>\n<td>14 162 720<\/td>\n<td>637 322<\/td>\n<td>30 030 000<\/td>\n<td>118 678 560<\/td>\n<\/tr>\n<tr>\n<td>2016<\/td>\n<td>New share issue<\/td>\n<td>0,045<\/td>\n<td>590 113<\/td>\n<td>26 555<\/td>\n<td>14 752 833<\/td>\n<td>663 877<\/td>\n<td>15 342 938<\/td>\n<td>368 230 720<\/td>\n<\/tr>\n<tr>\n<td>2019<\/td>\n<td>New share issue<\/td>\n<td>0,045<\/td>\n<td>167 645<\/td>\n<td>7 544<\/td>\n<td>14 920 478<\/td>\n<td>671 422<\/td>\n<td>10 058 700<\/td>\n<td>885 169 980<\/td>\n<\/tr>\n<tr>\n<td>2021<\/td>\n<td>New share issue<\/td>\n<td>0,045<\/td>\n<td>3 565 379<\/td>\n<td>160 442<\/td>\n<td>18 485 857<\/td>\n<td>831 864<\/td>\n<td>46 349 927<\/td>\n<td>193 966 214<\/td>\n<\/tr>\n<\/tbody>\n<\/table>\n","protected":false},"excerpt":{"rendered":"<p>There is only one share class. Each share gives equal rights to the company&#8217;s assets and profits and entitlement to a single vote at the Annual General Meeting. &nbsp; Year [&hellip;]<\/p>\n","protected":false},"author":1,"featured_media":0,"parent":277,"menu_order":20,"comment_status":"closed","ping_status":"closed","template":"page-wide.php","meta":{"_acf_changed":false,"footnotes":""},"class_list":["post-281","page","type-page","status-publish","hentry"],"acf":[],"yoast_head":"<!-- This site is optimized with the Yoast SEO plugin v26.5 - https:\/\/yoast.com\/wordpress\/plugins\/seo\/ -->\n<title>Share capital | DexTech<\/title>\n<meta name=\"description\" content=\"There is only one share class. Each share gives equal rights to the company&#039;s assets and profits and entitlement to a single vote at the Annual General\" \/>\n<meta name=\"robots\" content=\"index, follow, max-snippet:-1, max-image-preview:large, max-video-preview:-1\" \/>\n<link rel=\"canonical\" href=\"https:\/\/dextechmedical.com\/en\/investors\/share-capital\/\" \/>\n<meta property=\"og:locale\" content=\"en_US\" \/>\n<meta property=\"og:type\" content=\"article\" \/>\n<meta property=\"og:title\" content=\"Share capital | DexTech\" \/>\n<meta property=\"og:description\" content=\"There is only one share class. Each share gives equal rights to the company&#039;s assets and profits and entitlement to a single vote at the Annual General\" \/>\n<meta property=\"og:url\" content=\"https:\/\/dextechmedical.com\/en\/investors\/share-capital\/\" \/>\n<meta property=\"og:site_name\" content=\"DexTech\" \/>\n<meta property=\"article:modified_time\" content=\"2023-02-15T13:38:22+00:00\" \/>\n<meta name=\"twitter:label1\" content=\"Est. reading time\" \/>\n\t<meta name=\"twitter:data1\" content=\"2 minutes\" \/>\n<script type=\"application\/ld+json\" class=\"yoast-schema-graph\">{\"@context\":\"https:\/\/schema.org\",\"@graph\":[{\"@type\":\"WebPage\",\"@id\":\"https:\/\/dextechmedical.com\/en\/investors\/share-capital\/\",\"url\":\"https:\/\/dextechmedical.com\/en\/investors\/share-capital\/\",\"name\":\"Share capital | DexTech\",\"isPartOf\":{\"@id\":\"https:\/\/dextechmedical.com\/#website\"},\"datePublished\":\"2014-06-16T13:12:30+00:00\",\"dateModified\":\"2023-02-15T13:38:22+00:00\",\"description\":\"There is only one share class. Each share gives equal rights to the company's assets and profits and entitlement to a single vote at the Annual General\",\"breadcrumb\":{\"@id\":\"https:\/\/dextechmedical.com\/en\/investors\/share-capital\/#breadcrumb\"},\"inLanguage\":\"en-US\",\"potentialAction\":[{\"@type\":\"ReadAction\",\"target\":[\"https:\/\/dextechmedical.com\/en\/investors\/share-capital\/\"]}]},{\"@type\":\"BreadcrumbList\",\"@id\":\"https:\/\/dextechmedical.com\/en\/investors\/share-capital\/#breadcrumb\",\"itemListElement\":[{\"@type\":\"ListItem\",\"position\":1,\"name\":\"Home\",\"item\":\"https:\/\/dextechmedical.com\/en\/\"},{\"@type\":\"ListItem\",\"position\":2,\"name\":\"Investors\",\"item\":\"https:\/\/dextechmedical.com\/en\/investors\/\"},{\"@type\":\"ListItem\",\"position\":3,\"name\":\"Share capital\"}]},{\"@type\":\"WebSite\",\"@id\":\"https:\/\/dextechmedical.com\/#website\",\"url\":\"https:\/\/dextechmedical.com\/\",\"name\":\"DexTech\",\"description\":\"Ett svenskt forskningsf\u00f6retag specialiserat p\u00e5 urologisk onkologi fr\u00e4mst prostatacancer\",\"potentialAction\":[{\"@type\":\"SearchAction\",\"target\":{\"@type\":\"EntryPoint\",\"urlTemplate\":\"https:\/\/dextechmedical.com\/?s={search_term_string}\"},\"query-input\":{\"@type\":\"PropertyValueSpecification\",\"valueRequired\":true,\"valueName\":\"search_term_string\"}}],\"inLanguage\":\"en-US\"}]}<\/script>\n<!-- \/ Yoast SEO plugin. -->","yoast_head_json":{"title":"Share capital | DexTech","description":"There is only one share class. Each share gives equal rights to the company's assets and profits and entitlement to a single vote at the Annual General","robots":{"index":"index","follow":"follow","max-snippet":"max-snippet:-1","max-image-preview":"max-image-preview:large","max-video-preview":"max-video-preview:-1"},"canonical":"https:\/\/dextechmedical.com\/en\/investors\/share-capital\/","og_locale":"en_US","og_type":"article","og_title":"Share capital | DexTech","og_description":"There is only one share class. Each share gives equal rights to the company's assets and profits and entitlement to a single vote at the Annual General","og_url":"https:\/\/dextechmedical.com\/en\/investors\/share-capital\/","og_site_name":"DexTech","article_modified_time":"2023-02-15T13:38:22+00:00","twitter_misc":{"Est. reading time":"2 minutes"},"schema":{"@context":"https:\/\/schema.org","@graph":[{"@type":"WebPage","@id":"https:\/\/dextechmedical.com\/en\/investors\/share-capital\/","url":"https:\/\/dextechmedical.com\/en\/investors\/share-capital\/","name":"Share capital | DexTech","isPartOf":{"@id":"https:\/\/dextechmedical.com\/#website"},"datePublished":"2014-06-16T13:12:30+00:00","dateModified":"2023-02-15T13:38:22+00:00","description":"There is only one share class. Each share gives equal rights to the company's assets and profits and entitlement to a single vote at the Annual General","breadcrumb":{"@id":"https:\/\/dextechmedical.com\/en\/investors\/share-capital\/#breadcrumb"},"inLanguage":"en-US","potentialAction":[{"@type":"ReadAction","target":["https:\/\/dextechmedical.com\/en\/investors\/share-capital\/"]}]},{"@type":"BreadcrumbList","@id":"https:\/\/dextechmedical.com\/en\/investors\/share-capital\/#breadcrumb","itemListElement":[{"@type":"ListItem","position":1,"name":"Home","item":"https:\/\/dextechmedical.com\/en\/"},{"@type":"ListItem","position":2,"name":"Investors","item":"https:\/\/dextechmedical.com\/en\/investors\/"},{"@type":"ListItem","position":3,"name":"Share capital"}]},{"@type":"WebSite","@id":"https:\/\/dextechmedical.com\/#website","url":"https:\/\/dextechmedical.com\/","name":"DexTech","description":"Ett svenskt forskningsf\u00f6retag specialiserat p\u00e5 urologisk onkologi fr\u00e4mst prostatacancer","potentialAction":[{"@type":"SearchAction","target":{"@type":"EntryPoint","urlTemplate":"https:\/\/dextechmedical.com\/?s={search_term_string}"},"query-input":{"@type":"PropertyValueSpecification","valueRequired":true,"valueName":"search_term_string"}}],"inLanguage":"en-US"}]}},"_links":{"self":[{"href":"https:\/\/dextechmedical.com\/en\/wp-json\/wp\/v2\/pages\/281","targetHints":{"allow":["GET"]}}],"collection":[{"href":"https:\/\/dextechmedical.com\/en\/wp-json\/wp\/v2\/pages"}],"about":[{"href":"https:\/\/dextechmedical.com\/en\/wp-json\/wp\/v2\/types\/page"}],"author":[{"embeddable":true,"href":"https:\/\/dextechmedical.com\/en\/wp-json\/wp\/v2\/users\/1"}],"replies":[{"embeddable":true,"href":"https:\/\/dextechmedical.com\/en\/wp-json\/wp\/v2\/comments?post=281"}],"version-history":[{"count":7,"href":"https:\/\/dextechmedical.com\/en\/wp-json\/wp\/v2\/pages\/281\/revisions"}],"predecessor-version":[{"id":1689,"href":"https:\/\/dextechmedical.com\/en\/wp-json\/wp\/v2\/pages\/281\/revisions\/1689"}],"up":[{"embeddable":true,"href":"https:\/\/dextechmedical.com\/en\/wp-json\/wp\/v2\/pages\/277"}],"wp:attachment":[{"href":"https:\/\/dextechmedical.com\/en\/wp-json\/wp\/v2\/media?parent=281"}],"curies":[{"name":"wp","href":"https:\/\/api.w.org\/{rel}","templated":true}]}}