{"id":279,"date":"2026-02-25T12:00:32","date_gmt":"2026-02-25T11:00:32","guid":{"rendered":"https:\/\/dextechmedical.com\/?page_id=279"},"modified":"2026-02-25T11:31:28","modified_gmt":"2026-02-25T10:31:28","slug":"reports","status":"publish","type":"page","link":"https:\/\/dextechmedical.com\/en\/investors\/reports\/","title":{"rendered":"Reports"},"content":{"rendered":"<div class=\"page\" title=\"Page 1\">\n<div class=\"layoutArea\">\n<div class=\"column\">\n<div class=\"page\" title=\"Page 1\">\n<div class=\"layoutArea\">\n<div class=\"layoutArea\">\n<div class=\"column\">\n<div class=\"page\" title=\"Page 1\">\n<div class=\"layoutArea\">\n<div class=\"column\">\n<div class=\"page\" title=\"Page 1\">\n<div class=\"layoutArea\">\n<div class=\"column\"><\/div>\n<\/div>\n<\/div>\n<\/div>\n<\/div>\n<\/div>\n<\/div>\n<\/div>\n<\/div>\n<\/div>\n<\/div>\n<\/div>\n<\/div>\n<div class=\"page\" title=\"Page 9\">\n<div class=\"layoutArea\">\n<div class=\"column\">\n<h2><span class=\"tlid-translation translation\" lang=\"en\"><span class=\"\" title=\"\">Financial information<\/span><\/span><\/h2>\n<\/div>\n<\/div>\n<\/div>\n<p><strong>2025-2026<\/strong><\/p>\n<p><a href=\"https:\/\/dextechmedical.com\/wp-content\/uploads\/DexTech-Half-year-report-July-December-2025.pdf\">DexTech &#8211; Half-year report July &#8211; December 2025<\/a><br \/>\n<a href=\"https:\/\/dextechmedical.com\/wp-content\/uploads\/DexTech-Interim-report-July-September-2025.pdf\">DexTech &#8211; Interim report July &#8211; September 2025<\/a><\/p>\n<p><strong>2024-2025<\/strong><br \/>\n<a href=\"https:\/\/dextechmedical.com\/wp-content\/uploads\/DexTech-Medical-AB-Annual-report-240701-250630.pdf\">DexTech Medical AB Annual report 240701-250630<\/a><br \/>\n<a href=\"https:\/\/dextechmedical.com\/wp-content\/uploads\/DexTech-Year-end-report-July-2024-June-2025.pdf\">DexTech &#8211; Year-end report July 2024 &#8211; June 2025<\/a><br \/>\n<a href=\"https:\/\/dextechmedical.com\/wp-content\/uploads\/DexTech-Interim-report-July-2024-March-2025.pdf\">DexTech &#8211; Interim report July 2024 &#8211; March 2025<\/a><br \/>\n<a href=\"https:\/\/dextechmedical.com\/wp-content\/uploads\/DexTech-Half-year-report-July-December-2024.pdf\">DexTech &#8211; Half-year report July &#8211; December 2024<\/a><br \/>\n<a href=\"https:\/\/dextechmedical.com\/wp-content\/uploads\/DexTech-Interim-report-July-September-2024.pdf\">DexTech &#8211; Interim report July &#8211; September 2024<\/a><\/p>\n<p><strong>2023-2024<\/strong><br \/>\n<a href=\"https:\/\/dextechmedical.com\/wp-content\/uploads\/Annual-report-DexTech-Medical-AB-230701-240630.pdf\">Annual report DexTech Medical AB 230701-240630<\/a><br \/>\n<a href=\"https:\/\/dextechmedical.com\/wp-content\/uploads\/DexTech-Year-end-report-July-2023-June-2024.pdf\">DexTech &#8211; Year-end report July 2023 &#8211; June 2024<\/a><br \/>\n<a href=\"https:\/\/dextechmedical.com\/wp-content\/uploads\/DexTech-Interim-report-July-2023-March-2024-1.pdf\">DexTech &#8211; Interim report July 2023 &#8211; March 2024<\/a><br \/>\n<a href=\"https:\/\/dextechmedical.com\/wp-content\/uploads\/DexTech-Half-year-report-July-December-2023-1.pdf\">DexTech &#8211; Half-year report July &#8211; December 2023<\/a><br \/>\n<a href=\"https:\/\/dextechmedical.com\/wp-content\/uploads\/Dextech-Interim-report-July-September-2023.pdf\">Dextech &#8211; Interim report July &#8211; September 2023<\/a><\/p>\n<p><strong>2022-2023<\/strong><br \/>\n<a href=\"https:\/\/dextechmedical.com\/wp-content\/uploads\/DexTech-Medical-AB-Annual-report-220701-230630.pdf\">DexTech Medical AB Annual report 220701-230630<\/a><br \/>\n<a href=\"https:\/\/dextechmedical.com\/wp-content\/uploads\/Dextech-Year-end-report-July-2022-June-2023.pdf\">Dextech &#8211; Year-end report July 2022 &#8211; June 2023<\/a><br \/>\n<a href=\"https:\/\/dextechmedical.com\/wp-content\/uploads\/Dextech-Interim-report-July-2022-March-2023.pdf\">Dextech &#8211; Interim report July 2022 &#8211; March 2023<\/a><br \/>\n<a href=\"https:\/\/dextechmedical.com\/wp-content\/uploads\/Dextech-Half-year-report-July-December-2022.pdf\">Dextech &#8211; Half-year report July &#8211; December 2022<\/a><br \/>\n<a href=\"https:\/\/dextechmedical.com\/wp-content\/uploads\/Dextech-Interim-report-July-September-2022.pdf\">Dextech &#8211; Interim report July-September 2022<\/a><\/p>\n<p><strong>2021-2022<br \/>\n<\/strong><a href=\"https:\/\/dextechmedical.com\/wp-content\/uploads\/Dextech-Medical-AB-Annual-report-210701-220630.pdf\">Dextech Medical AB Annual report 210701-220630<\/a><br \/>\n<a href=\"https:\/\/dextechmedical.com\/wp-content\/uploads\/Dextech-Year-end-report-July-2021-June-2022.pdf\">Dextech &#8211; Year-end report July 2021 &#8211; June 2022<\/a><br \/>\n<a href=\"https:\/\/dextechmedical.com\/wp-content\/uploads\/Dextech-Interim-report-July-2021-Mars-2022.pdf\">Dextech &#8211; Interim report July 2021 &#8211; Mars 2022<\/a><br \/>\n<a href=\"https:\/\/dextechmedical.com\/wp-content\/uploads\/Dextech-Half-year-report-July-2021-December-2021-3.pdf\">Dextech &#8211; Half-year report July 2021 &#8211; December 2021<\/a><br \/>\n<a href=\"https:\/\/dextechmedical.com\/wp-content\/uploads\/Dextech-Interim-report-July-2021-September-2021.pdf\">Dextech &#8211; Interim report July 2021 &#8211; September 2021<\/a><\/p>\n<p><strong>2020-2021<\/strong><br \/>\n<a href=\"https:\/\/dextechmedical.com\/wp-content\/uploads\/DexTech-Medical-AB-Annual-report-200701-210630.pdf\">DexTech Medical AB Annual report 200701-210630<\/a><br \/>\n<a href=\"https:\/\/dextechmedical.com\/wp-content\/uploads\/Dextech-Year-end-report-July-2020-June-2021.pdf\">Dextech &#8211; Year-end report July 2020 &#8211; June 2021<\/a><br \/>\n<a href=\"https:\/\/dextechmedical.com\/wp-content\/uploads\/Dextech-Interim-report-July-2020-March-2021.pdf\">Dextech &#8211; Interim report July 2020 &#8211; March 2021<\/a><br \/>\n<a href=\"https:\/\/dextechmedical.com\/wp-content\/uploads\/Dextech-Half-Year-report-July-December-2020.pdf\">Dextech &#8211; Half-Year report July-December 2020<\/a><br \/>\n<a href=\"https:\/\/dextechmedical.com\/wp-content\/uploads\/Dextech-Interim-report-Juli-September-2020.pdf\">Dextech &#8211; Interim report Juli-September 2020<\/a><\/p>\n<p><strong>2019-2020<br \/>\n<\/strong><a href=\"https:\/\/dextechmedical.com\/wp-content\/uploads\/Dextech-Annual-report-200630.pdf\">Annual report 190701-200630<\/a><br \/>\n<a href=\"https:\/\/dextechmedical.com\/wp-content\/uploads\/Dextech-Year-end-report-Juli-2019-June-2020.pdf\">Year-end report 190701-200630<\/a><br \/>\n<a href=\"https:\/\/dextechmedical.com\/wp-content\/uploads\/Dextech-Interim-Report-Juli-2019-March-2020.pdf\">Interim report 190701-200331<\/a><br \/>\n<a href=\"https:\/\/dextechmedical.com\/wp-content\/uploads\/Dextech-Half-Year-Report-July-December-2019.pdf\">Interim report 190701-191231<\/a><br \/>\n<a href=\"https:\/\/dextechmedical.com\/wp-content\/uploads\/Dextech-Interim-report-Juli-September-2019.pdf\">Interim report 190701-190930<\/a><\/p>\n<p><strong>2018-2019<br \/>\n<\/strong><a href=\"https:\/\/dextechmedical.com\/wp-content\/uploads\/Dextech-Annual-Report-180701-190630.pdf\">Annual report 180701-190630<\/a><\/p>\n<div class=\"page\" title=\"Page 1\">\n<div class=\"layoutArea\">\n<div class=\"column\">\n<p>&nbsp;<\/p>\n<\/div>\n<\/div>\n<\/div>\n","protected":false},"excerpt":{"rendered":"<p>Financial information 2025-2026 DexTech &#8211; Half-year report July &#8211; December 2025 DexTech &#8211; Interim report July &#8211; September 2025 2024-2025 DexTech Medical AB Annual report 240701-250630 DexTech &#8211; Year-end report [&hellip;]<\/p>\n","protected":false},"author":1,"featured_media":0,"parent":277,"menu_order":10,"comment_status":"closed","ping_status":"closed","template":"","meta":{"_acf_changed":false,"footnotes":""},"class_list":["post-279","page","type-page","status-publish","hentry"],"acf":[],"yoast_head":"<!-- This site is optimized with the Yoast SEO plugin v26.5 - https:\/\/yoast.com\/wordpress\/plugins\/seo\/ -->\n<title>Reports | DexTech<\/title>\n<meta name=\"description\" content=\"Financial information 2025-2026 DexTech - Half-year report July - December 2025 DexTech - Interim report July - September 2025 2024-2025 DexTech Medical\" \/>\n<meta name=\"robots\" content=\"index, follow, max-snippet:-1, max-image-preview:large, max-video-preview:-1\" \/>\n<link rel=\"canonical\" href=\"https:\/\/dextechmedical.com\/?page_id=115\" \/>\n<meta property=\"og:locale\" content=\"en_US\" \/>\n<meta property=\"og:type\" content=\"article\" \/>\n<meta property=\"og:title\" content=\"Reports | DexTech\" \/>\n<meta property=\"og:description\" content=\"Financial information 2025-2026 DexTech - Half-year report July - December 2025 DexTech - Interim report July - September 2025 2024-2025 DexTech Medical\" \/>\n<meta property=\"og:url\" content=\"https:\/\/dextechmedical.com\/?page_id=115\" \/>\n<meta property=\"og:site_name\" content=\"DexTech\" \/>\n<meta name=\"twitter:label1\" content=\"Est. reading time\" \/>\n\t<meta name=\"twitter:data1\" content=\"1 minute\" \/>\n<script type=\"application\/ld+json\" class=\"yoast-schema-graph\">{\"@context\":\"https:\/\/schema.org\",\"@graph\":[{\"@type\":\"WebPage\",\"@id\":\"https:\/\/dextechmedical.com\/?page_id=115\",\"url\":\"https:\/\/dextechmedical.com\/?page_id=115\",\"name\":\"Reports | DexTech\",\"isPartOf\":{\"@id\":\"https:\/\/dextechmedical.com\/#website\"},\"datePublished\":\"2026-02-25T11:00:32+00:00\",\"description\":\"Financial information 2025-2026 DexTech - Half-year report July - December 2025 DexTech - Interim report July - September 2025 2024-2025 DexTech Medical\",\"breadcrumb\":{\"@id\":\"https:\/\/dextechmedical.com\/?page_id=115#breadcrumb\"},\"inLanguage\":\"en-US\",\"potentialAction\":[{\"@type\":\"ReadAction\",\"target\":[\"https:\/\/dextechmedical.com\/?page_id=115\"]}]},{\"@type\":\"BreadcrumbList\",\"@id\":\"https:\/\/dextechmedical.com\/?page_id=115#breadcrumb\",\"itemListElement\":[{\"@type\":\"ListItem\",\"position\":1,\"name\":\"Home\",\"item\":\"https:\/\/dextechmedical.com\/en\/\"},{\"@type\":\"ListItem\",\"position\":2,\"name\":\"Investors\",\"item\":\"https:\/\/dextechmedical.com\/en\/investors\/\"},{\"@type\":\"ListItem\",\"position\":3,\"name\":\"Reports\"}]},{\"@type\":\"WebSite\",\"@id\":\"https:\/\/dextechmedical.com\/#website\",\"url\":\"https:\/\/dextechmedical.com\/\",\"name\":\"DexTech\",\"description\":\"Ett svenskt forskningsf\u00f6retag specialiserat p\u00e5 urologisk onkologi fr\u00e4mst prostatacancer\",\"potentialAction\":[{\"@type\":\"SearchAction\",\"target\":{\"@type\":\"EntryPoint\",\"urlTemplate\":\"https:\/\/dextechmedical.com\/?s={search_term_string}\"},\"query-input\":{\"@type\":\"PropertyValueSpecification\",\"valueRequired\":true,\"valueName\":\"search_term_string\"}}],\"inLanguage\":\"en-US\"}]}<\/script>\n<!-- \/ Yoast SEO plugin. -->","yoast_head_json":{"title":"Reports | DexTech","description":"Financial information 2025-2026 DexTech - Half-year report July - December 2025 DexTech - Interim report July - September 2025 2024-2025 DexTech Medical","robots":{"index":"index","follow":"follow","max-snippet":"max-snippet:-1","max-image-preview":"max-image-preview:large","max-video-preview":"max-video-preview:-1"},"canonical":"https:\/\/dextechmedical.com\/?page_id=115","og_locale":"en_US","og_type":"article","og_title":"Reports | DexTech","og_description":"Financial information 2025-2026 DexTech - Half-year report July - December 2025 DexTech - Interim report July - September 2025 2024-2025 DexTech Medical","og_url":"https:\/\/dextechmedical.com\/?page_id=115","og_site_name":"DexTech","twitter_misc":{"Est. reading time":"1 minute"},"schema":{"@context":"https:\/\/schema.org","@graph":[{"@type":"WebPage","@id":"https:\/\/dextechmedical.com\/?page_id=115","url":"https:\/\/dextechmedical.com\/?page_id=115","name":"Reports | DexTech","isPartOf":{"@id":"https:\/\/dextechmedical.com\/#website"},"datePublished":"2026-02-25T11:00:32+00:00","description":"Financial information 2025-2026 DexTech - Half-year report July - December 2025 DexTech - Interim report July - September 2025 2024-2025 DexTech Medical","breadcrumb":{"@id":"https:\/\/dextechmedical.com\/?page_id=115#breadcrumb"},"inLanguage":"en-US","potentialAction":[{"@type":"ReadAction","target":["https:\/\/dextechmedical.com\/?page_id=115"]}]},{"@type":"BreadcrumbList","@id":"https:\/\/dextechmedical.com\/?page_id=115#breadcrumb","itemListElement":[{"@type":"ListItem","position":1,"name":"Home","item":"https:\/\/dextechmedical.com\/en\/"},{"@type":"ListItem","position":2,"name":"Investors","item":"https:\/\/dextechmedical.com\/en\/investors\/"},{"@type":"ListItem","position":3,"name":"Reports"}]},{"@type":"WebSite","@id":"https:\/\/dextechmedical.com\/#website","url":"https:\/\/dextechmedical.com\/","name":"DexTech","description":"Ett svenskt forskningsf\u00f6retag specialiserat p\u00e5 urologisk onkologi fr\u00e4mst prostatacancer","potentialAction":[{"@type":"SearchAction","target":{"@type":"EntryPoint","urlTemplate":"https:\/\/dextechmedical.com\/?s={search_term_string}"},"query-input":{"@type":"PropertyValueSpecification","valueRequired":true,"valueName":"search_term_string"}}],"inLanguage":"en-US"}]}},"_links":{"self":[{"href":"https:\/\/dextechmedical.com\/en\/wp-json\/wp\/v2\/pages\/279","targetHints":{"allow":["GET"]}}],"collection":[{"href":"https:\/\/dextechmedical.com\/en\/wp-json\/wp\/v2\/pages"}],"about":[{"href":"https:\/\/dextechmedical.com\/en\/wp-json\/wp\/v2\/types\/page"}],"author":[{"embeddable":true,"href":"https:\/\/dextechmedical.com\/en\/wp-json\/wp\/v2\/users\/1"}],"replies":[{"embeddable":true,"href":"https:\/\/dextechmedical.com\/en\/wp-json\/wp\/v2\/comments?post=279"}],"version-history":[{"count":61,"href":"https:\/\/dextechmedical.com\/en\/wp-json\/wp\/v2\/pages\/279\/revisions"}],"predecessor-version":[{"id":2271,"href":"https:\/\/dextechmedical.com\/en\/wp-json\/wp\/v2\/pages\/279\/revisions\/2271"}],"up":[{"embeddable":true,"href":"https:\/\/dextechmedical.com\/en\/wp-json\/wp\/v2\/pages\/277"}],"wp:attachment":[{"href":"https:\/\/dextechmedical.com\/en\/wp-json\/wp\/v2\/media?parent=279"}],"curies":[{"name":"wp","href":"https:\/\/api.w.org\/{rel}","templated":true}]}}