{"id":275,"date":"2014-06-16T14:58:59","date_gmt":"2014-06-16T12:58:59","guid":{"rendered":"https:\/\/dextechmedical.com\/?page_id=275"},"modified":"2024-04-04T16:41:25","modified_gmt":"2024-04-04T14:41:25","slug":"castration-resistant-prostate-cancer-crpc","status":"publish","type":"page","link":"https:\/\/dextechmedical.com\/en\/prostate-cancer\/castration-resistant-prostate-cancer-crpc\/","title":{"rendered":"Castration-resistant prostate cancer (CRPC)"},"content":{"rendered":"<p><strong>CRPC is an incurable stage of prostate cancer in which approximately 90% develop metastases, mainly in the bones. Patients may have severe pain due to fractures, compression of the vertebrae, and other symptoms from the skeleton. In general, bone pain is the most common form of cancer-related pain and can be severe and disabling in a large proportion of patients, with a pronounced negative effect on quality of life and mobility. Experienced clinicians describe CRPC as a bone disease. Over time, existing treatment is ineffective and the patient dies from his disease. Median survival in CRPC is only about 1-2 years1.<\/strong><\/p>\n<p>Virtually all patients who die of prostate cancer, today about one in four patients, have castration-resistant disease. <strong>The main approved drugs <\/strong>for the treatment of castration-resistant prostate cancer are: docetaxel (Taxotere) and cabazitaxel (Jevtana), both of which are cytostatics, as well as abiraterone (Zytiga), enzalutamide (Xtandi) and Radium-223 (Xofigo). Abiraterone and enzalutamide are hormonally active (inhibitors\/blockers) while Radium-223 binds to areas of the skeleton where secondary tumours (metastases) are located and emits a local radioactive radiation effect. These drugs have been shown to slow down tumor disease in most patients and prolong survival by about 2.5 \u2013 5 months.<\/p>\n<p>All of them have more or less serious side effects and the patient&#8217;s individual status determines which treatment can be used. All treatment of CRPC patients aims to be disease-slowing and palliative, where the treatment can, at best, prolong the life of the patient. Each of these drugs has a relatively short duration of action, as\u00a0 the <strong>disease becomes resistant to the drugs after a limited time<\/strong> and thus needs to be replaced by one of the other drugs (Figure 7). Provided that new drugs reach the market, CRPC could \u2013 at best \u2013 become a chronic disease. <strong>There is still no cure in sight.<\/strong><\/p>\n<p><a href=\"https:\/\/dextechmedical.com\/wp-content\/uploads\/Figur-7-dt.jpg\"><img loading=\"lazy\" decoding=\"async\" class=\"alignnone size-full wp-image-1938\" src=\"https:\/\/dextechmedical.com\/wp-content\/uploads\/Figur-7-dt.jpg\" alt=\"\" width=\"604\" height=\"428\" srcset=\"https:\/\/dextechmedical.com\/wp-content\/uploads\/Figur-7-dt.jpg 604w, https:\/\/dextechmedical.com\/wp-content\/uploads\/Figur-7-dt-300x213.jpg 300w\" sizes=\"auto, (max-width: 604px) 100vw, 604px\" \/><\/a><\/p>\n<p><em>Figure 7: y-axis = PSA microg\/L, x-axis = time. The image shows a typical CRPC patient and the course of the disease. The Y-axis describes the cancer activity, PSA, in a patient where medication (blue arrows) reduces cancer activity but where the patient develops resistance to the medication after a period of time, whereupon PSA increases again. The patient is therefore given a new medicine and the cycle is repeated until no alternative medicines are available.<\/em><\/p>\n<p>Against this background, DexTech is developing <strong>a complementary rather than a competing drug<\/strong>. The CRPC market is expected to continue to grow in the future due to an increasingly aging population. There is a great need for new drugs that can prolong life while maintaining a relatively high quality of life. <strong>OsteoDex has the potential to become an additional drug that can affect the prognosis, i.e. survival time with acceptable quality of life for patients with CRPC.<\/strong><\/p>\n<p><em><sup>1<\/sup><\/em><em> Kirby, M. , Characterising the castration-resistant prostate cancer population: a systematic review, The International Journal of Clinical Practice.<\/em><\/p>\n","protected":false},"excerpt":{"rendered":"<p>CRPC is an incurable stage of prostate cancer in which approximately 90% develop metastases, mainly in the bones. Patients may have severe pain due to fractures, compression of the vertebrae, [&hellip;]<\/p>\n","protected":false},"author":1,"featured_media":0,"parent":267,"menu_order":40,"comment_status":"closed","ping_status":"closed","template":"","meta":{"_acf_changed":false,"footnotes":""},"class_list":["post-275","page","type-page","status-publish","hentry"],"acf":[],"yoast_head":"<!-- This site is optimized with the Yoast SEO plugin v26.5 - https:\/\/yoast.com\/wordpress\/plugins\/seo\/ -->\n<title>Castration-resistant prostate cancer (CRPC) | DexTech<\/title>\n<meta name=\"description\" content=\"CRPC is an incurable stage of prostate cancer in which approximately 90% develop metastases, mainly in the bones. Patients may have severe pain due to\" \/>\n<meta name=\"robots\" content=\"index, follow, max-snippet:-1, max-image-preview:large, max-video-preview:-1\" \/>\n<link rel=\"canonical\" href=\"https:\/\/dextechmedical.com\/en\/prostate-cancer\/castration-resistant-prostate-cancer-crpc\/\" \/>\n<meta property=\"og:locale\" content=\"en_US\" \/>\n<meta property=\"og:type\" content=\"article\" \/>\n<meta property=\"og:title\" content=\"Castration-resistant prostate cancer (CRPC) | DexTech\" \/>\n<meta property=\"og:description\" content=\"CRPC is an incurable stage of prostate cancer in which approximately 90% develop metastases, mainly in the bones. Patients may have severe pain due to\" \/>\n<meta property=\"og:url\" content=\"https:\/\/dextechmedical.com\/en\/prostate-cancer\/castration-resistant-prostate-cancer-crpc\/\" \/>\n<meta property=\"og:site_name\" content=\"DexTech\" \/>\n<meta property=\"article:modified_time\" content=\"2024-04-04T14:41:25+00:00\" \/>\n<meta property=\"og:image\" content=\"https:\/\/dextechmedical.com\/wp-content\/uploads\/Figur-7-dt.jpg\" \/>\n<meta name=\"twitter:label1\" content=\"Est. reading time\" \/>\n\t<meta name=\"twitter:data1\" content=\"3 minutes\" \/>\n<script type=\"application\/ld+json\" class=\"yoast-schema-graph\">{\"@context\":\"https:\/\/schema.org\",\"@graph\":[{\"@type\":\"WebPage\",\"@id\":\"https:\/\/dextechmedical.com\/en\/prostate-cancer\/castration-resistant-prostate-cancer-crpc\/\",\"url\":\"https:\/\/dextechmedical.com\/en\/prostate-cancer\/castration-resistant-prostate-cancer-crpc\/\",\"name\":\"Castration-resistant prostate cancer (CRPC) | DexTech\",\"isPartOf\":{\"@id\":\"https:\/\/dextechmedical.com\/#website\"},\"primaryImageOfPage\":{\"@id\":\"https:\/\/dextechmedical.com\/en\/prostate-cancer\/castration-resistant-prostate-cancer-crpc\/#primaryimage\"},\"image\":{\"@id\":\"https:\/\/dextechmedical.com\/en\/prostate-cancer\/castration-resistant-prostate-cancer-crpc\/#primaryimage\"},\"thumbnailUrl\":\"https:\/\/dextechmedical.com\/wp-content\/uploads\/Figur-7-dt.jpg\",\"datePublished\":\"2014-06-16T12:58:59+00:00\",\"dateModified\":\"2024-04-04T14:41:25+00:00\",\"description\":\"CRPC is an incurable stage of prostate cancer in which approximately 90% develop metastases, mainly in the bones. Patients may have severe pain due to\",\"breadcrumb\":{\"@id\":\"https:\/\/dextechmedical.com\/en\/prostate-cancer\/castration-resistant-prostate-cancer-crpc\/#breadcrumb\"},\"inLanguage\":\"en-US\",\"potentialAction\":[{\"@type\":\"ReadAction\",\"target\":[\"https:\/\/dextechmedical.com\/en\/prostate-cancer\/castration-resistant-prostate-cancer-crpc\/\"]}]},{\"@type\":\"ImageObject\",\"inLanguage\":\"en-US\",\"@id\":\"https:\/\/dextechmedical.com\/en\/prostate-cancer\/castration-resistant-prostate-cancer-crpc\/#primaryimage\",\"url\":\"https:\/\/dextechmedical.com\/wp-content\/uploads\/Figur-7-dt.jpg\",\"contentUrl\":\"https:\/\/dextechmedical.com\/wp-content\/uploads\/Figur-7-dt.jpg\"},{\"@type\":\"BreadcrumbList\",\"@id\":\"https:\/\/dextechmedical.com\/en\/prostate-cancer\/castration-resistant-prostate-cancer-crpc\/#breadcrumb\",\"itemListElement\":[{\"@type\":\"ListItem\",\"position\":1,\"name\":\"Home\",\"item\":\"https:\/\/dextechmedical.com\/en\/\"},{\"@type\":\"ListItem\",\"position\":2,\"name\":\"Prostate cancer\",\"item\":\"https:\/\/dextechmedical.com\/en\/prostate-cancer\/\"},{\"@type\":\"ListItem\",\"position\":3,\"name\":\"Castration-resistant prostate cancer (CRPC)\"}]},{\"@type\":\"WebSite\",\"@id\":\"https:\/\/dextechmedical.com\/#website\",\"url\":\"https:\/\/dextechmedical.com\/\",\"name\":\"DexTech\",\"description\":\"Ett svenskt forskningsf\u00f6retag specialiserat p\u00e5 urologisk onkologi fr\u00e4mst prostatacancer\",\"potentialAction\":[{\"@type\":\"SearchAction\",\"target\":{\"@type\":\"EntryPoint\",\"urlTemplate\":\"https:\/\/dextechmedical.com\/?s={search_term_string}\"},\"query-input\":{\"@type\":\"PropertyValueSpecification\",\"valueRequired\":true,\"valueName\":\"search_term_string\"}}],\"inLanguage\":\"en-US\"}]}<\/script>\n<!-- \/ Yoast SEO plugin. -->","yoast_head_json":{"title":"Castration-resistant prostate cancer (CRPC) | DexTech","description":"CRPC is an incurable stage of prostate cancer in which approximately 90% develop metastases, mainly in the bones. Patients may have severe pain due to","robots":{"index":"index","follow":"follow","max-snippet":"max-snippet:-1","max-image-preview":"max-image-preview:large","max-video-preview":"max-video-preview:-1"},"canonical":"https:\/\/dextechmedical.com\/en\/prostate-cancer\/castration-resistant-prostate-cancer-crpc\/","og_locale":"en_US","og_type":"article","og_title":"Castration-resistant prostate cancer (CRPC) | DexTech","og_description":"CRPC is an incurable stage of prostate cancer in which approximately 90% develop metastases, mainly in the bones. Patients may have severe pain due to","og_url":"https:\/\/dextechmedical.com\/en\/prostate-cancer\/castration-resistant-prostate-cancer-crpc\/","og_site_name":"DexTech","article_modified_time":"2024-04-04T14:41:25+00:00","og_image":[{"url":"https:\/\/dextechmedical.com\/wp-content\/uploads\/Figur-7-dt.jpg","type":"","width":"","height":""}],"twitter_misc":{"Est. reading time":"3 minutes"},"schema":{"@context":"https:\/\/schema.org","@graph":[{"@type":"WebPage","@id":"https:\/\/dextechmedical.com\/en\/prostate-cancer\/castration-resistant-prostate-cancer-crpc\/","url":"https:\/\/dextechmedical.com\/en\/prostate-cancer\/castration-resistant-prostate-cancer-crpc\/","name":"Castration-resistant prostate cancer (CRPC) | DexTech","isPartOf":{"@id":"https:\/\/dextechmedical.com\/#website"},"primaryImageOfPage":{"@id":"https:\/\/dextechmedical.com\/en\/prostate-cancer\/castration-resistant-prostate-cancer-crpc\/#primaryimage"},"image":{"@id":"https:\/\/dextechmedical.com\/en\/prostate-cancer\/castration-resistant-prostate-cancer-crpc\/#primaryimage"},"thumbnailUrl":"https:\/\/dextechmedical.com\/wp-content\/uploads\/Figur-7-dt.jpg","datePublished":"2014-06-16T12:58:59+00:00","dateModified":"2024-04-04T14:41:25+00:00","description":"CRPC is an incurable stage of prostate cancer in which approximately 90% develop metastases, mainly in the bones. Patients may have severe pain due to","breadcrumb":{"@id":"https:\/\/dextechmedical.com\/en\/prostate-cancer\/castration-resistant-prostate-cancer-crpc\/#breadcrumb"},"inLanguage":"en-US","potentialAction":[{"@type":"ReadAction","target":["https:\/\/dextechmedical.com\/en\/prostate-cancer\/castration-resistant-prostate-cancer-crpc\/"]}]},{"@type":"ImageObject","inLanguage":"en-US","@id":"https:\/\/dextechmedical.com\/en\/prostate-cancer\/castration-resistant-prostate-cancer-crpc\/#primaryimage","url":"https:\/\/dextechmedical.com\/wp-content\/uploads\/Figur-7-dt.jpg","contentUrl":"https:\/\/dextechmedical.com\/wp-content\/uploads\/Figur-7-dt.jpg"},{"@type":"BreadcrumbList","@id":"https:\/\/dextechmedical.com\/en\/prostate-cancer\/castration-resistant-prostate-cancer-crpc\/#breadcrumb","itemListElement":[{"@type":"ListItem","position":1,"name":"Home","item":"https:\/\/dextechmedical.com\/en\/"},{"@type":"ListItem","position":2,"name":"Prostate cancer","item":"https:\/\/dextechmedical.com\/en\/prostate-cancer\/"},{"@type":"ListItem","position":3,"name":"Castration-resistant prostate cancer (CRPC)"}]},{"@type":"WebSite","@id":"https:\/\/dextechmedical.com\/#website","url":"https:\/\/dextechmedical.com\/","name":"DexTech","description":"Ett svenskt forskningsf\u00f6retag specialiserat p\u00e5 urologisk onkologi fr\u00e4mst prostatacancer","potentialAction":[{"@type":"SearchAction","target":{"@type":"EntryPoint","urlTemplate":"https:\/\/dextechmedical.com\/?s={search_term_string}"},"query-input":{"@type":"PropertyValueSpecification","valueRequired":true,"valueName":"search_term_string"}}],"inLanguage":"en-US"}]}},"_links":{"self":[{"href":"https:\/\/dextechmedical.com\/en\/wp-json\/wp\/v2\/pages\/275","targetHints":{"allow":["GET"]}}],"collection":[{"href":"https:\/\/dextechmedical.com\/en\/wp-json\/wp\/v2\/pages"}],"about":[{"href":"https:\/\/dextechmedical.com\/en\/wp-json\/wp\/v2\/types\/page"}],"author":[{"embeddable":true,"href":"https:\/\/dextechmedical.com\/en\/wp-json\/wp\/v2\/users\/1"}],"replies":[{"embeddable":true,"href":"https:\/\/dextechmedical.com\/en\/wp-json\/wp\/v2\/comments?post=275"}],"version-history":[{"count":4,"href":"https:\/\/dextechmedical.com\/en\/wp-json\/wp\/v2\/pages\/275\/revisions"}],"predecessor-version":[{"id":1949,"href":"https:\/\/dextechmedical.com\/en\/wp-json\/wp\/v2\/pages\/275\/revisions\/1949"}],"up":[{"embeddable":true,"href":"https:\/\/dextechmedical.com\/en\/wp-json\/wp\/v2\/pages\/267"}],"wp:attachment":[{"href":"https:\/\/dextechmedical.com\/en\/wp-json\/wp\/v2\/media?parent=275"}],"curies":[{"name":"wp","href":"https:\/\/api.w.org\/{rel}","templated":true}]}}