{"id":269,"date":"2014-06-16T14:14:07","date_gmt":"2014-06-16T12:14:07","guid":{"rendered":"https:\/\/dextechmedical.com\/?page_id=269"},"modified":"2018-01-21T20:49:06","modified_gmt":"2018-01-21T19:49:06","slug":"symptoms-diagnosis","status":"publish","type":"page","link":"https:\/\/dextechmedical.com\/en\/prostate-cancer\/symptoms-diagnosis\/","title":{"rendered":"Symptoms and diagnosis"},"content":{"rendered":"<h2>Symptoms<\/h2>\n<p>Prostate cancer does not usually display any symptoms in its early stages. One of the main reasons for this is that the tumour usually occurs in the prostate gland&#8217;s peripheral zone, i.e. not close to the urethra. A diagnosis of prostate cancer is sometimes given for patients who actually go to their doctor because of difficulty urinating due to benign prostate enlargement. In such instances, an examination for the possible occurrence of prostate cancer is usually made, and diagnosis can thus sometimes be made retrospectively. In cases where the tumour grows to locally advanced disease, the patient can experience local symptoms such as difficulty urinating, local pain or reduced potency due to the pressure or size of a tumour on the nerves that are important to an erection. If the tumour becomes metastatic, the patient can experience pain, often localised to the skeleton, as prostate cancer has a tendency to spread there.<\/p>\n<h2>Diagnosis<\/h2>\n<p>Several procedures are involved in the diagnosis of prostate cancer. A blood test is taken to measure PSA values, and the doctor will examine the prostate with a finger via the rectum. If there is a suspicion of prostate cancer after these initial examinations, biopsies (tissue samples) are taken from the prostate via the rectum with the help of an ultrasound scan. A high PSA value can indicate prostate cancer, but also conditions such as prostatitis, benign hyperplasia or urinary tract infection. PSA values rise in line with age.<\/p>\n<p>Prostate cancer can be slow-growing, or more aggressive, rapid-growth life-threatening cancer. Current research is aimed at developing better diagnostic methods to be able to identify prostate cancer tumours that require treatment from those that can wait, with monitoring and regular check-ups of the patient. There is no general screening for prostate cancer in Sweden, but the number of PSA tests performed is high.<\/p>\n","protected":false},"excerpt":{"rendered":"<p>Symptoms Prostate cancer does not usually display any symptoms in its early stages. One of the main reasons for this is that the tumour usually occurs in the prostate gland&#8217;s [&hellip;]<\/p>\n","protected":false},"author":1,"featured_media":0,"parent":267,"menu_order":10,"comment_status":"closed","ping_status":"closed","template":"","meta":{"_acf_changed":false,"footnotes":""},"class_list":["post-269","page","type-page","status-publish","hentry"],"acf":[],"yoast_head":"<!-- This site is optimized with the Yoast SEO plugin v26.5 - https:\/\/yoast.com\/wordpress\/plugins\/seo\/ -->\n<title>Symptoms and diagnosis | DexTech<\/title>\n<meta name=\"description\" content=\"Symptoms Prostate cancer does not usually display any symptoms in its early stages. One of the main reasons for this is that the tumour usually occurs in\" \/>\n<meta name=\"robots\" content=\"index, follow, max-snippet:-1, max-image-preview:large, max-video-preview:-1\" \/>\n<link rel=\"canonical\" href=\"https:\/\/dextechmedical.com\/en\/prostate-cancer\/symptoms-diagnosis\/\" \/>\n<meta property=\"og:locale\" content=\"en_US\" \/>\n<meta property=\"og:type\" content=\"article\" \/>\n<meta property=\"og:title\" content=\"Symptoms and diagnosis | DexTech\" \/>\n<meta property=\"og:description\" content=\"Symptoms Prostate cancer does not usually display any symptoms in its early stages. One of the main reasons for this is that the tumour usually occurs in\" \/>\n<meta property=\"og:url\" content=\"https:\/\/dextechmedical.com\/en\/prostate-cancer\/symptoms-diagnosis\/\" \/>\n<meta property=\"og:site_name\" content=\"DexTech\" \/>\n<meta property=\"article:modified_time\" content=\"2018-01-21T19:49:06+00:00\" \/>\n<meta name=\"twitter:label1\" content=\"Est. reading time\" \/>\n\t<meta name=\"twitter:data1\" content=\"2 minutes\" \/>\n<script type=\"application\/ld+json\" class=\"yoast-schema-graph\">{\"@context\":\"https:\/\/schema.org\",\"@graph\":[{\"@type\":\"WebPage\",\"@id\":\"https:\/\/dextechmedical.com\/en\/prostate-cancer\/symptoms-diagnosis\/\",\"url\":\"https:\/\/dextechmedical.com\/en\/prostate-cancer\/symptoms-diagnosis\/\",\"name\":\"Symptoms and diagnosis | DexTech\",\"isPartOf\":{\"@id\":\"https:\/\/dextechmedical.com\/#website\"},\"datePublished\":\"2014-06-16T12:14:07+00:00\",\"dateModified\":\"2018-01-21T19:49:06+00:00\",\"description\":\"Symptoms Prostate cancer does not usually display any symptoms in its early stages. One of the main reasons for this is that the tumour usually occurs in\",\"breadcrumb\":{\"@id\":\"https:\/\/dextechmedical.com\/en\/prostate-cancer\/symptoms-diagnosis\/#breadcrumb\"},\"inLanguage\":\"en-US\",\"potentialAction\":[{\"@type\":\"ReadAction\",\"target\":[\"https:\/\/dextechmedical.com\/en\/prostate-cancer\/symptoms-diagnosis\/\"]}]},{\"@type\":\"BreadcrumbList\",\"@id\":\"https:\/\/dextechmedical.com\/en\/prostate-cancer\/symptoms-diagnosis\/#breadcrumb\",\"itemListElement\":[{\"@type\":\"ListItem\",\"position\":1,\"name\":\"Home\",\"item\":\"https:\/\/dextechmedical.com\/en\/\"},{\"@type\":\"ListItem\",\"position\":2,\"name\":\"Prostate cancer\",\"item\":\"https:\/\/dextechmedical.com\/en\/prostate-cancer\/\"},{\"@type\":\"ListItem\",\"position\":3,\"name\":\"Symptoms and diagnosis\"}]},{\"@type\":\"WebSite\",\"@id\":\"https:\/\/dextechmedical.com\/#website\",\"url\":\"https:\/\/dextechmedical.com\/\",\"name\":\"DexTech\",\"description\":\"Ett svenskt forskningsf\u00f6retag specialiserat p\u00e5 urologisk onkologi fr\u00e4mst prostatacancer\",\"potentialAction\":[{\"@type\":\"SearchAction\",\"target\":{\"@type\":\"EntryPoint\",\"urlTemplate\":\"https:\/\/dextechmedical.com\/?s={search_term_string}\"},\"query-input\":{\"@type\":\"PropertyValueSpecification\",\"valueRequired\":true,\"valueName\":\"search_term_string\"}}],\"inLanguage\":\"en-US\"}]}<\/script>\n<!-- \/ Yoast SEO plugin. -->","yoast_head_json":{"title":"Symptoms and diagnosis | DexTech","description":"Symptoms Prostate cancer does not usually display any symptoms in its early stages. One of the main reasons for this is that the tumour usually occurs in","robots":{"index":"index","follow":"follow","max-snippet":"max-snippet:-1","max-image-preview":"max-image-preview:large","max-video-preview":"max-video-preview:-1"},"canonical":"https:\/\/dextechmedical.com\/en\/prostate-cancer\/symptoms-diagnosis\/","og_locale":"en_US","og_type":"article","og_title":"Symptoms and diagnosis | DexTech","og_description":"Symptoms Prostate cancer does not usually display any symptoms in its early stages. One of the main reasons for this is that the tumour usually occurs in","og_url":"https:\/\/dextechmedical.com\/en\/prostate-cancer\/symptoms-diagnosis\/","og_site_name":"DexTech","article_modified_time":"2018-01-21T19:49:06+00:00","twitter_misc":{"Est. reading time":"2 minutes"},"schema":{"@context":"https:\/\/schema.org","@graph":[{"@type":"WebPage","@id":"https:\/\/dextechmedical.com\/en\/prostate-cancer\/symptoms-diagnosis\/","url":"https:\/\/dextechmedical.com\/en\/prostate-cancer\/symptoms-diagnosis\/","name":"Symptoms and diagnosis | DexTech","isPartOf":{"@id":"https:\/\/dextechmedical.com\/#website"},"datePublished":"2014-06-16T12:14:07+00:00","dateModified":"2018-01-21T19:49:06+00:00","description":"Symptoms Prostate cancer does not usually display any symptoms in its early stages. One of the main reasons for this is that the tumour usually occurs in","breadcrumb":{"@id":"https:\/\/dextechmedical.com\/en\/prostate-cancer\/symptoms-diagnosis\/#breadcrumb"},"inLanguage":"en-US","potentialAction":[{"@type":"ReadAction","target":["https:\/\/dextechmedical.com\/en\/prostate-cancer\/symptoms-diagnosis\/"]}]},{"@type":"BreadcrumbList","@id":"https:\/\/dextechmedical.com\/en\/prostate-cancer\/symptoms-diagnosis\/#breadcrumb","itemListElement":[{"@type":"ListItem","position":1,"name":"Home","item":"https:\/\/dextechmedical.com\/en\/"},{"@type":"ListItem","position":2,"name":"Prostate cancer","item":"https:\/\/dextechmedical.com\/en\/prostate-cancer\/"},{"@type":"ListItem","position":3,"name":"Symptoms and diagnosis"}]},{"@type":"WebSite","@id":"https:\/\/dextechmedical.com\/#website","url":"https:\/\/dextechmedical.com\/","name":"DexTech","description":"Ett svenskt forskningsf\u00f6retag specialiserat p\u00e5 urologisk onkologi fr\u00e4mst prostatacancer","potentialAction":[{"@type":"SearchAction","target":{"@type":"EntryPoint","urlTemplate":"https:\/\/dextechmedical.com\/?s={search_term_string}"},"query-input":{"@type":"PropertyValueSpecification","valueRequired":true,"valueName":"search_term_string"}}],"inLanguage":"en-US"}]}},"_links":{"self":[{"href":"https:\/\/dextechmedical.com\/en\/wp-json\/wp\/v2\/pages\/269","targetHints":{"allow":["GET"]}}],"collection":[{"href":"https:\/\/dextechmedical.com\/en\/wp-json\/wp\/v2\/pages"}],"about":[{"href":"https:\/\/dextechmedical.com\/en\/wp-json\/wp\/v2\/types\/page"}],"author":[{"embeddable":true,"href":"https:\/\/dextechmedical.com\/en\/wp-json\/wp\/v2\/users\/1"}],"replies":[{"embeddable":true,"href":"https:\/\/dextechmedical.com\/en\/wp-json\/wp\/v2\/comments?post=269"}],"version-history":[{"count":3,"href":"https:\/\/dextechmedical.com\/en\/wp-json\/wp\/v2\/pages\/269\/revisions"}],"predecessor-version":[{"id":769,"href":"https:\/\/dextechmedical.com\/en\/wp-json\/wp\/v2\/pages\/269\/revisions\/769"}],"up":[{"embeddable":true,"href":"https:\/\/dextechmedical.com\/en\/wp-json\/wp\/v2\/pages\/267"}],"wp:attachment":[{"href":"https:\/\/dextechmedical.com\/en\/wp-json\/wp\/v2\/media?parent=269"}],"curies":[{"name":"wp","href":"https:\/\/api.w.org\/{rel}","templated":true}]}}