{"id":265,"date":"2014-06-16T14:05:43","date_gmt":"2014-06-16T12:05:43","guid":{"rendered":"https:\/\/dextechmedical.com\/?page_id=265"},"modified":"2024-03-25T14:06:44","modified_gmt":"2024-03-25T13:06:44","slug":"scientific-reports","status":"publish","type":"page","link":"https:\/\/dextechmedical.com\/en\/clinical-research\/scientific-reports\/","title":{"rendered":"Scientific publications"},"content":{"rendered":"<p><span style=\"color: #000000;\">The research results are continuously published in related peer-reviewed international scientific journals<sup>1<\/sup>.\u00a0A Review Process serves as a quality control process before publication can be permitted. The publications disseminate information about relevant research to potential stakeholders\/licensees.<\/span><\/p>\n<ol>\n<li><span style=\"color: #000000;\"><a style=\"color: #000000;\" href=\"http:\/\/np.netpublicator.com\/netpublication\/n08729614\">The hunt for new treatments<\/a>. Holmberg A. R. Prostate Cancer report in The Times newspaper, 02 December 2008<\/span><\/li>\n<li><span style=\"color: #000000;\"><a style=\"color: #000000;\" href=\"http:\/\/np.netpublicator.com\/netpublication\/n32395664\">Bones and prostate cancer<\/a>. Holmberg A. R. Prostate Cancer report in The Times newspaper, 28 October 2009<\/span><\/li>\n<li><span style=\"color: #000000;\"><a style=\"color: #000000;\" href=\"http:\/\/www.ncbi.nlm.nih.gov\/pubmed\/11877759\">A novel somatostatin conjugate with high affinity to all five somatostatin receptor subtypes<\/a>. U. Wulbrand, M. Feldman, A. Pfestroff, H-C. Fehman, J. Du, J. Hiltunen, M. Marquez, S. Arnold R., Westlin J.E., Nilsson, and A. R. Holmberg.\u00a0Cancer. 94; 4:1293-1297. Feb 15, 2002.<\/span><\/li>\n<li><span style=\"color: #000000;\"><a style=\"color: #000000;\" href=\"http:\/\/www.ncbi.nlm.nih.gov\/pubmed\/15650261\">Phase I trial on sms-D70 somatostatin analogue in advanced prostate and renal cell cancer<\/a>. Joensuu T.K., Nilsson S, Holmberg A.R., Marquez M, Tenhunen M, Saarto T and Jeonsuu H.\u00a0Ann. N.Y. Acad Sci.1028:361-371, 2004.<\/span><\/li>\n<li><span style=\"color: #000000;\"><a style=\"color: #000000;\" href=\"http:\/\/np.netpublicator.com\/netpublication\/n99233373\">When prostate cancer becomes incurable<\/a>. Holmberg A.R. Prostate Cancer report in The Times newspaper, 26 October 2010<\/span><\/li>\n<li><span style=\"color: #000000;\"><a style=\"color: #000000;\" href=\"http:\/\/www.ncbi.nlm.nih.gov\/pubmed\/22199272\">Treatment of bone metastasis in prostate cancer: efficacy of a novel polybisphosphonate<\/a>. Daubine F, LE Bot R, M\u00e1rquez M, Nilsson S, Schr\u00f6der T, Holmberg AR. Anticancer Research 31:4141-4146, 2011.<\/span><\/li>\n<li><span style=\"color: #000000;\"><a style=\"color: #000000;\" href=\"http:\/\/www.ncbi.nlm.nih.gov\/pubmed\/17390019\">Somatostatin effects on the proteome of the LNCaP cell-line<\/a>. Zhaoxu Liu, Sofia Bengtsson, Morten Krogh, Marcela Marquez, Sten Nilsson, Peter James, Ayodele Aliaya, and Anders R. Holmberg.\u00a0Int. J. Oncology, 2007.<\/span><\/li>\n<li><span style=\"color: #000000;\"><a style=\"color: #000000;\" href=\"http:\/\/www.ncbi.nlm.nih.gov\/pubmed\/19578741\">Polymer-conjugated guanidine is a potentially useful anti-tumor agent<\/a>. Meurling L, M\u00e1rquez M, Nilsson S and Holmberg AR. Int J Oncol 35: 281-285, 2009.<\/span><\/li>\n<li><span style=\"color: #000000;\"><a style=\"color: #000000;\" href=\"http:\/\/www.ncbi.nlm.nih.gov\/pubmed\/20664925\">Development of a Novel Poly Bisphosphonate Conjugate for Treatment of Skeletal Metastasis and Osteoporosis<\/a>. Anders R. Holmberg, Ulf H. Lerner, Ayodele Alyia, Mai Al-Mohanna, Chaker Adra, Marcela Marquez, Lennart Meurling, and Sten Nilsson. Int J Oncology, 37, 563-567, 2010.<\/span><\/li>\n<li><span style=\"color: #000000;\"><a style=\"color: #000000;\" href=\"http:\/\/www.ncbi.nlm.nih.gov\/pubmed\/21818805\">Application of accelerator mass spectrometry to macromolecules: preclinical pharmacokinetic studies on a polybisphosphonate<\/a>. Mehran Salehpour, Karl H\u00e5kansson, Urban H\u00f6glund, Annika Grahn-Westin, Sten Nilsson, Marcela M\u00e1rquez, G\u00f6ran Possnert and Anders R. Holmberg. Rapid Commun. Mass Spectrom. 2453-2458, 2011.<\/span><\/li>\n<li><span style=\"color: #000000;\"><a style=\"color: #000000;\" href=\"https:\/\/ar.iiarjournals.org\/content\/36\/12\/6499.short\">Bone-targeted Novel Cytotoxic Polybisphosphonate Conjugate in Castration-resistant Prostate Cancer: A Multicenter Phase 1 Study.<\/a> Camilla Thellenberg-Karlsson, Claes Nyman, Sten Nilsson, Ren\u00e9 Blom, Marcela M\u00e1rquez, Enrique Castellanos and Anders R. Holmberg. ANTICANCER RESEARCH <em>36<\/em>: 6499-6504 (2016) doi:10.21873\/anticanres.11249<\/span><\/li>\n<li><span style=\"color: #000000;\"><a style=\"color: #000000;\" href=\"https:\/\/www.ejcancer.com\/article\/S0959-8049(22)01808-1\/pdf\">A randomised, double-blind, dose-finding, phase II multicentre study of ODX in the treatment of patients with castration-resistant prostate cancer and skeletal metastases.<\/a> Camilla Thellenberg-Karlsson, Egils Vyaters, Marju Kase, Teuvo Tammela, Kristiina Ojamaa, Ulf Norming, Claes Nyman, Sven-Olof Andersson, Oleg Hublarovs, Marcela Marquez-Holmberg, Enrique Castellanos, Anders Ull\u00e9n, Anders Holmberg, Sten Nilsson. European Journal of Cancer 181 (2023) 198e207<\/span><\/li>\n<li><span style=\"color: #000000;\"><a style=\"color: #000000;\" href=\"https:\/\/ar.iiarjournals.org\/content\/38\/3\/1531\/tab-article-info\">Synthesis and Binding of a Novel PSMA-specific Conjugate.<\/a> Anders R. Holmberg, Marcela Marquez, Lena Lennartsson, Lennart Meurling and Sten Nilsson. Anticancer Res. <em>38<\/em>: 1531-1537 (2018) doi:10.21873\/anticanres.12381<\/span><\/li>\n<\/ol>\n<hr \/>\n<p><span style=\"color: #000000;\"><em><sup>1 <\/sup><\/em><em>* so-called Peer Review, means that subject experts review the manuscript before possible approval, usually after clarification\/modification of the manuscript before publication is allowed<\/em><\/span><\/p>\n<p><span style=\"font-size: 8pt; color: #000000;\"><em>\u00a0<\/em><\/span><\/p>\n","protected":false},"excerpt":{"rendered":"<p>The research results are continuously published in related peer-reviewed international scientific journals1.\u00a0A Review Process serves as a quality control process before publication can be permitted. The publications disseminate information about [&hellip;]<\/p>\n","protected":false},"author":1,"featured_media":0,"parent":1891,"menu_order":60,"comment_status":"closed","ping_status":"closed","template":"","meta":{"_acf_changed":false,"footnotes":""},"class_list":["post-265","page","type-page","status-publish","hentry"],"acf":[],"yoast_head":"<!-- This site is optimized with the Yoast SEO plugin v26.5 - https:\/\/yoast.com\/wordpress\/plugins\/seo\/ -->\n<title>Scientific publications | DexTech<\/title>\n<meta name=\"description\" content=\"The research results are continuously published in related peer-reviewed international scientific journals1.\u00a0A Review Process serves as a quality control\" \/>\n<meta name=\"robots\" content=\"index, follow, max-snippet:-1, max-image-preview:large, max-video-preview:-1\" \/>\n<link rel=\"canonical\" href=\"https:\/\/dextechmedical.com\/en\/clinical-research\/scientific-reports\/\" \/>\n<meta property=\"og:locale\" content=\"en_US\" \/>\n<meta property=\"og:type\" content=\"article\" \/>\n<meta property=\"og:title\" content=\"Scientific publications | DexTech\" \/>\n<meta property=\"og:description\" content=\"The research results are continuously published in related peer-reviewed international scientific journals1.\u00a0A Review Process serves as a quality control\" \/>\n<meta property=\"og:url\" content=\"https:\/\/dextechmedical.com\/en\/clinical-research\/scientific-reports\/\" \/>\n<meta property=\"og:site_name\" content=\"DexTech\" \/>\n<meta property=\"article:modified_time\" content=\"2024-03-25T13:06:44+00:00\" \/>\n<meta name=\"twitter:label1\" content=\"Est. reading time\" \/>\n\t<meta name=\"twitter:data1\" content=\"3 minutes\" \/>\n<script type=\"application\/ld+json\" class=\"yoast-schema-graph\">{\"@context\":\"https:\/\/schema.org\",\"@graph\":[{\"@type\":\"WebPage\",\"@id\":\"https:\/\/dextechmedical.com\/en\/clinical-research\/scientific-reports\/\",\"url\":\"https:\/\/dextechmedical.com\/en\/clinical-research\/scientific-reports\/\",\"name\":\"Scientific publications | DexTech\",\"isPartOf\":{\"@id\":\"https:\/\/dextechmedical.com\/#website\"},\"datePublished\":\"2014-06-16T12:05:43+00:00\",\"dateModified\":\"2024-03-25T13:06:44+00:00\",\"description\":\"The research results are continuously published in related peer-reviewed international scientific journals1.\u00a0A Review Process serves as a quality control\",\"breadcrumb\":{\"@id\":\"https:\/\/dextechmedical.com\/en\/clinical-research\/scientific-reports\/#breadcrumb\"},\"inLanguage\":\"en-US\",\"potentialAction\":[{\"@type\":\"ReadAction\",\"target\":[\"https:\/\/dextechmedical.com\/en\/clinical-research\/scientific-reports\/\"]}]},{\"@type\":\"BreadcrumbList\",\"@id\":\"https:\/\/dextechmedical.com\/en\/clinical-research\/scientific-reports\/#breadcrumb\",\"itemListElement\":[{\"@type\":\"ListItem\",\"position\":1,\"name\":\"Home\",\"item\":\"https:\/\/dextechmedical.com\/en\/\"},{\"@type\":\"ListItem\",\"position\":2,\"name\":\"Clinical Research\",\"item\":\"https:\/\/dextechmedical.com\/en\/clinical-research\/\"},{\"@type\":\"ListItem\",\"position\":3,\"name\":\"Scientific publications\"}]},{\"@type\":\"WebSite\",\"@id\":\"https:\/\/dextechmedical.com\/#website\",\"url\":\"https:\/\/dextechmedical.com\/\",\"name\":\"DexTech\",\"description\":\"Ett svenskt forskningsf\u00f6retag specialiserat p\u00e5 urologisk onkologi fr\u00e4mst prostatacancer\",\"potentialAction\":[{\"@type\":\"SearchAction\",\"target\":{\"@type\":\"EntryPoint\",\"urlTemplate\":\"https:\/\/dextechmedical.com\/?s={search_term_string}\"},\"query-input\":{\"@type\":\"PropertyValueSpecification\",\"valueRequired\":true,\"valueName\":\"search_term_string\"}}],\"inLanguage\":\"en-US\"}]}<\/script>\n<!-- \/ Yoast SEO plugin. -->","yoast_head_json":{"title":"Scientific publications | DexTech","description":"The research results are continuously published in related peer-reviewed international scientific journals1.\u00a0A Review Process serves as a quality control","robots":{"index":"index","follow":"follow","max-snippet":"max-snippet:-1","max-image-preview":"max-image-preview:large","max-video-preview":"max-video-preview:-1"},"canonical":"https:\/\/dextechmedical.com\/en\/clinical-research\/scientific-reports\/","og_locale":"en_US","og_type":"article","og_title":"Scientific publications | DexTech","og_description":"The research results are continuously published in related peer-reviewed international scientific journals1.\u00a0A Review Process serves as a quality control","og_url":"https:\/\/dextechmedical.com\/en\/clinical-research\/scientific-reports\/","og_site_name":"DexTech","article_modified_time":"2024-03-25T13:06:44+00:00","twitter_misc":{"Est. reading time":"3 minutes"},"schema":{"@context":"https:\/\/schema.org","@graph":[{"@type":"WebPage","@id":"https:\/\/dextechmedical.com\/en\/clinical-research\/scientific-reports\/","url":"https:\/\/dextechmedical.com\/en\/clinical-research\/scientific-reports\/","name":"Scientific publications | DexTech","isPartOf":{"@id":"https:\/\/dextechmedical.com\/#website"},"datePublished":"2014-06-16T12:05:43+00:00","dateModified":"2024-03-25T13:06:44+00:00","description":"The research results are continuously published in related peer-reviewed international scientific journals1.\u00a0A Review Process serves as a quality control","breadcrumb":{"@id":"https:\/\/dextechmedical.com\/en\/clinical-research\/scientific-reports\/#breadcrumb"},"inLanguage":"en-US","potentialAction":[{"@type":"ReadAction","target":["https:\/\/dextechmedical.com\/en\/clinical-research\/scientific-reports\/"]}]},{"@type":"BreadcrumbList","@id":"https:\/\/dextechmedical.com\/en\/clinical-research\/scientific-reports\/#breadcrumb","itemListElement":[{"@type":"ListItem","position":1,"name":"Home","item":"https:\/\/dextechmedical.com\/en\/"},{"@type":"ListItem","position":2,"name":"Clinical Research","item":"https:\/\/dextechmedical.com\/en\/clinical-research\/"},{"@type":"ListItem","position":3,"name":"Scientific publications"}]},{"@type":"WebSite","@id":"https:\/\/dextechmedical.com\/#website","url":"https:\/\/dextechmedical.com\/","name":"DexTech","description":"Ett svenskt forskningsf\u00f6retag specialiserat p\u00e5 urologisk onkologi fr\u00e4mst prostatacancer","potentialAction":[{"@type":"SearchAction","target":{"@type":"EntryPoint","urlTemplate":"https:\/\/dextechmedical.com\/?s={search_term_string}"},"query-input":{"@type":"PropertyValueSpecification","valueRequired":true,"valueName":"search_term_string"}}],"inLanguage":"en-US"}]}},"_links":{"self":[{"href":"https:\/\/dextechmedical.com\/en\/wp-json\/wp\/v2\/pages\/265","targetHints":{"allow":["GET"]}}],"collection":[{"href":"https:\/\/dextechmedical.com\/en\/wp-json\/wp\/v2\/pages"}],"about":[{"href":"https:\/\/dextechmedical.com\/en\/wp-json\/wp\/v2\/types\/page"}],"author":[{"embeddable":true,"href":"https:\/\/dextechmedical.com\/en\/wp-json\/wp\/v2\/users\/1"}],"replies":[{"embeddable":true,"href":"https:\/\/dextechmedical.com\/en\/wp-json\/wp\/v2\/comments?post=265"}],"version-history":[{"count":6,"href":"https:\/\/dextechmedical.com\/en\/wp-json\/wp\/v2\/pages\/265\/revisions"}],"predecessor-version":[{"id":1923,"href":"https:\/\/dextechmedical.com\/en\/wp-json\/wp\/v2\/pages\/265\/revisions\/1923"}],"up":[{"embeddable":true,"href":"https:\/\/dextechmedical.com\/en\/wp-json\/wp\/v2\/pages\/1891"}],"wp:attachment":[{"href":"https:\/\/dextechmedical.com\/en\/wp-json\/wp\/v2\/media?parent=265"}],"curies":[{"name":"wp","href":"https:\/\/api.w.org\/{rel}","templated":true}]}}