{"id":263,"date":"2014-06-16T13:59:43","date_gmt":"2014-06-16T11:59:43","guid":{"rendered":"https:\/\/dextechmedical.com\/?page_id=263"},"modified":"2024-03-25T12:34:15","modified_gmt":"2024-03-25T11:34:15","slug":"patents-patent-applications","status":"publish","type":"page","link":"https:\/\/dextechmedical.com\/en\/clinical-research\/patents-patent-applications\/","title":{"rendered":"Patents and patent applications"},"content":{"rendered":"<p>DexTech&#8217;s drug candidates are protected by patents. The company&#8217;s patent applications have been handled for many years by Boco IP Oy AB, Helsinki, Finland. DexTech owns all patents\/applications since the Company was founded in 2004. Patent applications are filed in countries that constitute major markets for related pharmaceutical products. Patents usually run for 20 years, but can in some cases be extended by up to five years for pharmaceuticals. After market approval, approximately 10 years of exclusivity applies even if the patent expires earlier.<\/p>\n<p>DexTech&#8217;s patent portfolio comprises four patent families containing approved patents and patent applications that provide good protection to the Company&#8217;s drug candidates and the Company&#8217;s technology platform. The portfolio has a global geographical spread that is relevant to DexTech. The Company&#8217;s four patent families\/patent applications are strongly related and each patent family is therefore relevant for all of the Company&#8217;s drug candidates as well as for the technology platform, GuaDex. The company has supplemented the patent family with a new application (2023-10) that protects GMP, the manufacturing of OsteoDex and candidates based on the technology platform. Attached below is a patent report. In addition, the report states that patents have been granted in Israel and Canada (PSMA-Dex).<\/p>\n","protected":false},"excerpt":{"rendered":"<p>DexTech&#8217;s drug candidates are protected by patents. The company&#8217;s patent applications have been handled for many years by Boco IP Oy AB, Helsinki, Finland. DexTech owns all patents\/applications since the [&hellip;]<\/p>\n","protected":false},"author":1,"featured_media":0,"parent":1891,"menu_order":50,"comment_status":"closed","ping_status":"closed","template":"","meta":{"_acf_changed":false,"footnotes":""},"class_list":["post-263","page","type-page","status-publish","hentry"],"acf":[],"yoast_head":"<!-- This site is optimized with the Yoast SEO plugin v26.5 - https:\/\/yoast.com\/wordpress\/plugins\/seo\/ -->\n<title>Patents and patent applications | DexTech<\/title>\n<meta name=\"description\" content=\"DexTech&#039;s drug candidates are protected by patents. The company&#039;s patent applications have been handled for many years by Boco IP Oy AB, Helsinki,\" \/>\n<meta name=\"robots\" content=\"index, follow, max-snippet:-1, max-image-preview:large, max-video-preview:-1\" \/>\n<link rel=\"canonical\" href=\"https:\/\/dextechmedical.com\/en\/clinical-research\/patents-patent-applications\/\" \/>\n<meta property=\"og:locale\" content=\"en_US\" \/>\n<meta property=\"og:type\" content=\"article\" \/>\n<meta property=\"og:title\" content=\"Patents and patent applications | DexTech\" \/>\n<meta property=\"og:description\" content=\"DexTech&#039;s drug candidates are protected by patents. The company&#039;s patent applications have been handled for many years by Boco IP Oy AB, Helsinki,\" \/>\n<meta property=\"og:url\" content=\"https:\/\/dextechmedical.com\/en\/clinical-research\/patents-patent-applications\/\" \/>\n<meta property=\"og:site_name\" content=\"DexTech\" \/>\n<meta property=\"article:modified_time\" content=\"2024-03-25T11:34:15+00:00\" \/>\n<meta name=\"twitter:label1\" content=\"Est. reading time\" \/>\n\t<meta name=\"twitter:data1\" content=\"2 minutes\" \/>\n<script type=\"application\/ld+json\" class=\"yoast-schema-graph\">{\"@context\":\"https:\/\/schema.org\",\"@graph\":[{\"@type\":\"WebPage\",\"@id\":\"https:\/\/dextechmedical.com\/en\/clinical-research\/patents-patent-applications\/\",\"url\":\"https:\/\/dextechmedical.com\/en\/clinical-research\/patents-patent-applications\/\",\"name\":\"Patents and patent applications | DexTech\",\"isPartOf\":{\"@id\":\"https:\/\/dextechmedical.com\/#website\"},\"datePublished\":\"2014-06-16T11:59:43+00:00\",\"dateModified\":\"2024-03-25T11:34:15+00:00\",\"description\":\"DexTech's drug candidates are protected by patents. The company's patent applications have been handled for many years by Boco IP Oy AB, Helsinki,\",\"breadcrumb\":{\"@id\":\"https:\/\/dextechmedical.com\/en\/clinical-research\/patents-patent-applications\/#breadcrumb\"},\"inLanguage\":\"en-US\",\"potentialAction\":[{\"@type\":\"ReadAction\",\"target\":[\"https:\/\/dextechmedical.com\/en\/clinical-research\/patents-patent-applications\/\"]}]},{\"@type\":\"BreadcrumbList\",\"@id\":\"https:\/\/dextechmedical.com\/en\/clinical-research\/patents-patent-applications\/#breadcrumb\",\"itemListElement\":[{\"@type\":\"ListItem\",\"position\":1,\"name\":\"Home\",\"item\":\"https:\/\/dextechmedical.com\/en\/\"},{\"@type\":\"ListItem\",\"position\":2,\"name\":\"Clinical Research\",\"item\":\"https:\/\/dextechmedical.com\/en\/clinical-research\/\"},{\"@type\":\"ListItem\",\"position\":3,\"name\":\"Patents and patent applications\"}]},{\"@type\":\"WebSite\",\"@id\":\"https:\/\/dextechmedical.com\/#website\",\"url\":\"https:\/\/dextechmedical.com\/\",\"name\":\"DexTech\",\"description\":\"Ett svenskt forskningsf\u00f6retag specialiserat p\u00e5 urologisk onkologi fr\u00e4mst prostatacancer\",\"potentialAction\":[{\"@type\":\"SearchAction\",\"target\":{\"@type\":\"EntryPoint\",\"urlTemplate\":\"https:\/\/dextechmedical.com\/?s={search_term_string}\"},\"query-input\":{\"@type\":\"PropertyValueSpecification\",\"valueRequired\":true,\"valueName\":\"search_term_string\"}}],\"inLanguage\":\"en-US\"}]}<\/script>\n<!-- \/ Yoast SEO plugin. -->","yoast_head_json":{"title":"Patents and patent applications | DexTech","description":"DexTech's drug candidates are protected by patents. The company's patent applications have been handled for many years by Boco IP Oy AB, Helsinki,","robots":{"index":"index","follow":"follow","max-snippet":"max-snippet:-1","max-image-preview":"max-image-preview:large","max-video-preview":"max-video-preview:-1"},"canonical":"https:\/\/dextechmedical.com\/en\/clinical-research\/patents-patent-applications\/","og_locale":"en_US","og_type":"article","og_title":"Patents and patent applications | DexTech","og_description":"DexTech's drug candidates are protected by patents. The company's patent applications have been handled for many years by Boco IP Oy AB, Helsinki,","og_url":"https:\/\/dextechmedical.com\/en\/clinical-research\/patents-patent-applications\/","og_site_name":"DexTech","article_modified_time":"2024-03-25T11:34:15+00:00","twitter_misc":{"Est. reading time":"2 minutes"},"schema":{"@context":"https:\/\/schema.org","@graph":[{"@type":"WebPage","@id":"https:\/\/dextechmedical.com\/en\/clinical-research\/patents-patent-applications\/","url":"https:\/\/dextechmedical.com\/en\/clinical-research\/patents-patent-applications\/","name":"Patents and patent applications | DexTech","isPartOf":{"@id":"https:\/\/dextechmedical.com\/#website"},"datePublished":"2014-06-16T11:59:43+00:00","dateModified":"2024-03-25T11:34:15+00:00","description":"DexTech's drug candidates are protected by patents. The company's patent applications have been handled for many years by Boco IP Oy AB, Helsinki,","breadcrumb":{"@id":"https:\/\/dextechmedical.com\/en\/clinical-research\/patents-patent-applications\/#breadcrumb"},"inLanguage":"en-US","potentialAction":[{"@type":"ReadAction","target":["https:\/\/dextechmedical.com\/en\/clinical-research\/patents-patent-applications\/"]}]},{"@type":"BreadcrumbList","@id":"https:\/\/dextechmedical.com\/en\/clinical-research\/patents-patent-applications\/#breadcrumb","itemListElement":[{"@type":"ListItem","position":1,"name":"Home","item":"https:\/\/dextechmedical.com\/en\/"},{"@type":"ListItem","position":2,"name":"Clinical Research","item":"https:\/\/dextechmedical.com\/en\/clinical-research\/"},{"@type":"ListItem","position":3,"name":"Patents and patent applications"}]},{"@type":"WebSite","@id":"https:\/\/dextechmedical.com\/#website","url":"https:\/\/dextechmedical.com\/","name":"DexTech","description":"Ett svenskt forskningsf\u00f6retag specialiserat p\u00e5 urologisk onkologi fr\u00e4mst prostatacancer","potentialAction":[{"@type":"SearchAction","target":{"@type":"EntryPoint","urlTemplate":"https:\/\/dextechmedical.com\/?s={search_term_string}"},"query-input":{"@type":"PropertyValueSpecification","valueRequired":true,"valueName":"search_term_string"}}],"inLanguage":"en-US"}]}},"_links":{"self":[{"href":"https:\/\/dextechmedical.com\/en\/wp-json\/wp\/v2\/pages\/263","targetHints":{"allow":["GET"]}}],"collection":[{"href":"https:\/\/dextechmedical.com\/en\/wp-json\/wp\/v2\/pages"}],"about":[{"href":"https:\/\/dextechmedical.com\/en\/wp-json\/wp\/v2\/types\/page"}],"author":[{"embeddable":true,"href":"https:\/\/dextechmedical.com\/en\/wp-json\/wp\/v2\/users\/1"}],"replies":[{"embeddable":true,"href":"https:\/\/dextechmedical.com\/en\/wp-json\/wp\/v2\/comments?post=263"}],"version-history":[{"count":6,"href":"https:\/\/dextechmedical.com\/en\/wp-json\/wp\/v2\/pages\/263\/revisions"}],"predecessor-version":[{"id":1899,"href":"https:\/\/dextechmedical.com\/en\/wp-json\/wp\/v2\/pages\/263\/revisions\/1899"}],"up":[{"embeddable":true,"href":"https:\/\/dextechmedical.com\/en\/wp-json\/wp\/v2\/pages\/1891"}],"wp:attachment":[{"href":"https:\/\/dextechmedical.com\/en\/wp-json\/wp\/v2\/media?parent=263"}],"curies":[{"name":"wp","href":"https:\/\/api.w.org\/{rel}","templated":true}]}}