{"id":253,"date":"2014-06-16T13:38:14","date_gmt":"2014-06-16T11:38:14","guid":{"rendered":"https:\/\/dextechmedical.com\/?page_id=253"},"modified":"2024-03-25T12:38:25","modified_gmt":"2024-03-25T11:38:25","slug":"technology","status":"publish","type":"page","link":"https:\/\/dextechmedical.com\/en\/technology\/","title":{"rendered":"GuaDex \u2013 Technology platform"},"content":{"rendered":"<p>DexTech&#8217;s patented technology platform, GuaDex, is used for in-house drug development but can also be out-licensed for other specific applications. The technology platform can be likened to a &#8220;Lego box&#8221; with multiple possibilities to build new molecules.<\/p>\n<p>The platform for the development of drug candidates against cancer is based on a clinical dextran, Rheo-macrodex\u00ae. The dextranet has since been modified and developed to have two properties, it accumulates in tumor cells and kills tumor cells without harming normal cells (GuaDex). Active substances can be linked to GuaDex in which case properties can be enhanced\/changed, all depending on the application.\u00a0 The technology platform, GuaDex, is protected by its own patent and three global patents (SomaDex, OsteoDex, PSMA-Dex).<\/p>\n<p>DexTech&#8217;s research, based on the technology platform, has so far resulted in three drug candidates with indications in oncology. The development potential of the platform is significant with many business opportunities, also outside the oncology area.<\/p>\n<p>The company&#8217;s focus is on continued clinical development of OsteoDex for the treatment of cancer.<\/p>\n<p>Based on the chemistry used in the development of the platform and its applications, the Company has developed a unique GMP manufacturing process (GMP = good manufacturing practice) that can be used in the production of the candidates and that can be scaled up all the way to the material needs at phase 3. The manufacturing process is patent pending in 2023.<\/p>\n","protected":false},"excerpt":{"rendered":"<p>DexTech&#8217;s patented technology platform, GuaDex, is used for in-house drug development but can also be out-licensed for other specific applications. The technology platform can be likened to a &#8220;Lego box&#8221; [&hellip;]<\/p>\n","protected":false},"author":1,"featured_media":0,"parent":0,"menu_order":20,"comment_status":"open","ping_status":"open","template":"","meta":{"_acf_changed":false,"footnotes":""},"class_list":["post-253","page","type-page","status-publish","hentry"],"acf":[],"yoast_head":"<!-- This site is optimized with the Yoast SEO plugin v26.5 - https:\/\/yoast.com\/wordpress\/plugins\/seo\/ -->\n<title>GuaDex \u2013 Technology platform | DexTech<\/title>\n<meta name=\"description\" content=\"DexTech&#039;s patented technology platform, GuaDex, is used for in-house drug development but can also be out-licensed for other specific applications. The\" \/>\n<meta name=\"robots\" content=\"index, follow, max-snippet:-1, max-image-preview:large, max-video-preview:-1\" \/>\n<link rel=\"canonical\" href=\"https:\/\/dextechmedical.com\/en\/technology\/\" \/>\n<meta property=\"og:locale\" content=\"en_US\" \/>\n<meta property=\"og:type\" content=\"article\" \/>\n<meta property=\"og:title\" content=\"GuaDex \u2013 Technology platform | DexTech\" \/>\n<meta property=\"og:description\" content=\"DexTech&#039;s patented technology platform, GuaDex, is used for in-house drug development but can also be out-licensed for other specific applications. The\" \/>\n<meta property=\"og:url\" content=\"https:\/\/dextechmedical.com\/en\/technology\/\" \/>\n<meta property=\"og:site_name\" content=\"DexTech\" \/>\n<meta property=\"article:modified_time\" content=\"2024-03-25T11:38:25+00:00\" \/>\n<meta name=\"twitter:label1\" content=\"Est. reading time\" \/>\n\t<meta name=\"twitter:data1\" content=\"2 minutes\" \/>\n<script type=\"application\/ld+json\" class=\"yoast-schema-graph\">{\"@context\":\"https:\/\/schema.org\",\"@graph\":[{\"@type\":\"WebPage\",\"@id\":\"https:\/\/dextechmedical.com\/en\/technology\/\",\"url\":\"https:\/\/dextechmedical.com\/en\/technology\/\",\"name\":\"GuaDex \u2013 Technology platform | DexTech\",\"isPartOf\":{\"@id\":\"https:\/\/dextechmedical.com\/#website\"},\"datePublished\":\"2014-06-16T11:38:14+00:00\",\"dateModified\":\"2024-03-25T11:38:25+00:00\",\"description\":\"DexTech's patented technology platform, GuaDex, is used for in-house drug development but can also be out-licensed for other specific applications. The\",\"breadcrumb\":{\"@id\":\"https:\/\/dextechmedical.com\/en\/technology\/#breadcrumb\"},\"inLanguage\":\"en-US\",\"potentialAction\":[{\"@type\":\"ReadAction\",\"target\":[\"https:\/\/dextechmedical.com\/en\/technology\/\"]}]},{\"@type\":\"BreadcrumbList\",\"@id\":\"https:\/\/dextechmedical.com\/en\/technology\/#breadcrumb\",\"itemListElement\":[{\"@type\":\"ListItem\",\"position\":1,\"name\":\"Home\",\"item\":\"https:\/\/dextechmedical.com\/en\/\"},{\"@type\":\"ListItem\",\"position\":2,\"name\":\"GuaDex \u2013 Technology platform\"}]},{\"@type\":\"WebSite\",\"@id\":\"https:\/\/dextechmedical.com\/#website\",\"url\":\"https:\/\/dextechmedical.com\/\",\"name\":\"DexTech\",\"description\":\"Ett svenskt forskningsf\u00f6retag specialiserat p\u00e5 urologisk onkologi fr\u00e4mst prostatacancer\",\"potentialAction\":[{\"@type\":\"SearchAction\",\"target\":{\"@type\":\"EntryPoint\",\"urlTemplate\":\"https:\/\/dextechmedical.com\/?s={search_term_string}\"},\"query-input\":{\"@type\":\"PropertyValueSpecification\",\"valueRequired\":true,\"valueName\":\"search_term_string\"}}],\"inLanguage\":\"en-US\"}]}<\/script>\n<!-- \/ Yoast SEO plugin. -->","yoast_head_json":{"title":"GuaDex \u2013 Technology platform | DexTech","description":"DexTech's patented technology platform, GuaDex, is used for in-house drug development but can also be out-licensed for other specific applications. The","robots":{"index":"index","follow":"follow","max-snippet":"max-snippet:-1","max-image-preview":"max-image-preview:large","max-video-preview":"max-video-preview:-1"},"canonical":"https:\/\/dextechmedical.com\/en\/technology\/","og_locale":"en_US","og_type":"article","og_title":"GuaDex \u2013 Technology platform | DexTech","og_description":"DexTech's patented technology platform, GuaDex, is used for in-house drug development but can also be out-licensed for other specific applications. The","og_url":"https:\/\/dextechmedical.com\/en\/technology\/","og_site_name":"DexTech","article_modified_time":"2024-03-25T11:38:25+00:00","twitter_misc":{"Est. reading time":"2 minutes"},"schema":{"@context":"https:\/\/schema.org","@graph":[{"@type":"WebPage","@id":"https:\/\/dextechmedical.com\/en\/technology\/","url":"https:\/\/dextechmedical.com\/en\/technology\/","name":"GuaDex \u2013 Technology platform | DexTech","isPartOf":{"@id":"https:\/\/dextechmedical.com\/#website"},"datePublished":"2014-06-16T11:38:14+00:00","dateModified":"2024-03-25T11:38:25+00:00","description":"DexTech's patented technology platform, GuaDex, is used for in-house drug development but can also be out-licensed for other specific applications. The","breadcrumb":{"@id":"https:\/\/dextechmedical.com\/en\/technology\/#breadcrumb"},"inLanguage":"en-US","potentialAction":[{"@type":"ReadAction","target":["https:\/\/dextechmedical.com\/en\/technology\/"]}]},{"@type":"BreadcrumbList","@id":"https:\/\/dextechmedical.com\/en\/technology\/#breadcrumb","itemListElement":[{"@type":"ListItem","position":1,"name":"Home","item":"https:\/\/dextechmedical.com\/en\/"},{"@type":"ListItem","position":2,"name":"GuaDex \u2013 Technology platform"}]},{"@type":"WebSite","@id":"https:\/\/dextechmedical.com\/#website","url":"https:\/\/dextechmedical.com\/","name":"DexTech","description":"Ett svenskt forskningsf\u00f6retag specialiserat p\u00e5 urologisk onkologi fr\u00e4mst prostatacancer","potentialAction":[{"@type":"SearchAction","target":{"@type":"EntryPoint","urlTemplate":"https:\/\/dextechmedical.com\/?s={search_term_string}"},"query-input":{"@type":"PropertyValueSpecification","valueRequired":true,"valueName":"search_term_string"}}],"inLanguage":"en-US"}]}},"_links":{"self":[{"href":"https:\/\/dextechmedical.com\/en\/wp-json\/wp\/v2\/pages\/253","targetHints":{"allow":["GET"]}}],"collection":[{"href":"https:\/\/dextechmedical.com\/en\/wp-json\/wp\/v2\/pages"}],"about":[{"href":"https:\/\/dextechmedical.com\/en\/wp-json\/wp\/v2\/types\/page"}],"author":[{"embeddable":true,"href":"https:\/\/dextechmedical.com\/en\/wp-json\/wp\/v2\/users\/1"}],"replies":[{"embeddable":true,"href":"https:\/\/dextechmedical.com\/en\/wp-json\/wp\/v2\/comments?post=253"}],"version-history":[{"count":4,"href":"https:\/\/dextechmedical.com\/en\/wp-json\/wp\/v2\/pages\/253\/revisions"}],"predecessor-version":[{"id":1902,"href":"https:\/\/dextechmedical.com\/en\/wp-json\/wp\/v2\/pages\/253\/revisions\/1902"}],"wp:attachment":[{"href":"https:\/\/dextechmedical.com\/en\/wp-json\/wp\/v2\/media?parent=253"}],"curies":[{"name":"wp","href":"https:\/\/api.w.org\/{rel}","templated":true}]}}