{"id":251,"date":"2014-06-13T15:20:55","date_gmt":"2014-06-13T13:20:55","guid":{"rendered":"https:\/\/dextechmedical.com\/?page_id=251"},"modified":"2018-01-21T20:24:40","modified_gmt":"2018-01-21T19:24:40","slug":"scientific-council-network","status":"publish","type":"page","link":"https:\/\/dextechmedical.com\/en\/about-dextech\/scientific-council-network\/","title":{"rendered":"Scientific council and network"},"content":{"rendered":"<p>DexTech has a large national and international network that contributes to cost-effective research and development.<\/p>\n<h2>Scientific council<\/h2>\n<p><em>Lennart Meurling<\/em>, lecturer in organic chemistry. Meurling has over 30 years experience in senior positions within the medical industry and pharmaceutical control within healthcare. He has been a shareholder of Dextech since 2006.<\/p>\n<p><em>Marcela M\u00e1rquez<\/em>, professor in biotechnology plays an important role within basic research and quality control as well as management of the international contacts of the company. Marcela M\u00e1rquez is married to Anders R Holmberg.<\/p>\n<p><em>Ulf Lerner<\/em>, PhD, professor. Lerner is a leading specialist in bones and bone diseases (Oral Cell Biology, Ume\u00e5 University, Centre for Bone and Arthritis Research, Institute of Medicine, Gothenburg University).<\/p>\n<p><em>Meir Wilchek<\/em>, professor, Chemistry &amp; Biophysics, The Weizmann Institute of Science, Israel. Wilcheck is scientific adviser to DexTech.<\/p>\n<h2>Network and collaboration<\/h2>\n<p>In addition to an extensive network within Sweden, the company also has a wide-ranging international network, that contributes to cost-efficient research and development. Work is often performed as academic projects, such as researcher training as part of a PhD exam for students.<\/p>\n<h3>Europe<\/h3>\n<ul>\n<li>Helsinki University Hospital, Finland<\/li>\n<li>European Institute of Oncology, Milan, Italy<\/li>\n<li>Atlantic Bone Screen, Nantes, France<\/li>\n<li>\u00c5ngstr\u00f6mlab. Uppsala University, Sweden<\/li>\n<li>Pharmaplus Consultancy, The Netherlands<\/li>\n<li>University Tr\u00e1s-os-Montes och Alto Douro, Vila Real, Portugal<\/li>\n<\/ul>\n<h3>Middle East\/Asia<\/h3>\n<ul>\n<li>King Feisal Research Center, Riyadh, Saudi Arabia<\/li>\n<li>The Weizmann Institute of Science, Israel<\/li>\n<li>Shandong University Hospital, Shandong, China<\/li>\n<li>Beijing University, Beijing, China<\/li>\n<\/ul>\n<h3>North America<\/h3>\n<ul>\n<li>Memorial Sloan-Kettering Cancer Center (MSKCC), New York, USA<\/li>\n<li>UANL, Monterrey, Mexico<\/li>\n<li>UDEM\/Mougerza Hospitals, Monterrey, Mexico<\/li>\n<\/ul>\n<h3>South America<\/h3>\n<ul>\n<li>Ipiranga University Hospital, Sao Paolo, Brazil<\/li>\n<\/ul>\n","protected":false},"excerpt":{"rendered":"<p>DexTech has a large national and international network that contributes to cost-effective research and development. Scientific council Lennart Meurling, lecturer in organic chemistry. Meurling has over 30 years experience in [&hellip;]<\/p>\n","protected":false},"author":1,"featured_media":0,"parent":240,"menu_order":40,"comment_status":"closed","ping_status":"closed","template":"","meta":{"_acf_changed":false,"footnotes":""},"class_list":["post-251","page","type-page","status-publish","hentry"],"acf":[],"yoast_head":"<!-- This site is optimized with the Yoast SEO plugin v26.5 - https:\/\/yoast.com\/wordpress\/plugins\/seo\/ -->\n<title>Scientific council and network | DexTech<\/title>\n<meta name=\"description\" content=\"DexTech has a large national and international network that contributes to cost-effective research and development. Scientific council Lennart Meurling,\" \/>\n<meta name=\"robots\" content=\"index, follow, max-snippet:-1, max-image-preview:large, max-video-preview:-1\" \/>\n<link rel=\"canonical\" href=\"https:\/\/dextechmedical.com\/en\/about-dextech\/scientific-council-network\/\" \/>\n<meta property=\"og:locale\" content=\"en_US\" \/>\n<meta property=\"og:type\" content=\"article\" \/>\n<meta property=\"og:title\" content=\"Scientific council and network | DexTech\" \/>\n<meta property=\"og:description\" content=\"DexTech has a large national and international network that contributes to cost-effective research and development. Scientific council Lennart Meurling,\" \/>\n<meta property=\"og:url\" content=\"https:\/\/dextechmedical.com\/en\/about-dextech\/scientific-council-network\/\" \/>\n<meta property=\"og:site_name\" content=\"DexTech\" \/>\n<meta property=\"article:modified_time\" content=\"2018-01-21T19:24:40+00:00\" \/>\n<meta name=\"twitter:label1\" content=\"Est. reading time\" \/>\n\t<meta name=\"twitter:data1\" content=\"1 minute\" \/>\n<script type=\"application\/ld+json\" class=\"yoast-schema-graph\">{\"@context\":\"https:\/\/schema.org\",\"@graph\":[{\"@type\":\"WebPage\",\"@id\":\"https:\/\/dextechmedical.com\/en\/about-dextech\/scientific-council-network\/\",\"url\":\"https:\/\/dextechmedical.com\/en\/about-dextech\/scientific-council-network\/\",\"name\":\"Scientific council and network | DexTech\",\"isPartOf\":{\"@id\":\"https:\/\/dextechmedical.com\/#website\"},\"datePublished\":\"2014-06-13T13:20:55+00:00\",\"dateModified\":\"2018-01-21T19:24:40+00:00\",\"description\":\"DexTech has a large national and international network that contributes to cost-effective research and development. Scientific council Lennart Meurling,\",\"breadcrumb\":{\"@id\":\"https:\/\/dextechmedical.com\/en\/about-dextech\/scientific-council-network\/#breadcrumb\"},\"inLanguage\":\"en-US\",\"potentialAction\":[{\"@type\":\"ReadAction\",\"target\":[\"https:\/\/dextechmedical.com\/en\/about-dextech\/scientific-council-network\/\"]}]},{\"@type\":\"BreadcrumbList\",\"@id\":\"https:\/\/dextechmedical.com\/en\/about-dextech\/scientific-council-network\/#breadcrumb\",\"itemListElement\":[{\"@type\":\"ListItem\",\"position\":1,\"name\":\"Home\",\"item\":\"https:\/\/dextechmedical.com\/en\/\"},{\"@type\":\"ListItem\",\"position\":2,\"name\":\"About DexTech\",\"item\":\"https:\/\/dextechmedical.com\/en\/about-dextech\/\"},{\"@type\":\"ListItem\",\"position\":3,\"name\":\"Scientific council and network\"}]},{\"@type\":\"WebSite\",\"@id\":\"https:\/\/dextechmedical.com\/#website\",\"url\":\"https:\/\/dextechmedical.com\/\",\"name\":\"DexTech\",\"description\":\"Ett svenskt forskningsf\u00f6retag specialiserat p\u00e5 urologisk onkologi fr\u00e4mst prostatacancer\",\"potentialAction\":[{\"@type\":\"SearchAction\",\"target\":{\"@type\":\"EntryPoint\",\"urlTemplate\":\"https:\/\/dextechmedical.com\/?s={search_term_string}\"},\"query-input\":{\"@type\":\"PropertyValueSpecification\",\"valueRequired\":true,\"valueName\":\"search_term_string\"}}],\"inLanguage\":\"en-US\"}]}<\/script>\n<!-- \/ Yoast SEO plugin. -->","yoast_head_json":{"title":"Scientific council and network | DexTech","description":"DexTech has a large national and international network that contributes to cost-effective research and development. Scientific council Lennart Meurling,","robots":{"index":"index","follow":"follow","max-snippet":"max-snippet:-1","max-image-preview":"max-image-preview:large","max-video-preview":"max-video-preview:-1"},"canonical":"https:\/\/dextechmedical.com\/en\/about-dextech\/scientific-council-network\/","og_locale":"en_US","og_type":"article","og_title":"Scientific council and network | DexTech","og_description":"DexTech has a large national and international network that contributes to cost-effective research and development. Scientific council Lennart Meurling,","og_url":"https:\/\/dextechmedical.com\/en\/about-dextech\/scientific-council-network\/","og_site_name":"DexTech","article_modified_time":"2018-01-21T19:24:40+00:00","twitter_misc":{"Est. reading time":"1 minute"},"schema":{"@context":"https:\/\/schema.org","@graph":[{"@type":"WebPage","@id":"https:\/\/dextechmedical.com\/en\/about-dextech\/scientific-council-network\/","url":"https:\/\/dextechmedical.com\/en\/about-dextech\/scientific-council-network\/","name":"Scientific council and network | DexTech","isPartOf":{"@id":"https:\/\/dextechmedical.com\/#website"},"datePublished":"2014-06-13T13:20:55+00:00","dateModified":"2018-01-21T19:24:40+00:00","description":"DexTech has a large national and international network that contributes to cost-effective research and development. Scientific council Lennart Meurling,","breadcrumb":{"@id":"https:\/\/dextechmedical.com\/en\/about-dextech\/scientific-council-network\/#breadcrumb"},"inLanguage":"en-US","potentialAction":[{"@type":"ReadAction","target":["https:\/\/dextechmedical.com\/en\/about-dextech\/scientific-council-network\/"]}]},{"@type":"BreadcrumbList","@id":"https:\/\/dextechmedical.com\/en\/about-dextech\/scientific-council-network\/#breadcrumb","itemListElement":[{"@type":"ListItem","position":1,"name":"Home","item":"https:\/\/dextechmedical.com\/en\/"},{"@type":"ListItem","position":2,"name":"About DexTech","item":"https:\/\/dextechmedical.com\/en\/about-dextech\/"},{"@type":"ListItem","position":3,"name":"Scientific council and network"}]},{"@type":"WebSite","@id":"https:\/\/dextechmedical.com\/#website","url":"https:\/\/dextechmedical.com\/","name":"DexTech","description":"Ett svenskt forskningsf\u00f6retag specialiserat p\u00e5 urologisk onkologi fr\u00e4mst prostatacancer","potentialAction":[{"@type":"SearchAction","target":{"@type":"EntryPoint","urlTemplate":"https:\/\/dextechmedical.com\/?s={search_term_string}"},"query-input":{"@type":"PropertyValueSpecification","valueRequired":true,"valueName":"search_term_string"}}],"inLanguage":"en-US"}]}},"_links":{"self":[{"href":"https:\/\/dextechmedical.com\/en\/wp-json\/wp\/v2\/pages\/251","targetHints":{"allow":["GET"]}}],"collection":[{"href":"https:\/\/dextechmedical.com\/en\/wp-json\/wp\/v2\/pages"}],"about":[{"href":"https:\/\/dextechmedical.com\/en\/wp-json\/wp\/v2\/types\/page"}],"author":[{"embeddable":true,"href":"https:\/\/dextechmedical.com\/en\/wp-json\/wp\/v2\/users\/1"}],"replies":[{"embeddable":true,"href":"https:\/\/dextechmedical.com\/en\/wp-json\/wp\/v2\/comments?post=251"}],"version-history":[{"count":4,"href":"https:\/\/dextechmedical.com\/en\/wp-json\/wp\/v2\/pages\/251\/revisions"}],"predecessor-version":[{"id":758,"href":"https:\/\/dextechmedical.com\/en\/wp-json\/wp\/v2\/pages\/251\/revisions\/758"}],"up":[{"embeddable":true,"href":"https:\/\/dextechmedical.com\/en\/wp-json\/wp\/v2\/pages\/240"}],"wp:attachment":[{"href":"https:\/\/dextechmedical.com\/en\/wp-json\/wp\/v2\/media?parent=251"}],"curies":[{"name":"wp","href":"https:\/\/api.w.org\/{rel}","templated":true}]}}