{"id":246,"date":"2014-06-13T15:03:15","date_gmt":"2014-06-13T13:03:15","guid":{"rendered":"https:\/\/dextechmedical.com\/?page_id=246"},"modified":"2024-03-25T14:56:44","modified_gmt":"2024-03-25T13:56:44","slug":"board-directors-executive-management","status":"publish","type":"page","link":"https:\/\/dextechmedical.com\/en\/about-dextech\/board-directors-executive-management\/","title":{"rendered":"Board of directors and executive management"},"content":{"rendered":"<h2><strong>Employees<\/strong><\/h2>\n<p>DexTech&#8217;s organization is optimized based on the Company&#8217;s current needs and currently consists of one (1) full-time employee and a network of experienced advisors and consultants, who together constitute all the functions necessary to implement DexTech&#8217;s development plans. This minimizes the ongoing fixed costs and gives the Company a longer endurance than is otherwise normal. The organization is planned to be maintained at the current level for the foreseeable future. G\u00f6sta Lundgren, CFO and Head of Investor Relations, is a shareholder in DexTech and contributes to DexTech&#8217;s operations as a consultant. DexTech&#8217;s strategy is to continue to minimize administrative costs until the Company receives external revenues.<\/p>\n<h2><strong>The Board&#8217;s working methods<\/strong><\/h2>\n<ul>\n<li>All members are elected until the next Annual General Meeting. A member of the Board of Directors has the right to resign from his or her position at any time.<\/li>\n<li>The work of the Board of Directors follows the Board&#8217;s established rules of procedure. The work of the CEO is regulated by instructions for the CEO. Both rules of procedure and instructions are adopted annually by the Company&#8217;s Board of Directors.<\/li>\n<li>Matters relating to audit and remuneration issues are decided directly by the Company&#8217;s Board of Directors.<\/li>\n<li>The Company is not obliged to comply with the Swedish Code of Corporate Governance and has not voluntarily undertaken to comply with it.<\/li>\n<\/ul>\n<h2><strong>Board of Directors and Management<\/strong><\/h2>\n<hr \/>\n<p><strong>Andreas Segerros &#8211; Chairman of the Board<\/strong><\/p>\n<p>Andreas Segerros has long and solid experience with executive positions in the international pharmaceutical industry, in Europe, the US and Japan.<br \/>\n<strong>Number of options:<\/strong> 100,000 options privately<\/p>\n<hr \/>\n<p><strong>Anders R Holmberg \u2013 Founder and CEO<\/strong><\/p>\n<p>Anders R Holmberg is the founder and CEO of DexTech. Holmberg holds a PhD from Uppsala University and is a chemical engineer. Holmberg is a specialist in glycosylation chemistry and has over 30 years of experience in this field including process development. He worked at Pharmacia Corporation from 1978 to 1997. Holmberg was also Director of Development at MAP Medical Applied Products AB\/Oy, 1999-2003, and CEO of MAP AB, 2001-2003. Anders R Holmberg is behind about 50 of them. published scientific articles.<\/p>\n<p><strong>Year of birth:<\/strong> 1951<br \/>\n<strong>Position since:<\/strong> CEO since 2004-08-09<br \/>\n<strong>Number of shares:<\/strong> 1,573,227 shares privately<\/p>\n<hr \/>\n<p><strong>Svante Wadman &#8211; Member of the Board<\/strong><\/p>\n<p>Svante Wadman holds a Bachelor&#8217;s degree in Business Administration, Economics and Statistics. Wadman works as a consultant in real estate development. At the age of 33, Svante Wadman was the youngest CEO of a listed company, Fastighets AB Fortet. Wadman has also been CEO of several major real estate companies, including AB Bootes, a subsidiary of Custos, and CEO of GE Capital Real Estate, which he successfully established in the Swedish and Danish markets from 1996-2001. During 2011\/12, Svante Wadman was also CEO of HQ AB.<\/p>\n<p><strong>Year of birth:<\/strong> 1953<br \/>\n<strong>Position since:<\/strong> Board member 2006-09-02 \u2013 2013-03-12. Chairman of the Board 2013-03-31 &#8211; 2022-05-11. Thereafter Board member<br \/>\n<strong>Number of shares:<\/strong> 3,969,369 shares privately and through companies. Shareholder since 2006<\/p>\n<hr \/>\n<p><strong>Per Asplund &#8211; Member of the Board<\/strong><\/p>\n<p>Per studied at Stockholm University between 1970-1974 in business administration, economics and real estate law. Asplund has been active in the real estate industry for most of his working life. Together with a colleague since 1999, first on a consultancy basis and since 2005 as employees, he has built up Ramsbury Property AB, which is owned by Stefan Persson, Chairman of the Board and principal owner of H&amp;M, Hennes and Mauritz, into an international real estate company. The company currently has a property value of approximately SEK 20 billion and has properties in Sweden, England, Germany and France.<\/p>\n<p><strong>Year of birth:<\/strong> 1949<br \/>\n<strong>Position since:<\/strong> Board member since 2013-03-12<br \/>\n<strong>Number of shares:<\/strong> 104,633 shares privately. Shareholders since 2012<\/p>\n<hr \/>\n<p><strong>Rolf Eriksson &#8211; Member of the Board<\/strong><\/p>\n<p>Rolf Eriksson holds an LL.M. from Lund University. Eriksson has previously worked as a lawyer (at Advokatfirman Vinge AB and Advokatfirman Weste AB) and as CEO of Byggvesta AB. Eriksson has extensive experience of board work in listed and unlisted companies. He has, among other things, been a board member of MultiQ International AB, listed on NASDAQ OMX Small Cap and chairman of the board of ZetaDisplay AB, listed on NASDAQ OMX First North. Eriksson has more than 35 years of experience in Swedish and international business law.<\/p>\n<p><strong>Year of birth:<\/strong> 1952<br \/>\n<strong>Board member since:<\/strong> Board member since 2014-03-24<br \/>\n<strong>Number of shares:<\/strong> 115,000 shares privately. Shareholders since 2011<\/p>\n<hr \/>\n<p><strong>Peter Benson \u2013 Member of the Board<\/strong><\/p>\n<p>Peter Benson led the formation of Sunstone Life Science Ventures and was its Managing Partner from 2007-2019. In addition, Peter Benson has extensive experience from the Global Life Science industry as an investor, founder, board member and senior executive, including 10 listed companies. Previous positions include Head of Life Science Ventures at V\u00e6kstfonden, President Hospital Care and Senior Vice President at Pharmacia AB as well as Executive Vice President Marketing &amp; Sales at Kabi Pharmacia Parenterals.<\/p>\n<p><strong>Education: <\/strong>Graduate in business administration from Lund University. MA in Economics from the University of California, US, Diploma from IMD, Switzerland.<\/p>\n<p><strong>Year of birth:<\/strong> 1955<br \/>\n<strong>Position since:<\/strong> Board member since 2022-10-28<br \/>\n<strong>Number of options:<\/strong> 100,000 options privately<\/p>\n<hr \/>\n<p><strong>G\u00f6sta Lundgren &#8211; CFO and Head of Investor Relations<\/strong><\/p>\n<p>G\u00f6sta Lundgren is a business economist and has an LL.M. from Uppsala University. Since 1993, Lundgren has been active as a consultant through his own companies with an emphasis on consolidated financial statements, mainly for listed companies. Prior to that, he worked as CFO of Korbe Fastigheter KB, Max Matthiessen AB and as auditor of Osborne Johnson Revisionsbyr\u00e5 AB.<\/p>\n<p><strong>Year of birth:<\/strong> 1955<br \/>\n<strong>Position since:<\/strong> CFO since 2013, Head of Investor Relations since 2015<br \/>\n<strong>Number of shares:<\/strong> 1,101,341 shares privately and through companies. Shareholders since 2007<\/p>\n<hr \/>\n<h2><strong>Auditor<\/strong><\/h2>\n<p>KPMG AB<br \/>\nSvartb\u00e4cksgatan 10<br \/>\n753 20 Uppsala<\/p>\n<p><strong>Auditor in charge:<\/strong><br \/>\nPer Hammar<br \/>\nPer Hammar is an authorized public accountant.<\/p>\n<p>&nbsp;<\/p>\n","protected":false},"excerpt":{"rendered":"<p>Employees DexTech&#8217;s organization is optimized based on the Company&#8217;s current needs and currently consists of one (1) full-time employee and a network of experienced advisors and consultants, who together constitute [&hellip;]<\/p>\n","protected":false},"author":1,"featured_media":0,"parent":240,"menu_order":30,"comment_status":"closed","ping_status":"closed","template":"","meta":{"_acf_changed":false,"footnotes":""},"class_list":["post-246","page","type-page","status-publish","hentry"],"acf":[],"yoast_head":"<!-- This site is optimized with the Yoast SEO plugin v26.5 - https:\/\/yoast.com\/wordpress\/plugins\/seo\/ -->\n<title>Board of directors and executive management | DexTech<\/title>\n<meta name=\"description\" content=\"Employees DexTech&#039;s organization is optimized based on the Company&#039;s current needs and currently consists of one (1) full-time employee and a network of\" \/>\n<meta name=\"robots\" content=\"index, follow, max-snippet:-1, max-image-preview:large, max-video-preview:-1\" \/>\n<link rel=\"canonical\" href=\"https:\/\/dextechmedical.com\/en\/about-dextech\/board-directors-executive-management\/\" \/>\n<meta property=\"og:locale\" content=\"en_US\" \/>\n<meta property=\"og:type\" content=\"article\" \/>\n<meta property=\"og:title\" content=\"Board of directors and executive management | DexTech\" \/>\n<meta property=\"og:description\" content=\"Employees DexTech&#039;s organization is optimized based on the Company&#039;s current needs and currently consists of one (1) full-time employee and a network of\" \/>\n<meta property=\"og:url\" content=\"https:\/\/dextechmedical.com\/en\/about-dextech\/board-directors-executive-management\/\" \/>\n<meta property=\"og:site_name\" content=\"DexTech\" \/>\n<meta property=\"article:modified_time\" content=\"2024-03-25T13:56:44+00:00\" \/>\n<meta name=\"twitter:label1\" content=\"Est. reading time\" \/>\n\t<meta name=\"twitter:data1\" content=\"5 minutes\" \/>\n<script type=\"application\/ld+json\" class=\"yoast-schema-graph\">{\"@context\":\"https:\/\/schema.org\",\"@graph\":[{\"@type\":\"WebPage\",\"@id\":\"https:\/\/dextechmedical.com\/en\/about-dextech\/board-directors-executive-management\/\",\"url\":\"https:\/\/dextechmedical.com\/en\/about-dextech\/board-directors-executive-management\/\",\"name\":\"Board of directors and executive management | DexTech\",\"isPartOf\":{\"@id\":\"https:\/\/dextechmedical.com\/#website\"},\"datePublished\":\"2014-06-13T13:03:15+00:00\",\"dateModified\":\"2024-03-25T13:56:44+00:00\",\"description\":\"Employees DexTech's organization is optimized based on the Company's current needs and currently consists of one (1) full-time employee and a network of\",\"breadcrumb\":{\"@id\":\"https:\/\/dextechmedical.com\/en\/about-dextech\/board-directors-executive-management\/#breadcrumb\"},\"inLanguage\":\"en-US\",\"potentialAction\":[{\"@type\":\"ReadAction\",\"target\":[\"https:\/\/dextechmedical.com\/en\/about-dextech\/board-directors-executive-management\/\"]}]},{\"@type\":\"BreadcrumbList\",\"@id\":\"https:\/\/dextechmedical.com\/en\/about-dextech\/board-directors-executive-management\/#breadcrumb\",\"itemListElement\":[{\"@type\":\"ListItem\",\"position\":1,\"name\":\"Home\",\"item\":\"https:\/\/dextechmedical.com\/en\/\"},{\"@type\":\"ListItem\",\"position\":2,\"name\":\"About DexTech\",\"item\":\"https:\/\/dextechmedical.com\/en\/about-dextech\/\"},{\"@type\":\"ListItem\",\"position\":3,\"name\":\"Board of directors and executive management\"}]},{\"@type\":\"WebSite\",\"@id\":\"https:\/\/dextechmedical.com\/#website\",\"url\":\"https:\/\/dextechmedical.com\/\",\"name\":\"DexTech\",\"description\":\"Ett svenskt forskningsf\u00f6retag specialiserat p\u00e5 urologisk onkologi fr\u00e4mst prostatacancer\",\"potentialAction\":[{\"@type\":\"SearchAction\",\"target\":{\"@type\":\"EntryPoint\",\"urlTemplate\":\"https:\/\/dextechmedical.com\/?s={search_term_string}\"},\"query-input\":{\"@type\":\"PropertyValueSpecification\",\"valueRequired\":true,\"valueName\":\"search_term_string\"}}],\"inLanguage\":\"en-US\"}]}<\/script>\n<!-- \/ Yoast SEO plugin. -->","yoast_head_json":{"title":"Board of directors and executive management | DexTech","description":"Employees DexTech's organization is optimized based on the Company's current needs and currently consists of one (1) full-time employee and a network of","robots":{"index":"index","follow":"follow","max-snippet":"max-snippet:-1","max-image-preview":"max-image-preview:large","max-video-preview":"max-video-preview:-1"},"canonical":"https:\/\/dextechmedical.com\/en\/about-dextech\/board-directors-executive-management\/","og_locale":"en_US","og_type":"article","og_title":"Board of directors and executive management | DexTech","og_description":"Employees DexTech's organization is optimized based on the Company's current needs and currently consists of one (1) full-time employee and a network of","og_url":"https:\/\/dextechmedical.com\/en\/about-dextech\/board-directors-executive-management\/","og_site_name":"DexTech","article_modified_time":"2024-03-25T13:56:44+00:00","twitter_misc":{"Est. reading time":"5 minutes"},"schema":{"@context":"https:\/\/schema.org","@graph":[{"@type":"WebPage","@id":"https:\/\/dextechmedical.com\/en\/about-dextech\/board-directors-executive-management\/","url":"https:\/\/dextechmedical.com\/en\/about-dextech\/board-directors-executive-management\/","name":"Board of directors and executive management | DexTech","isPartOf":{"@id":"https:\/\/dextechmedical.com\/#website"},"datePublished":"2014-06-13T13:03:15+00:00","dateModified":"2024-03-25T13:56:44+00:00","description":"Employees DexTech's organization is optimized based on the Company's current needs and currently consists of one (1) full-time employee and a network of","breadcrumb":{"@id":"https:\/\/dextechmedical.com\/en\/about-dextech\/board-directors-executive-management\/#breadcrumb"},"inLanguage":"en-US","potentialAction":[{"@type":"ReadAction","target":["https:\/\/dextechmedical.com\/en\/about-dextech\/board-directors-executive-management\/"]}]},{"@type":"BreadcrumbList","@id":"https:\/\/dextechmedical.com\/en\/about-dextech\/board-directors-executive-management\/#breadcrumb","itemListElement":[{"@type":"ListItem","position":1,"name":"Home","item":"https:\/\/dextechmedical.com\/en\/"},{"@type":"ListItem","position":2,"name":"About DexTech","item":"https:\/\/dextechmedical.com\/en\/about-dextech\/"},{"@type":"ListItem","position":3,"name":"Board of directors and executive management"}]},{"@type":"WebSite","@id":"https:\/\/dextechmedical.com\/#website","url":"https:\/\/dextechmedical.com\/","name":"DexTech","description":"Ett svenskt forskningsf\u00f6retag specialiserat p\u00e5 urologisk onkologi fr\u00e4mst prostatacancer","potentialAction":[{"@type":"SearchAction","target":{"@type":"EntryPoint","urlTemplate":"https:\/\/dextechmedical.com\/?s={search_term_string}"},"query-input":{"@type":"PropertyValueSpecification","valueRequired":true,"valueName":"search_term_string"}}],"inLanguage":"en-US"}]}},"_links":{"self":[{"href":"https:\/\/dextechmedical.com\/en\/wp-json\/wp\/v2\/pages\/246","targetHints":{"allow":["GET"]}}],"collection":[{"href":"https:\/\/dextechmedical.com\/en\/wp-json\/wp\/v2\/pages"}],"about":[{"href":"https:\/\/dextechmedical.com\/en\/wp-json\/wp\/v2\/types\/page"}],"author":[{"embeddable":true,"href":"https:\/\/dextechmedical.com\/en\/wp-json\/wp\/v2\/users\/1"}],"replies":[{"embeddable":true,"href":"https:\/\/dextechmedical.com\/en\/wp-json\/wp\/v2\/comments?post=246"}],"version-history":[{"count":9,"href":"https:\/\/dextechmedical.com\/en\/wp-json\/wp\/v2\/pages\/246\/revisions"}],"predecessor-version":[{"id":1931,"href":"https:\/\/dextechmedical.com\/en\/wp-json\/wp\/v2\/pages\/246\/revisions\/1931"}],"up":[{"embeddable":true,"href":"https:\/\/dextechmedical.com\/en\/wp-json\/wp\/v2\/pages\/240"}],"wp:attachment":[{"href":"https:\/\/dextechmedical.com\/en\/wp-json\/wp\/v2\/media?parent=246"}],"curies":[{"name":"wp","href":"https:\/\/api.w.org\/{rel}","templated":true}]}}