{"id":244,"date":"2014-06-13T14:56:58","date_gmt":"2014-06-13T12:56:58","guid":{"rendered":"https:\/\/dextechmedical.com\/?page_id=244"},"modified":"2024-03-25T12:29:33","modified_gmt":"2024-03-25T11:29:33","slug":"business-model-goals","status":"publish","type":"page","link":"https:\/\/dextechmedical.com\/en\/about-dextech\/business-model-goals\/","title":{"rendered":"Business model and goals"},"content":{"rendered":"<p>Smaller and small biotech companies usually have a business model of out-licensing drug candidates to larger companies for further clinical development. This is usually done after clinical phase 2 but sometimes also in the preclinical phase. This is also DexTech&#8217;s business model. Such a license deal usually involves a one-time payment and thereafter compensation for achievement of development goals, so-called milestone compensation and future royalties on sales.<\/p>\n","protected":false},"excerpt":{"rendered":"<p>Smaller and small biotech companies usually have a business model of out-licensing drug candidates to larger companies for further clinical development. This is usually done after clinical phase 2 but [&hellip;]<\/p>\n","protected":false},"author":1,"featured_media":0,"parent":240,"menu_order":20,"comment_status":"closed","ping_status":"closed","template":"","meta":{"_acf_changed":false,"footnotes":""},"class_list":["post-244","page","type-page","status-publish","hentry"],"acf":[],"yoast_head":"<!-- This site is optimized with the Yoast SEO plugin v26.5 - https:\/\/yoast.com\/wordpress\/plugins\/seo\/ -->\n<title>Business model and goals | DexTech<\/title>\n<meta name=\"description\" content=\"Smaller and small biotech companies usually have a business model of out-licensing drug candidates to larger companies for further clinical development.\" \/>\n<meta name=\"robots\" content=\"index, follow, max-snippet:-1, max-image-preview:large, max-video-preview:-1\" \/>\n<link rel=\"canonical\" href=\"https:\/\/dextechmedical.com\/en\/about-dextech\/business-model-goals\/\" \/>\n<meta property=\"og:locale\" content=\"en_US\" \/>\n<meta property=\"og:type\" content=\"article\" \/>\n<meta property=\"og:title\" content=\"Business model and goals | DexTech\" \/>\n<meta property=\"og:description\" content=\"Smaller and small biotech companies usually have a business model of out-licensing drug candidates to larger companies for further clinical development.\" \/>\n<meta property=\"og:url\" content=\"https:\/\/dextechmedical.com\/en\/about-dextech\/business-model-goals\/\" \/>\n<meta property=\"og:site_name\" content=\"DexTech\" \/>\n<meta property=\"article:modified_time\" content=\"2024-03-25T11:29:33+00:00\" \/>\n<meta name=\"twitter:label1\" content=\"Est. reading time\" \/>\n\t<meta name=\"twitter:data1\" content=\"1 minute\" \/>\n<script type=\"application\/ld+json\" class=\"yoast-schema-graph\">{\"@context\":\"https:\/\/schema.org\",\"@graph\":[{\"@type\":\"WebPage\",\"@id\":\"https:\/\/dextechmedical.com\/en\/about-dextech\/business-model-goals\/\",\"url\":\"https:\/\/dextechmedical.com\/en\/about-dextech\/business-model-goals\/\",\"name\":\"Business model and goals | DexTech\",\"isPartOf\":{\"@id\":\"https:\/\/dextechmedical.com\/#website\"},\"datePublished\":\"2014-06-13T12:56:58+00:00\",\"dateModified\":\"2024-03-25T11:29:33+00:00\",\"description\":\"Smaller and small biotech companies usually have a business model of out-licensing drug candidates to larger companies for further clinical development.\",\"breadcrumb\":{\"@id\":\"https:\/\/dextechmedical.com\/en\/about-dextech\/business-model-goals\/#breadcrumb\"},\"inLanguage\":\"en-US\",\"potentialAction\":[{\"@type\":\"ReadAction\",\"target\":[\"https:\/\/dextechmedical.com\/en\/about-dextech\/business-model-goals\/\"]}]},{\"@type\":\"BreadcrumbList\",\"@id\":\"https:\/\/dextechmedical.com\/en\/about-dextech\/business-model-goals\/#breadcrumb\",\"itemListElement\":[{\"@type\":\"ListItem\",\"position\":1,\"name\":\"Home\",\"item\":\"https:\/\/dextechmedical.com\/en\/\"},{\"@type\":\"ListItem\",\"position\":2,\"name\":\"About DexTech\",\"item\":\"https:\/\/dextechmedical.com\/en\/about-dextech\/\"},{\"@type\":\"ListItem\",\"position\":3,\"name\":\"Business model and goals\"}]},{\"@type\":\"WebSite\",\"@id\":\"https:\/\/dextechmedical.com\/#website\",\"url\":\"https:\/\/dextechmedical.com\/\",\"name\":\"DexTech\",\"description\":\"Ett svenskt forskningsf\u00f6retag specialiserat p\u00e5 urologisk onkologi fr\u00e4mst prostatacancer\",\"potentialAction\":[{\"@type\":\"SearchAction\",\"target\":{\"@type\":\"EntryPoint\",\"urlTemplate\":\"https:\/\/dextechmedical.com\/?s={search_term_string}\"},\"query-input\":{\"@type\":\"PropertyValueSpecification\",\"valueRequired\":true,\"valueName\":\"search_term_string\"}}],\"inLanguage\":\"en-US\"}]}<\/script>\n<!-- \/ Yoast SEO plugin. -->","yoast_head_json":{"title":"Business model and goals | DexTech","description":"Smaller and small biotech companies usually have a business model of out-licensing drug candidates to larger companies for further clinical development.","robots":{"index":"index","follow":"follow","max-snippet":"max-snippet:-1","max-image-preview":"max-image-preview:large","max-video-preview":"max-video-preview:-1"},"canonical":"https:\/\/dextechmedical.com\/en\/about-dextech\/business-model-goals\/","og_locale":"en_US","og_type":"article","og_title":"Business model and goals | DexTech","og_description":"Smaller and small biotech companies usually have a business model of out-licensing drug candidates to larger companies for further clinical development.","og_url":"https:\/\/dextechmedical.com\/en\/about-dextech\/business-model-goals\/","og_site_name":"DexTech","article_modified_time":"2024-03-25T11:29:33+00:00","twitter_misc":{"Est. reading time":"1 minute"},"schema":{"@context":"https:\/\/schema.org","@graph":[{"@type":"WebPage","@id":"https:\/\/dextechmedical.com\/en\/about-dextech\/business-model-goals\/","url":"https:\/\/dextechmedical.com\/en\/about-dextech\/business-model-goals\/","name":"Business model and goals | DexTech","isPartOf":{"@id":"https:\/\/dextechmedical.com\/#website"},"datePublished":"2014-06-13T12:56:58+00:00","dateModified":"2024-03-25T11:29:33+00:00","description":"Smaller and small biotech companies usually have a business model of out-licensing drug candidates to larger companies for further clinical development.","breadcrumb":{"@id":"https:\/\/dextechmedical.com\/en\/about-dextech\/business-model-goals\/#breadcrumb"},"inLanguage":"en-US","potentialAction":[{"@type":"ReadAction","target":["https:\/\/dextechmedical.com\/en\/about-dextech\/business-model-goals\/"]}]},{"@type":"BreadcrumbList","@id":"https:\/\/dextechmedical.com\/en\/about-dextech\/business-model-goals\/#breadcrumb","itemListElement":[{"@type":"ListItem","position":1,"name":"Home","item":"https:\/\/dextechmedical.com\/en\/"},{"@type":"ListItem","position":2,"name":"About DexTech","item":"https:\/\/dextechmedical.com\/en\/about-dextech\/"},{"@type":"ListItem","position":3,"name":"Business model and goals"}]},{"@type":"WebSite","@id":"https:\/\/dextechmedical.com\/#website","url":"https:\/\/dextechmedical.com\/","name":"DexTech","description":"Ett svenskt forskningsf\u00f6retag specialiserat p\u00e5 urologisk onkologi fr\u00e4mst prostatacancer","potentialAction":[{"@type":"SearchAction","target":{"@type":"EntryPoint","urlTemplate":"https:\/\/dextechmedical.com\/?s={search_term_string}"},"query-input":{"@type":"PropertyValueSpecification","valueRequired":true,"valueName":"search_term_string"}}],"inLanguage":"en-US"}]}},"_links":{"self":[{"href":"https:\/\/dextechmedical.com\/en\/wp-json\/wp\/v2\/pages\/244","targetHints":{"allow":["GET"]}}],"collection":[{"href":"https:\/\/dextechmedical.com\/en\/wp-json\/wp\/v2\/pages"}],"about":[{"href":"https:\/\/dextechmedical.com\/en\/wp-json\/wp\/v2\/types\/page"}],"author":[{"embeddable":true,"href":"https:\/\/dextechmedical.com\/en\/wp-json\/wp\/v2\/users\/1"}],"replies":[{"embeddable":true,"href":"https:\/\/dextechmedical.com\/en\/wp-json\/wp\/v2\/comments?post=244"}],"version-history":[{"count":7,"href":"https:\/\/dextechmedical.com\/en\/wp-json\/wp\/v2\/pages\/244\/revisions"}],"predecessor-version":[{"id":1894,"href":"https:\/\/dextechmedical.com\/en\/wp-json\/wp\/v2\/pages\/244\/revisions\/1894"}],"up":[{"embeddable":true,"href":"https:\/\/dextechmedical.com\/en\/wp-json\/wp\/v2\/pages\/240"}],"wp:attachment":[{"href":"https:\/\/dextechmedical.com\/en\/wp-json\/wp\/v2\/media?parent=244"}],"curies":[{"name":"wp","href":"https:\/\/api.w.org\/{rel}","templated":true}]}}