{"id":235,"date":"2014-06-13T11:42:47","date_gmt":"2014-06-13T09:42:47","guid":{"rendered":"https:\/\/dextechmedical.com\/?page_id=235"},"modified":"2025-10-10T14:14:33","modified_gmt":"2025-10-10T12:14:33","slug":"home","status":"publish","type":"page","link":"https:\/\/dextechmedical.com\/en\/","title":{"rendered":"Home"},"content":{"rendered":"<p>DexTech is a Swedish research company specializing in drug development for urological oncology, primarily prostate cancer. Drug candidates are developed using CDC (carbohydrate-drug-conjugate) technology using a proprietary carbohydrate platform, GUA-Dex. The company conducts translational research and has a strong clinical foundation with specialist expertise in clinical oncology, pre-clinical research, and process development for drug manufacturing.<\/p>\n<p><a href=\"https:\/\/analystgroup.se\/bolag\/dextech-medical\/\">Read more about DexTech at Analyst Group&#8217;s website.<\/a><\/p>\n<p><a href=\"https:\/\/www.biostock.se\/en\/?s=dextech\">Read more about DexTech at BioStock&#8217;s website.<\/a><\/p>\n","protected":false},"excerpt":{"rendered":"<p>DexTech is a Swedish research company specializing in drug development for urological oncology, primarily prostate cancer. Drug candidates are developed using CDC (carbohydrate-drug-conjugate) technology using a proprietary carbohydrate platform, GUA-Dex. [&hellip;]<\/p>\n","protected":false},"author":1,"featured_media":0,"parent":0,"menu_order":0,"comment_status":"open","ping_status":"closed","template":"startsida.php","meta":{"_acf_changed":false,"footnotes":""},"class_list":["post-235","page","type-page","status-publish","hentry"],"acf":[],"yoast_head":"<!-- This site is optimized with the Yoast SEO plugin v26.5 - https:\/\/yoast.com\/wordpress\/plugins\/seo\/ -->\n<title>DexTech Medical | DexTech is a Swedish research company specialising in urological oncology, mainly within prostate cancer.<\/title>\n<meta name=\"description\" content=\"DexTech is a Swedish research company specializing in drug development for urological oncology, primarily prostate cancer. Drug candidates are developed\" \/>\n<meta name=\"robots\" content=\"index, follow, max-snippet:-1, max-image-preview:large, max-video-preview:-1\" \/>\n<link rel=\"canonical\" href=\"https:\/\/dextechmedical.com\/en\/\" \/>\n<meta property=\"og:locale\" content=\"en_US\" \/>\n<meta property=\"og:type\" content=\"article\" \/>\n<meta property=\"og:title\" content=\"DexTech Medical | DexTech is a Swedish research company specialising in urological oncology, mainly within prostate cancer.\" \/>\n<meta property=\"og:description\" content=\"DexTech is a Swedish research company specializing in drug development for urological oncology, primarily prostate cancer. Drug candidates are developed\" \/>\n<meta property=\"og:url\" content=\"https:\/\/dextechmedical.com\/en\/\" \/>\n<meta property=\"og:site_name\" content=\"DexTech\" \/>\n<meta property=\"article:modified_time\" content=\"2025-10-10T12:14:33+00:00\" \/>\n<meta name=\"twitter:label1\" content=\"Est. reading time\" \/>\n\t<meta name=\"twitter:data1\" content=\"1 minute\" \/>\n<script type=\"application\/ld+json\" class=\"yoast-schema-graph\">{\"@context\":\"https:\/\/schema.org\",\"@graph\":[{\"@type\":\"WebPage\",\"@id\":\"https:\/\/dextechmedical.com\/en\/\",\"url\":\"https:\/\/dextechmedical.com\/en\/\",\"name\":\"DexTech Medical | DexTech is a Swedish research company specialising in urological oncology, mainly within prostate cancer.\",\"isPartOf\":{\"@id\":\"https:\/\/dextechmedical.com\/#website\"},\"datePublished\":\"2014-06-13T09:42:47+00:00\",\"dateModified\":\"2025-10-10T12:14:33+00:00\",\"description\":\"DexTech is a Swedish research company specializing in drug development for urological oncology, primarily prostate cancer. Drug candidates are developed\",\"breadcrumb\":{\"@id\":\"https:\/\/dextechmedical.com\/en\/#breadcrumb\"},\"inLanguage\":\"en-US\",\"potentialAction\":[{\"@type\":\"ReadAction\",\"target\":[\"https:\/\/dextechmedical.com\/en\/\"]}]},{\"@type\":\"BreadcrumbList\",\"@id\":\"https:\/\/dextechmedical.com\/en\/#breadcrumb\",\"itemListElement\":[{\"@type\":\"ListItem\",\"position\":1,\"name\":\"Home\",\"item\":\"https:\/\/dextechmedical.com\/en\/\"},{\"@type\":\"ListItem\",\"position\":2,\"name\":\"Home\"}]},{\"@type\":\"WebSite\",\"@id\":\"https:\/\/dextechmedical.com\/#website\",\"url\":\"https:\/\/dextechmedical.com\/\",\"name\":\"DexTech\",\"description\":\"Ett svenskt forskningsf\u00f6retag specialiserat p\u00e5 urologisk onkologi fr\u00e4mst prostatacancer\",\"potentialAction\":[{\"@type\":\"SearchAction\",\"target\":{\"@type\":\"EntryPoint\",\"urlTemplate\":\"https:\/\/dextechmedical.com\/?s={search_term_string}\"},\"query-input\":{\"@type\":\"PropertyValueSpecification\",\"valueRequired\":true,\"valueName\":\"search_term_string\"}}],\"inLanguage\":\"en-US\"}]}<\/script>\n<!-- \/ Yoast SEO plugin. -->","yoast_head_json":{"title":"DexTech Medical | DexTech is a Swedish research company specialising in urological oncology, mainly within prostate cancer.","description":"DexTech is a Swedish research company specializing in drug development for urological oncology, primarily prostate cancer. Drug candidates are developed","robots":{"index":"index","follow":"follow","max-snippet":"max-snippet:-1","max-image-preview":"max-image-preview:large","max-video-preview":"max-video-preview:-1"},"canonical":"https:\/\/dextechmedical.com\/en\/","og_locale":"en_US","og_type":"article","og_title":"DexTech Medical | DexTech is a Swedish research company specialising in urological oncology, mainly within prostate cancer.","og_description":"DexTech is a Swedish research company specializing in drug development for urological oncology, primarily prostate cancer. Drug candidates are developed","og_url":"https:\/\/dextechmedical.com\/en\/","og_site_name":"DexTech","article_modified_time":"2025-10-10T12:14:33+00:00","twitter_misc":{"Est. reading time":"1 minute"},"schema":{"@context":"https:\/\/schema.org","@graph":[{"@type":"WebPage","@id":"https:\/\/dextechmedical.com\/en\/","url":"https:\/\/dextechmedical.com\/en\/","name":"DexTech Medical | DexTech is a Swedish research company specialising in urological oncology, mainly within prostate cancer.","isPartOf":{"@id":"https:\/\/dextechmedical.com\/#website"},"datePublished":"2014-06-13T09:42:47+00:00","dateModified":"2025-10-10T12:14:33+00:00","description":"DexTech is a Swedish research company specializing in drug development for urological oncology, primarily prostate cancer. Drug candidates are developed","breadcrumb":{"@id":"https:\/\/dextechmedical.com\/en\/#breadcrumb"},"inLanguage":"en-US","potentialAction":[{"@type":"ReadAction","target":["https:\/\/dextechmedical.com\/en\/"]}]},{"@type":"BreadcrumbList","@id":"https:\/\/dextechmedical.com\/en\/#breadcrumb","itemListElement":[{"@type":"ListItem","position":1,"name":"Home","item":"https:\/\/dextechmedical.com\/en\/"},{"@type":"ListItem","position":2,"name":"Home"}]},{"@type":"WebSite","@id":"https:\/\/dextechmedical.com\/#website","url":"https:\/\/dextechmedical.com\/","name":"DexTech","description":"Ett svenskt forskningsf\u00f6retag specialiserat p\u00e5 urologisk onkologi fr\u00e4mst prostatacancer","potentialAction":[{"@type":"SearchAction","target":{"@type":"EntryPoint","urlTemplate":"https:\/\/dextechmedical.com\/?s={search_term_string}"},"query-input":{"@type":"PropertyValueSpecification","valueRequired":true,"valueName":"search_term_string"}}],"inLanguage":"en-US"}]}},"_links":{"self":[{"href":"https:\/\/dextechmedical.com\/en\/wp-json\/wp\/v2\/pages\/235","targetHints":{"allow":["GET"]}}],"collection":[{"href":"https:\/\/dextechmedical.com\/en\/wp-json\/wp\/v2\/pages"}],"about":[{"href":"https:\/\/dextechmedical.com\/en\/wp-json\/wp\/v2\/types\/page"}],"author":[{"embeddable":true,"href":"https:\/\/dextechmedical.com\/en\/wp-json\/wp\/v2\/users\/1"}],"replies":[{"embeddable":true,"href":"https:\/\/dextechmedical.com\/en\/wp-json\/wp\/v2\/comments?post=235"}],"version-history":[{"count":7,"href":"https:\/\/dextechmedical.com\/en\/wp-json\/wp\/v2\/pages\/235\/revisions"}],"predecessor-version":[{"id":2174,"href":"https:\/\/dextechmedical.com\/en\/wp-json\/wp\/v2\/pages\/235\/revisions\/2174"}],"wp:attachment":[{"href":"https:\/\/dextechmedical.com\/en\/wp-json\/wp\/v2\/media?parent=235"}],"curies":[{"name":"wp","href":"https:\/\/api.w.org\/{rel}","templated":true}]}}