{"id":2186,"date":"2025-10-10T14:50:48","date_gmt":"2025-10-10T12:50:48","guid":{"rendered":"https:\/\/dextechmedical.com\/?page_id=2186"},"modified":"2025-10-10T15:07:19","modified_gmt":"2025-10-10T13:07:19","slug":"analysis","status":"publish","type":"page","link":"https:\/\/dextechmedical.com\/en\/analysis\/","title":{"rendered":"Analysis"},"content":{"rendered":"<p><a href=\"https:\/\/dextechmedical.com\/wp-content\/uploads\/Analyst-Group-DexTech-Medical-Initiation-Analysis-FINAL.pdf\">Read Analyst Group&#8217;s analysis from 2025-10-01 of DexTech here.<\/a><\/p>\n","protected":false},"excerpt":{"rendered":"<p>Read Analyst Group&#8217;s analysis from 2025-10-01 of DexTech here.<\/p>\n","protected":false},"author":2,"featured_media":0,"parent":0,"menu_order":11,"comment_status":"closed","ping_status":"closed","template":"","meta":{"_acf_changed":false,"footnotes":""},"class_list":["post-2186","page","type-page","status-publish","hentry"],"acf":[],"yoast_head":"<!-- This site is optimized with the Yoast SEO plugin v26.5 - https:\/\/yoast.com\/wordpress\/plugins\/seo\/ -->\n<title>Analysis | DexTech<\/title>\n<meta name=\"description\" content=\"Read Analyst Group&#039;s analysis from 2025-10-01 of DexTech here.\" \/>\n<meta name=\"robots\" content=\"index, follow, max-snippet:-1, max-image-preview:large, max-video-preview:-1\" \/>\n<link rel=\"canonical\" href=\"https:\/\/dextechmedical.com\/en\/analysis\/\" \/>\n<meta property=\"og:locale\" content=\"en_US\" \/>\n<meta property=\"og:type\" content=\"article\" \/>\n<meta property=\"og:title\" content=\"Analysis | DexTech\" \/>\n<meta property=\"og:description\" content=\"Read Analyst Group&#039;s analysis from 2025-10-01 of DexTech here.\" \/>\n<meta property=\"og:url\" content=\"https:\/\/dextechmedical.com\/en\/analysis\/\" \/>\n<meta property=\"og:site_name\" content=\"DexTech\" \/>\n<meta property=\"article:modified_time\" content=\"2025-10-10T13:07:19+00:00\" \/>\n<meta name=\"twitter:label1\" content=\"Est. reading time\" \/>\n\t<meta name=\"twitter:data1\" content=\"1 minute\" \/>\n<script type=\"application\/ld+json\" class=\"yoast-schema-graph\">{\"@context\":\"https:\/\/schema.org\",\"@graph\":[{\"@type\":\"WebPage\",\"@id\":\"https:\/\/dextechmedical.com\/en\/analysis\/\",\"url\":\"https:\/\/dextechmedical.com\/en\/analysis\/\",\"name\":\"Analysis | DexTech\",\"isPartOf\":{\"@id\":\"https:\/\/dextechmedical.com\/#website\"},\"datePublished\":\"2025-10-10T12:50:48+00:00\",\"dateModified\":\"2025-10-10T13:07:19+00:00\",\"description\":\"Read Analyst Group's analysis from 2025-10-01 of DexTech here.\",\"breadcrumb\":{\"@id\":\"https:\/\/dextechmedical.com\/en\/analysis\/#breadcrumb\"},\"inLanguage\":\"en-US\",\"potentialAction\":[{\"@type\":\"ReadAction\",\"target\":[\"https:\/\/dextechmedical.com\/en\/analysis\/\"]}]},{\"@type\":\"BreadcrumbList\",\"@id\":\"https:\/\/dextechmedical.com\/en\/analysis\/#breadcrumb\",\"itemListElement\":[{\"@type\":\"ListItem\",\"position\":1,\"name\":\"Home\",\"item\":\"https:\/\/dextechmedical.com\/en\/\"},{\"@type\":\"ListItem\",\"position\":2,\"name\":\"Analysis\"}]},{\"@type\":\"WebSite\",\"@id\":\"https:\/\/dextechmedical.com\/#website\",\"url\":\"https:\/\/dextechmedical.com\/\",\"name\":\"DexTech\",\"description\":\"Ett svenskt forskningsf\u00f6retag specialiserat p\u00e5 urologisk onkologi fr\u00e4mst prostatacancer\",\"potentialAction\":[{\"@type\":\"SearchAction\",\"target\":{\"@type\":\"EntryPoint\",\"urlTemplate\":\"https:\/\/dextechmedical.com\/?s={search_term_string}\"},\"query-input\":{\"@type\":\"PropertyValueSpecification\",\"valueRequired\":true,\"valueName\":\"search_term_string\"}}],\"inLanguage\":\"en-US\"}]}<\/script>\n<!-- \/ Yoast SEO plugin. -->","yoast_head_json":{"title":"Analysis | DexTech","description":"Read Analyst Group's analysis from 2025-10-01 of DexTech here.","robots":{"index":"index","follow":"follow","max-snippet":"max-snippet:-1","max-image-preview":"max-image-preview:large","max-video-preview":"max-video-preview:-1"},"canonical":"https:\/\/dextechmedical.com\/en\/analysis\/","og_locale":"en_US","og_type":"article","og_title":"Analysis | DexTech","og_description":"Read Analyst Group's analysis from 2025-10-01 of DexTech here.","og_url":"https:\/\/dextechmedical.com\/en\/analysis\/","og_site_name":"DexTech","article_modified_time":"2025-10-10T13:07:19+00:00","twitter_misc":{"Est. reading time":"1 minute"},"schema":{"@context":"https:\/\/schema.org","@graph":[{"@type":"WebPage","@id":"https:\/\/dextechmedical.com\/en\/analysis\/","url":"https:\/\/dextechmedical.com\/en\/analysis\/","name":"Analysis | DexTech","isPartOf":{"@id":"https:\/\/dextechmedical.com\/#website"},"datePublished":"2025-10-10T12:50:48+00:00","dateModified":"2025-10-10T13:07:19+00:00","description":"Read Analyst Group's analysis from 2025-10-01 of DexTech here.","breadcrumb":{"@id":"https:\/\/dextechmedical.com\/en\/analysis\/#breadcrumb"},"inLanguage":"en-US","potentialAction":[{"@type":"ReadAction","target":["https:\/\/dextechmedical.com\/en\/analysis\/"]}]},{"@type":"BreadcrumbList","@id":"https:\/\/dextechmedical.com\/en\/analysis\/#breadcrumb","itemListElement":[{"@type":"ListItem","position":1,"name":"Home","item":"https:\/\/dextechmedical.com\/en\/"},{"@type":"ListItem","position":2,"name":"Analysis"}]},{"@type":"WebSite","@id":"https:\/\/dextechmedical.com\/#website","url":"https:\/\/dextechmedical.com\/","name":"DexTech","description":"Ett svenskt forskningsf\u00f6retag specialiserat p\u00e5 urologisk onkologi fr\u00e4mst prostatacancer","potentialAction":[{"@type":"SearchAction","target":{"@type":"EntryPoint","urlTemplate":"https:\/\/dextechmedical.com\/?s={search_term_string}"},"query-input":{"@type":"PropertyValueSpecification","valueRequired":true,"valueName":"search_term_string"}}],"inLanguage":"en-US"}]}},"_links":{"self":[{"href":"https:\/\/dextechmedical.com\/en\/wp-json\/wp\/v2\/pages\/2186","targetHints":{"allow":["GET"]}}],"collection":[{"href":"https:\/\/dextechmedical.com\/en\/wp-json\/wp\/v2\/pages"}],"about":[{"href":"https:\/\/dextechmedical.com\/en\/wp-json\/wp\/v2\/types\/page"}],"author":[{"embeddable":true,"href":"https:\/\/dextechmedical.com\/en\/wp-json\/wp\/v2\/users\/2"}],"replies":[{"embeddable":true,"href":"https:\/\/dextechmedical.com\/en\/wp-json\/wp\/v2\/comments?post=2186"}],"version-history":[{"count":2,"href":"https:\/\/dextechmedical.com\/en\/wp-json\/wp\/v2\/pages\/2186\/revisions"}],"predecessor-version":[{"id":2194,"href":"https:\/\/dextechmedical.com\/en\/wp-json\/wp\/v2\/pages\/2186\/revisions\/2194"}],"wp:attachment":[{"href":"https:\/\/dextechmedical.com\/en\/wp-json\/wp\/v2\/media?parent=2186"}],"curies":[{"name":"wp","href":"https:\/\/api.w.org\/{rel}","templated":true}]}}