{"id":2066,"date":"2025-08-29T15:15:36","date_gmt":"2025-08-29T13:15:36","guid":{"rendered":"https:\/\/dextechmedical.com\/?page_id=2066"},"modified":"2025-08-29T15:16:21","modified_gmt":"2025-08-29T13:16:21","slug":"financial-calendar","status":"publish","type":"page","link":"https:\/\/dextechmedical.com\/en\/investors\/financial-calendar\/","title":{"rendered":"Financial calendar"},"content":{"rendered":"<div class=\"page\" title=\"Page 1\">\n<div class=\"layoutArea\">\n<div class=\"column\">\n<div class=\"page\" title=\"Page 1\">\n<div class=\"layoutArea\">\n<div class=\"layoutArea\">\n<div class=\"column\">\n<div class=\"page\" title=\"Page 1\">\n<div class=\"layoutArea\">\n<div class=\"column\">\n<div class=\"page\" title=\"Page 1\">\n<div class=\"layoutArea\">\n<div class=\"column\">\n<h2 class=\"p1\">Financial calendar<\/h2>\n<\/div>\n<\/div>\n<\/div>\n<\/div>\n<\/div>\n<\/div>\n<\/div>\n<\/div>\n<\/div>\n<\/div>\n<\/div>\n<\/div>\n<\/div>\n<table width=\"367\">\n<tbody>\n<tr>\n<td>\n<div class=\"page\" title=\"Page 9\">\n<div class=\"layoutArea\">\n<div class=\"column\">\n<p class=\"p1\">Annual report*<\/p>\n<\/div>\n<\/div>\n<\/div>\n<\/td>\n<td>\n<div class=\"page\" title=\"Page 9\">\n<div class=\"layoutArea\">\n<div class=\"column\">\n<p class=\"p1\">19 September 2025<\/p>\n<\/div>\n<\/div>\n<\/div>\n<\/td>\n<\/tr>\n<tr>\n<td>\n<div class=\"page\" title=\"Page 9\">\n<div class=\"layoutArea\">\n<div class=\"column\">\n<p class=\"p1\">Q1 report 2025\/2026<\/p>\n<\/div>\n<\/div>\n<\/div>\n<\/td>\n<td>\n<div class=\"page\" title=\"Page 9\">\n<div class=\"layoutArea\">\n<div class=\"column\">\n<p class=\"p1\">November 3, 2025<\/p>\n<\/div>\n<\/div>\n<\/div>\n<\/td>\n<\/tr>\n<tr>\n<td>\n<div class=\"page\" title=\"Page 9\">\n<div class=\"layoutArea\">\n<div class=\"column\">\n<p class=\"p1\">Agm**<\/p>\n<\/div>\n<\/div>\n<\/div>\n<\/td>\n<td>\n<div class=\"page\" title=\"Page 9\">\n<div class=\"layoutArea\">\n<div class=\"column\">\n<p class=\"p1\">November 4, 2025<\/p>\n<\/div>\n<\/div>\n<\/div>\n<\/td>\n<\/tr>\n<tr>\n<td>\n<div class=\"page\" title=\"Page 9\">\n<div class=\"layoutArea\">\n<div class=\"column\">\n<p class=\"p1\">Half-year report 2025\/2026<\/p>\n<\/div>\n<\/div>\n<\/div>\n<\/td>\n<td>\n<div class=\"page\" title=\"Page 9\">\n<div class=\"layoutArea\">\n<div class=\"column\">\n<p class=\"p1\">February 25, 2026<\/p>\n<\/div>\n<\/div>\n<\/div>\n<\/td>\n<\/tr>\n<tr>\n<td>\n<div class=\"page\" title=\"Page 9\">\n<div class=\"layoutArea\">\n<div class=\"column\">\n<p class=\"p1\">Q3 report 2025\/2026<\/p>\n<\/div>\n<\/div>\n<\/div>\n<\/td>\n<td>\n<div class=\"page\" title=\"Page 9\">\n<div class=\"layoutArea\">\n<div class=\"column\">\n<p class=\"p1\">5 May 2026<\/p>\n<\/div>\n<\/div>\n<\/div>\n<\/td>\n<\/tr>\n<tr>\n<td>\n<div class=\"page\" title=\"Page 9\">\n<div class=\"layoutArea\">\n<div class=\"column\">\n<p class=\"p1\">Year-end report 2025\/2026<\/p>\n<\/div>\n<\/div>\n<\/div>\n<\/td>\n<td>\n<div class=\"page\" title=\"Page 9\">\n<div class=\"layoutArea\">\n<div class=\"column\">\n<p class=\"p1\">August 31, 2026<\/p>\n<\/div>\n<\/div>\n<\/div>\n<\/td>\n<\/tr>\n<\/tbody>\n<\/table>\n<p class=\"p1\">* The Annual Report will be available on the Company&#8217;s website www.dextechmedical.com 19 September 2025.<\/p>\n<p class=\"p1\">** The Annual General Meeting will be held in Stockholm on November 4, 2025.<\/p>\n","protected":false},"excerpt":{"rendered":"<p>Financial calendar Annual report* 19 September 2025 Q1 report 2025\/2026 November 3, 2025 Agm** November 4, 2025 Half-year report 2025\/2026 February 25, 2026 Q3 report 2025\/2026 5 May 2026 Year-end [&hellip;]<\/p>\n","protected":false},"author":2,"featured_media":0,"parent":277,"menu_order":11,"comment_status":"closed","ping_status":"closed","template":"","meta":{"_acf_changed":false,"footnotes":""},"class_list":["post-2066","page","type-page","status-publish","hentry"],"acf":[],"yoast_head":"<!-- This site is optimized with the Yoast SEO plugin v26.5 - https:\/\/yoast.com\/wordpress\/plugins\/seo\/ -->\n<title>Financial calendar | DexTech<\/title>\n<meta name=\"description\" content=\"Financial calendar Annual report* 19 September 2025 Q1 report 2025\/2026 November 3, 2025 Agm** November 4, 2025 Half-year report 2025\/2026 February 25,\" \/>\n<meta name=\"robots\" content=\"index, follow, max-snippet:-1, max-image-preview:large, max-video-preview:-1\" \/>\n<link rel=\"canonical\" href=\"https:\/\/dextechmedical.com\/en\/investors\/financial-calendar\/\" \/>\n<meta property=\"og:locale\" content=\"en_US\" \/>\n<meta property=\"og:type\" content=\"article\" \/>\n<meta property=\"og:title\" content=\"Financial calendar | DexTech\" \/>\n<meta property=\"og:description\" content=\"Financial calendar Annual report* 19 September 2025 Q1 report 2025\/2026 November 3, 2025 Agm** November 4, 2025 Half-year report 2025\/2026 February 25,\" \/>\n<meta property=\"og:url\" content=\"https:\/\/dextechmedical.com\/en\/investors\/financial-calendar\/\" \/>\n<meta property=\"og:site_name\" content=\"DexTech\" \/>\n<meta property=\"article:modified_time\" content=\"2025-08-29T13:16:21+00:00\" \/>\n<meta name=\"twitter:label1\" content=\"Est. reading time\" \/>\n\t<meta name=\"twitter:data1\" content=\"1 minute\" \/>\n<script type=\"application\/ld+json\" class=\"yoast-schema-graph\">{\"@context\":\"https:\/\/schema.org\",\"@graph\":[{\"@type\":\"WebPage\",\"@id\":\"https:\/\/dextechmedical.com\/en\/investors\/financial-calendar\/\",\"url\":\"https:\/\/dextechmedical.com\/en\/investors\/financial-calendar\/\",\"name\":\"Financial calendar | DexTech\",\"isPartOf\":{\"@id\":\"https:\/\/dextechmedical.com\/#website\"},\"datePublished\":\"2025-08-29T13:15:36+00:00\",\"dateModified\":\"2025-08-29T13:16:21+00:00\",\"description\":\"Financial calendar Annual report* 19 September 2025 Q1 report 2025\/2026 November 3, 2025 Agm** November 4, 2025 Half-year report 2025\/2026 February 25,\",\"breadcrumb\":{\"@id\":\"https:\/\/dextechmedical.com\/en\/investors\/financial-calendar\/#breadcrumb\"},\"inLanguage\":\"en-US\",\"potentialAction\":[{\"@type\":\"ReadAction\",\"target\":[\"https:\/\/dextechmedical.com\/en\/investors\/financial-calendar\/\"]}]},{\"@type\":\"BreadcrumbList\",\"@id\":\"https:\/\/dextechmedical.com\/en\/investors\/financial-calendar\/#breadcrumb\",\"itemListElement\":[{\"@type\":\"ListItem\",\"position\":1,\"name\":\"Home\",\"item\":\"https:\/\/dextechmedical.com\/en\/\"},{\"@type\":\"ListItem\",\"position\":2,\"name\":\"Investors\",\"item\":\"https:\/\/dextechmedical.com\/en\/investors\/\"},{\"@type\":\"ListItem\",\"position\":3,\"name\":\"Financial calendar\"}]},{\"@type\":\"WebSite\",\"@id\":\"https:\/\/dextechmedical.com\/#website\",\"url\":\"https:\/\/dextechmedical.com\/\",\"name\":\"DexTech\",\"description\":\"Ett svenskt forskningsf\u00f6retag specialiserat p\u00e5 urologisk onkologi fr\u00e4mst prostatacancer\",\"potentialAction\":[{\"@type\":\"SearchAction\",\"target\":{\"@type\":\"EntryPoint\",\"urlTemplate\":\"https:\/\/dextechmedical.com\/?s={search_term_string}\"},\"query-input\":{\"@type\":\"PropertyValueSpecification\",\"valueRequired\":true,\"valueName\":\"search_term_string\"}}],\"inLanguage\":\"en-US\"}]}<\/script>\n<!-- \/ Yoast SEO plugin. -->","yoast_head_json":{"title":"Financial calendar | DexTech","description":"Financial calendar Annual report* 19 September 2025 Q1 report 2025\/2026 November 3, 2025 Agm** November 4, 2025 Half-year report 2025\/2026 February 25,","robots":{"index":"index","follow":"follow","max-snippet":"max-snippet:-1","max-image-preview":"max-image-preview:large","max-video-preview":"max-video-preview:-1"},"canonical":"https:\/\/dextechmedical.com\/en\/investors\/financial-calendar\/","og_locale":"en_US","og_type":"article","og_title":"Financial calendar | DexTech","og_description":"Financial calendar Annual report* 19 September 2025 Q1 report 2025\/2026 November 3, 2025 Agm** November 4, 2025 Half-year report 2025\/2026 February 25,","og_url":"https:\/\/dextechmedical.com\/en\/investors\/financial-calendar\/","og_site_name":"DexTech","article_modified_time":"2025-08-29T13:16:21+00:00","twitter_misc":{"Est. reading time":"1 minute"},"schema":{"@context":"https:\/\/schema.org","@graph":[{"@type":"WebPage","@id":"https:\/\/dextechmedical.com\/en\/investors\/financial-calendar\/","url":"https:\/\/dextechmedical.com\/en\/investors\/financial-calendar\/","name":"Financial calendar | DexTech","isPartOf":{"@id":"https:\/\/dextechmedical.com\/#website"},"datePublished":"2025-08-29T13:15:36+00:00","dateModified":"2025-08-29T13:16:21+00:00","description":"Financial calendar Annual report* 19 September 2025 Q1 report 2025\/2026 November 3, 2025 Agm** November 4, 2025 Half-year report 2025\/2026 February 25,","breadcrumb":{"@id":"https:\/\/dextechmedical.com\/en\/investors\/financial-calendar\/#breadcrumb"},"inLanguage":"en-US","potentialAction":[{"@type":"ReadAction","target":["https:\/\/dextechmedical.com\/en\/investors\/financial-calendar\/"]}]},{"@type":"BreadcrumbList","@id":"https:\/\/dextechmedical.com\/en\/investors\/financial-calendar\/#breadcrumb","itemListElement":[{"@type":"ListItem","position":1,"name":"Home","item":"https:\/\/dextechmedical.com\/en\/"},{"@type":"ListItem","position":2,"name":"Investors","item":"https:\/\/dextechmedical.com\/en\/investors\/"},{"@type":"ListItem","position":3,"name":"Financial calendar"}]},{"@type":"WebSite","@id":"https:\/\/dextechmedical.com\/#website","url":"https:\/\/dextechmedical.com\/","name":"DexTech","description":"Ett svenskt forskningsf\u00f6retag specialiserat p\u00e5 urologisk onkologi fr\u00e4mst prostatacancer","potentialAction":[{"@type":"SearchAction","target":{"@type":"EntryPoint","urlTemplate":"https:\/\/dextechmedical.com\/?s={search_term_string}"},"query-input":{"@type":"PropertyValueSpecification","valueRequired":true,"valueName":"search_term_string"}}],"inLanguage":"en-US"}]}},"_links":{"self":[{"href":"https:\/\/dextechmedical.com\/en\/wp-json\/wp\/v2\/pages\/2066","targetHints":{"allow":["GET"]}}],"collection":[{"href":"https:\/\/dextechmedical.com\/en\/wp-json\/wp\/v2\/pages"}],"about":[{"href":"https:\/\/dextechmedical.com\/en\/wp-json\/wp\/v2\/types\/page"}],"author":[{"embeddable":true,"href":"https:\/\/dextechmedical.com\/en\/wp-json\/wp\/v2\/users\/2"}],"replies":[{"embeddable":true,"href":"https:\/\/dextechmedical.com\/en\/wp-json\/wp\/v2\/comments?post=2066"}],"version-history":[{"count":4,"href":"https:\/\/dextechmedical.com\/en\/wp-json\/wp\/v2\/pages\/2066\/revisions"}],"predecessor-version":[{"id":2148,"href":"https:\/\/dextechmedical.com\/en\/wp-json\/wp\/v2\/pages\/2066\/revisions\/2148"}],"up":[{"embeddable":true,"href":"https:\/\/dextechmedical.com\/en\/wp-json\/wp\/v2\/pages\/277"}],"wp:attachment":[{"href":"https:\/\/dextechmedical.com\/en\/wp-json\/wp\/v2\/media?parent=2066"}],"curies":[{"name":"wp","href":"https:\/\/api.w.org\/{rel}","templated":true}]}}