{"id":2049,"date":"2025-11-04T14:15:20","date_gmt":"2025-11-04T13:15:20","guid":{"rendered":"https:\/\/dextechmedical.com\/?page_id=2049"},"modified":"2025-11-04T14:50:18","modified_gmt":"2025-11-04T13:50:18","slug":"agm","status":"publish","type":"page","link":"https:\/\/dextechmedical.com\/en\/investors\/agm\/","title":{"rendered":"AGM"},"content":{"rendered":"<h2>Bulletin from the Annual General Meeting<\/h2>\n<p class=\"p1\">Today, November 4, 2025, the Annual General Meeting of DexTech Medical AB was held. All resolutions were passed with the required majority.<\/p>\n<p class=\"p1\"><strong>Resolution on adoption of the income statement and balance sheet<\/strong><\/p>\n<p class=\"p1\">The AGM resolved to adopt the presented income statement and balance sheet.<\/p>\n<p class=\"p1\"><strong>Resolution regarding appropriation of the company&#8217;s result in accordance with the adopted balance sheet<\/strong><\/p>\n<p class=\"p1\">The AGM resolved to allocate the company&#8217;s result in accordance with the Board of Directors&#8217; proposal, and that no dividend be paid for the financial year 2024\/2025.<\/p>\n<p class=\"p1\"><strong>Resolution on discharge from liability for the members of the Board of Directors and the CEO<\/strong><\/p>\n<p class=\"p1\">The AGM resolved to discharge the members of the Board of Directors and the CEO from liability.<\/p>\n<p class=\"p1\"><strong>Determination of the number of members and deputy members of the Board of Directors<\/strong><\/p>\n<p class=\"p1\">The AGM resolved that the number of members of the Board of Directors shall be five members and that no deputies shall be elected.<\/p>\n<p class=\"p1\"><strong>Election of Board of Directors and auditor<\/strong><\/p>\n<p class=\"p1\">The AGM resolved to re-elect Andreas Segerros, Per-Olov Asplund, Peter Benson, Rolf Eriksson and Svante Wadman.<\/p>\n<p class=\"p1\">Andreas Segerros was elected Chairman of the Board.<\/p>\n<p class=\"p1\">Azets Revision &amp; R\u00e5dgivning AB was elected, with Per Hammar as auditor in charge, as auditor for the period until the end of the next Annual General Meeting.<\/p>\n<p class=\"p1\"><strong>Determination of fees to be paid to the Board of directors and the auditors<\/strong><\/p>\n<p class=\"p1\">It was resolved that no fees shall be paid to the Board of Directors for the period until the end of the next Annual<\/p>\n<p class=\"p1\">General Meeting. It was resolved that fees to the auditor shall be paid in accordance with approved invoices.<\/p>\n<p class=\"p1\"><strong>For further information, please contact:<\/strong><\/p>\n<p class=\"p1\">G\u00f6sta Lundgren &#8211; CFO<\/p>\n<p class=\"p1\">DexTech Medical AB<\/p>\n<p class=\"p1\">Phone: +46 (0) 707104788<\/p>\n<p class=\"p2\"><span class=\"s1\">E-post: <\/span>gosta.lundgren@dextechmedical.com<\/p>\n<p class=\"p1\"><em>The information was submitted for publication, through the agency of the contact person set out above, on November <\/em>4, 2025.<\/p>\n<p><a href=\"https:\/\/dextechmedical.com\/wp-content\/uploads\/251104-PR-Bulletin-from-AGM-in-Dextech-Medical-AB.pdf\">251104 &#8211; PR &#8211; Bulletin from AGM in Dextech Medical AB<\/a><\/p>\n<p><a href=\"https:\/\/dextechmedical.com\/wp-content\/uploads\/Protokoll-arsstamma-Dextech-Medical-AB-sign.pdf\">Protokoll \u00e5rsst\u00e4mma Dextech Medical AB-sign<\/a><\/p>\n","protected":false},"excerpt":{"rendered":"<p>Bulletin from the Annual General Meeting Today, November 4, 2025, the Annual General Meeting of DexTech Medical AB was held. All resolutions were passed with the required majority. Resolution on [&hellip;]<\/p>\n","protected":false},"author":2,"featured_media":0,"parent":277,"menu_order":12,"comment_status":"closed","ping_status":"closed","template":"","meta":{"_acf_changed":false,"footnotes":""},"class_list":["post-2049","page","type-page","status-publish","hentry"],"acf":[],"yoast_head":"<!-- This site is optimized with the Yoast SEO plugin v26.5 - https:\/\/yoast.com\/wordpress\/plugins\/seo\/ -->\n<title>AGM | DexTech<\/title>\n<meta name=\"description\" content=\"Bulletin from the Annual General Meeting Today, November 4, 2025, the Annual General Meeting of DexTech Medical AB was held. All resolutions were passed\" \/>\n<meta name=\"robots\" content=\"index, follow, max-snippet:-1, max-image-preview:large, max-video-preview:-1\" \/>\n<link rel=\"canonical\" href=\"https:\/\/dextechmedical.com\/en\/investors\/agm\/\" \/>\n<meta property=\"og:locale\" content=\"en_US\" \/>\n<meta property=\"og:type\" content=\"article\" \/>\n<meta property=\"og:title\" content=\"AGM | DexTech\" \/>\n<meta property=\"og:description\" content=\"Bulletin from the Annual General Meeting Today, November 4, 2025, the Annual General Meeting of DexTech Medical AB was held. All resolutions were passed\" \/>\n<meta property=\"og:url\" content=\"https:\/\/dextechmedical.com\/en\/investors\/agm\/\" \/>\n<meta property=\"og:site_name\" content=\"DexTech\" \/>\n<meta property=\"article:modified_time\" content=\"2025-11-04T13:50:18+00:00\" \/>\n<meta name=\"twitter:label1\" content=\"Est. reading time\" \/>\n\t<meta name=\"twitter:data1\" content=\"2 minutes\" \/>\n<script type=\"application\/ld+json\" class=\"yoast-schema-graph\">{\"@context\":\"https:\/\/schema.org\",\"@graph\":[{\"@type\":\"WebPage\",\"@id\":\"https:\/\/dextechmedical.com\/en\/investors\/agm\/\",\"url\":\"https:\/\/dextechmedical.com\/en\/investors\/agm\/\",\"name\":\"AGM | DexTech\",\"isPartOf\":{\"@id\":\"https:\/\/dextechmedical.com\/#website\"},\"datePublished\":\"2025-11-04T13:15:20+00:00\",\"dateModified\":\"2025-11-04T13:50:18+00:00\",\"description\":\"Bulletin from the Annual General Meeting Today, November 4, 2025, the Annual General Meeting of DexTech Medical AB was held. All resolutions were passed\",\"breadcrumb\":{\"@id\":\"https:\/\/dextechmedical.com\/en\/investors\/agm\/#breadcrumb\"},\"inLanguage\":\"en-US\",\"potentialAction\":[{\"@type\":\"ReadAction\",\"target\":[\"https:\/\/dextechmedical.com\/en\/investors\/agm\/\"]}]},{\"@type\":\"BreadcrumbList\",\"@id\":\"https:\/\/dextechmedical.com\/en\/investors\/agm\/#breadcrumb\",\"itemListElement\":[{\"@type\":\"ListItem\",\"position\":1,\"name\":\"Home\",\"item\":\"https:\/\/dextechmedical.com\/en\/\"},{\"@type\":\"ListItem\",\"position\":2,\"name\":\"Investors\",\"item\":\"https:\/\/dextechmedical.com\/en\/investors\/\"},{\"@type\":\"ListItem\",\"position\":3,\"name\":\"AGM\"}]},{\"@type\":\"WebSite\",\"@id\":\"https:\/\/dextechmedical.com\/#website\",\"url\":\"https:\/\/dextechmedical.com\/\",\"name\":\"DexTech\",\"description\":\"Ett svenskt forskningsf\u00f6retag specialiserat p\u00e5 urologisk onkologi fr\u00e4mst prostatacancer\",\"potentialAction\":[{\"@type\":\"SearchAction\",\"target\":{\"@type\":\"EntryPoint\",\"urlTemplate\":\"https:\/\/dextechmedical.com\/?s={search_term_string}\"},\"query-input\":{\"@type\":\"PropertyValueSpecification\",\"valueRequired\":true,\"valueName\":\"search_term_string\"}}],\"inLanguage\":\"en-US\"}]}<\/script>\n<!-- \/ Yoast SEO plugin. -->","yoast_head_json":{"title":"AGM | DexTech","description":"Bulletin from the Annual General Meeting Today, November 4, 2025, the Annual General Meeting of DexTech Medical AB was held. All resolutions were passed","robots":{"index":"index","follow":"follow","max-snippet":"max-snippet:-1","max-image-preview":"max-image-preview:large","max-video-preview":"max-video-preview:-1"},"canonical":"https:\/\/dextechmedical.com\/en\/investors\/agm\/","og_locale":"en_US","og_type":"article","og_title":"AGM | DexTech","og_description":"Bulletin from the Annual General Meeting Today, November 4, 2025, the Annual General Meeting of DexTech Medical AB was held. All resolutions were passed","og_url":"https:\/\/dextechmedical.com\/en\/investors\/agm\/","og_site_name":"DexTech","article_modified_time":"2025-11-04T13:50:18+00:00","twitter_misc":{"Est. reading time":"2 minutes"},"schema":{"@context":"https:\/\/schema.org","@graph":[{"@type":"WebPage","@id":"https:\/\/dextechmedical.com\/en\/investors\/agm\/","url":"https:\/\/dextechmedical.com\/en\/investors\/agm\/","name":"AGM | DexTech","isPartOf":{"@id":"https:\/\/dextechmedical.com\/#website"},"datePublished":"2025-11-04T13:15:20+00:00","dateModified":"2025-11-04T13:50:18+00:00","description":"Bulletin from the Annual General Meeting Today, November 4, 2025, the Annual General Meeting of DexTech Medical AB was held. All resolutions were passed","breadcrumb":{"@id":"https:\/\/dextechmedical.com\/en\/investors\/agm\/#breadcrumb"},"inLanguage":"en-US","potentialAction":[{"@type":"ReadAction","target":["https:\/\/dextechmedical.com\/en\/investors\/agm\/"]}]},{"@type":"BreadcrumbList","@id":"https:\/\/dextechmedical.com\/en\/investors\/agm\/#breadcrumb","itemListElement":[{"@type":"ListItem","position":1,"name":"Home","item":"https:\/\/dextechmedical.com\/en\/"},{"@type":"ListItem","position":2,"name":"Investors","item":"https:\/\/dextechmedical.com\/en\/investors\/"},{"@type":"ListItem","position":3,"name":"AGM"}]},{"@type":"WebSite","@id":"https:\/\/dextechmedical.com\/#website","url":"https:\/\/dextechmedical.com\/","name":"DexTech","description":"Ett svenskt forskningsf\u00f6retag specialiserat p\u00e5 urologisk onkologi fr\u00e4mst prostatacancer","potentialAction":[{"@type":"SearchAction","target":{"@type":"EntryPoint","urlTemplate":"https:\/\/dextechmedical.com\/?s={search_term_string}"},"query-input":{"@type":"PropertyValueSpecification","valueRequired":true,"valueName":"search_term_string"}}],"inLanguage":"en-US"}]}},"_links":{"self":[{"href":"https:\/\/dextechmedical.com\/en\/wp-json\/wp\/v2\/pages\/2049","targetHints":{"allow":["GET"]}}],"collection":[{"href":"https:\/\/dextechmedical.com\/en\/wp-json\/wp\/v2\/pages"}],"about":[{"href":"https:\/\/dextechmedical.com\/en\/wp-json\/wp\/v2\/types\/page"}],"author":[{"embeddable":true,"href":"https:\/\/dextechmedical.com\/en\/wp-json\/wp\/v2\/users\/2"}],"replies":[{"embeddable":true,"href":"https:\/\/dextechmedical.com\/en\/wp-json\/wp\/v2\/comments?post=2049"}],"version-history":[{"count":8,"href":"https:\/\/dextechmedical.com\/en\/wp-json\/wp\/v2\/pages\/2049\/revisions"}],"predecessor-version":[{"id":2238,"href":"https:\/\/dextechmedical.com\/en\/wp-json\/wp\/v2\/pages\/2049\/revisions\/2238"}],"up":[{"embeddable":true,"href":"https:\/\/dextechmedical.com\/en\/wp-json\/wp\/v2\/pages\/277"}],"wp:attachment":[{"href":"https:\/\/dextechmedical.com\/en\/wp-json\/wp\/v2\/media?parent=2049"}],"curies":[{"name":"wp","href":"https:\/\/api.w.org\/{rel}","templated":true}]}}