{"id":1891,"date":"2024-03-25T12:25:45","date_gmt":"2024-03-25T11:25:45","guid":{"rendered":"https:\/\/dextechmedical.com\/?page_id=1891"},"modified":"2024-03-25T12:25:45","modified_gmt":"2024-03-25T11:25:45","slug":"clinical-research","status":"publish","type":"page","link":"https:\/\/dextechmedical.com\/en\/clinical-research\/","title":{"rendered":"Clinical Research"},"content":{"rendered":"<p><strong>General information about clinical research<\/strong>; DexTech works with so-called translational research, which means that pre-clinical innovations (candidates) are developed to be studied in clinical studies (in humans). Financial costs differ between the three study phases (fig.1), where phase 1 and phase 2, depending on the number of study centers and study protocols, cost approximately SEK \u2264100M, while Phase 3, which is registration-based, costs SEK &gt;500M. In addition, there are organizational\/human resources with an increased number of participating patients and study centers (Figure 2)<\/p>\n<p><strong>Figure 1<\/strong><\/p>\n<p><a href=\"https:\/\/dextechmedical.com\/wp-content\/uploads\/Figur-1.png\"><img loading=\"lazy\" decoding=\"async\" class=\"alignnone size-full wp-image-1881\" src=\"https:\/\/dextechmedical.com\/wp-content\/uploads\/Figur-1.png\" alt=\"\" width=\"938\" height=\"698\" srcset=\"https:\/\/dextechmedical.com\/wp-content\/uploads\/Figur-1.png 938w, https:\/\/dextechmedical.com\/wp-content\/uploads\/Figur-1-300x223.png 300w, https:\/\/dextechmedical.com\/wp-content\/uploads\/Figur-1-768x571.png 768w\" sizes=\"auto, (max-width: 938px) 100vw, 938px\" \/><\/a><\/p>\n<p><strong>Figure 2<\/strong><\/p>\n<p><a href=\"https:\/\/dextechmedical.com\/wp-content\/uploads\/Figur-2.png\"><img loading=\"lazy\" decoding=\"async\" class=\"alignnone size-full wp-image-1883\" src=\"https:\/\/dextechmedical.com\/wp-content\/uploads\/Figur-2.png\" alt=\"\" width=\"1007\" height=\"981\" srcset=\"https:\/\/dextechmedical.com\/wp-content\/uploads\/Figur-2.png 1007w, https:\/\/dextechmedical.com\/wp-content\/uploads\/Figur-2-300x292.png 300w, https:\/\/dextechmedical.com\/wp-content\/uploads\/Figur-2-768x748.png 768w\" sizes=\"auto, (max-width: 1007px) 100vw, 1007px\" \/><\/a><\/p>\n<p>Consequently, the need for study drug varies between study phases with dramatically increased need at Phase 3 (Figure 3). The consequence is that the manufacturing process must be scaled up by phase 3 at the latest.<\/p>\n<p><strong>Figure 3<\/strong><\/p>\n<p><a href=\"https:\/\/dextechmedical.com\/wp-content\/uploads\/Figur-3.png\"><img loading=\"lazy\" decoding=\"async\" class=\"alignnone size-full wp-image-1885\" src=\"https:\/\/dextechmedical.com\/wp-content\/uploads\/Figur-3.png\" alt=\"\" width=\"1252\" height=\"844\" srcset=\"https:\/\/dextechmedical.com\/wp-content\/uploads\/Figur-3.png 1252w, https:\/\/dextechmedical.com\/wp-content\/uploads\/Figur-3-300x202.png 300w, https:\/\/dextechmedical.com\/wp-content\/uploads\/Figur-3-1024x690.png 1024w, https:\/\/dextechmedical.com\/wp-content\/uploads\/Figur-3-768x518.png 768w\" sizes=\"auto, (max-width: 1252px) 100vw, 1252px\" \/><\/a><\/p>\n<p>The current chances of success in the step from preclinical to clinical research are relatively small, where about 90% fail to repeat results in humans (has been described as a &#8220;valley of death&#8221;, i.e. the candidate&#8217;s death, applies to the development of cancer drugs). Of the candidates who start phase 1 studies, more than 80% will fail. The most common causes are insufficient efficacy and unexpected toxicity (side effects). Of the candidates who start phase 3, about 50% will fail, usually for the same reasons as after phase 2. Only about 5% of candidates will succeed in becoming a registered drug.<\/p>\n<p>*<em>Nature. 2008; 453 (7197):840-842<\/em><\/p>\n<p><em>*Am J Transl Res. 2014; 6(2):114-118<\/em><\/p>\n<p><strong>DexTech, clinical research<\/strong><\/p>\n<p>Since the late 1990s, DexTech has conducted\/is conducting clinical studies mainly in the patient category castration-resistant prostate cancer (Table 1).<\/p>\n<p><strong>Table 1<\/strong><\/p>\n<table>\n<tbody>\n<tr>\n<td width=\"93\"><strong>Study<\/strong><\/td>\n<td width=\"84\"><strong>Phase<\/strong><\/td>\n<td width=\"93\"><strong>Patients<\/strong><\/td>\n<td width=\"84\"><strong>Year<\/strong><\/td>\n<td width=\"118\"><strong>Country<\/strong><\/td>\n<\/tr>\n<tr>\n<td width=\"93\">SomaDex1<\/td>\n<td width=\"84\">1a<\/td>\n<td width=\"93\">mCRPC<\/td>\n<td width=\"84\">2003<\/td>\n<td width=\"118\">Finland<\/td>\n<\/tr>\n<tr>\n<td width=\"93\">SomaDex<\/td>\n<td width=\"84\">pilot<\/td>\n<td width=\"93\">mCRPC<\/td>\n<td width=\"84\">2008<\/td>\n<td width=\"118\">Mexico<\/td>\n<\/tr>\n<tr>\n<td width=\"93\">ODX2<\/td>\n<td width=\"84\">1a<\/td>\n<td width=\"93\">mCRPC<\/td>\n<td width=\"84\">2013<\/td>\n<td width=\"118\">Sweden<\/td>\n<\/tr>\n<tr>\n<td width=\"93\">ODX3<\/td>\n<td width=\"84\">2b<\/td>\n<td width=\"93\">mCRPC<\/td>\n<td width=\"84\">2020<\/td>\n<td width=\"118\">Sweden\/Estonia<\/p>\n<p>Latvia<\/td>\n<\/tr>\n<tr>\n<td width=\"93\">ODX<\/td>\n<td width=\"84\">1a<\/td>\n<td width=\"93\">Multiple<\/p>\n<p>myeloma<\/td>\n<td width=\"84\">2023<\/td>\n<td width=\"118\">Sweden<\/td>\n<\/tr>\n<\/tbody>\n<\/table>\n<p>&nbsp;<\/p>\n<p><em><sup>1<\/sup><\/em><em>Ann. N.Y. Acad Sci., 2004, 1028:361-374.<\/em><\/p>\n<p><em><sup>2<\/sup><\/em><em>Anticancer Res. 36: 6499-6504 (2016) <\/em><\/p>\n<p><em><sup>3<\/sup><\/em><em>European J of Cancer 181 (2023) 198e207 <\/em><\/p>\n<p>The studies have been published in peer-reviewed international journals.<\/p>\n","protected":false},"excerpt":{"rendered":"<p>General information about clinical research; DexTech works with so-called translational research, which means that pre-clinical innovations (candidates) are developed to be studied in clinical studies (in humans). Financial costs differ [&hellip;]<\/p>\n","protected":false},"author":2,"featured_media":0,"parent":0,"menu_order":21,"comment_status":"closed","ping_status":"closed","template":"","meta":{"_acf_changed":false,"footnotes":""},"class_list":["post-1891","page","type-page","status-publish","hentry"],"acf":[],"yoast_head":"<!-- This site is optimized with the Yoast SEO plugin v26.5 - https:\/\/yoast.com\/wordpress\/plugins\/seo\/ -->\n<title>Clinical Research | DexTech<\/title>\n<meta name=\"description\" content=\"General information about clinical research; DexTech works with so-called translational research, which means that pre-clinical innovations (candidates)\" \/>\n<meta name=\"robots\" content=\"index, follow, max-snippet:-1, max-image-preview:large, max-video-preview:-1\" \/>\n<link rel=\"canonical\" href=\"https:\/\/dextechmedical.com\/en\/clinical-research\/\" \/>\n<meta property=\"og:locale\" content=\"en_US\" \/>\n<meta property=\"og:type\" content=\"article\" \/>\n<meta property=\"og:title\" content=\"Clinical Research | DexTech\" \/>\n<meta property=\"og:description\" content=\"General information about clinical research; DexTech works with so-called translational research, which means that pre-clinical innovations (candidates)\" \/>\n<meta property=\"og:url\" content=\"https:\/\/dextechmedical.com\/en\/clinical-research\/\" \/>\n<meta property=\"og:site_name\" content=\"DexTech\" \/>\n<meta property=\"og:image\" content=\"https:\/\/dextechmedical.com\/wp-content\/uploads\/Figur-1.png\" \/>\n<meta name=\"twitter:label1\" content=\"Est. reading time\" \/>\n\t<meta name=\"twitter:data1\" content=\"3 minutes\" \/>\n<script type=\"application\/ld+json\" class=\"yoast-schema-graph\">{\"@context\":\"https:\/\/schema.org\",\"@graph\":[{\"@type\":\"WebPage\",\"@id\":\"https:\/\/dextechmedical.com\/en\/clinical-research\/\",\"url\":\"https:\/\/dextechmedical.com\/en\/clinical-research\/\",\"name\":\"Clinical Research | DexTech\",\"isPartOf\":{\"@id\":\"https:\/\/dextechmedical.com\/#website\"},\"primaryImageOfPage\":{\"@id\":\"https:\/\/dextechmedical.com\/en\/clinical-research\/#primaryimage\"},\"image\":{\"@id\":\"https:\/\/dextechmedical.com\/en\/clinical-research\/#primaryimage\"},\"thumbnailUrl\":\"https:\/\/dextechmedical.com\/wp-content\/uploads\/Figur-1.png\",\"datePublished\":\"2024-03-25T11:25:45+00:00\",\"description\":\"General information about clinical research; DexTech works with so-called translational research, which means that pre-clinical innovations (candidates)\",\"breadcrumb\":{\"@id\":\"https:\/\/dextechmedical.com\/en\/clinical-research\/#breadcrumb\"},\"inLanguage\":\"en-US\",\"potentialAction\":[{\"@type\":\"ReadAction\",\"target\":[\"https:\/\/dextechmedical.com\/en\/clinical-research\/\"]}]},{\"@type\":\"ImageObject\",\"inLanguage\":\"en-US\",\"@id\":\"https:\/\/dextechmedical.com\/en\/clinical-research\/#primaryimage\",\"url\":\"https:\/\/dextechmedical.com\/wp-content\/uploads\/Figur-1.png\",\"contentUrl\":\"https:\/\/dextechmedical.com\/wp-content\/uploads\/Figur-1.png\"},{\"@type\":\"BreadcrumbList\",\"@id\":\"https:\/\/dextechmedical.com\/en\/clinical-research\/#breadcrumb\",\"itemListElement\":[{\"@type\":\"ListItem\",\"position\":1,\"name\":\"Home\",\"item\":\"https:\/\/dextechmedical.com\/en\/\"},{\"@type\":\"ListItem\",\"position\":2,\"name\":\"Clinical Research\"}]},{\"@type\":\"WebSite\",\"@id\":\"https:\/\/dextechmedical.com\/#website\",\"url\":\"https:\/\/dextechmedical.com\/\",\"name\":\"DexTech\",\"description\":\"Ett svenskt forskningsf\u00f6retag specialiserat p\u00e5 urologisk onkologi fr\u00e4mst prostatacancer\",\"potentialAction\":[{\"@type\":\"SearchAction\",\"target\":{\"@type\":\"EntryPoint\",\"urlTemplate\":\"https:\/\/dextechmedical.com\/?s={search_term_string}\"},\"query-input\":{\"@type\":\"PropertyValueSpecification\",\"valueRequired\":true,\"valueName\":\"search_term_string\"}}],\"inLanguage\":\"en-US\"}]}<\/script>\n<!-- \/ Yoast SEO plugin. -->","yoast_head_json":{"title":"Clinical Research | DexTech","description":"General information about clinical research; DexTech works with so-called translational research, which means that pre-clinical innovations (candidates)","robots":{"index":"index","follow":"follow","max-snippet":"max-snippet:-1","max-image-preview":"max-image-preview:large","max-video-preview":"max-video-preview:-1"},"canonical":"https:\/\/dextechmedical.com\/en\/clinical-research\/","og_locale":"en_US","og_type":"article","og_title":"Clinical Research | DexTech","og_description":"General information about clinical research; DexTech works with so-called translational research, which means that pre-clinical innovations (candidates)","og_url":"https:\/\/dextechmedical.com\/en\/clinical-research\/","og_site_name":"DexTech","og_image":[{"url":"https:\/\/dextechmedical.com\/wp-content\/uploads\/Figur-1.png","type":"","width":"","height":""}],"twitter_misc":{"Est. reading time":"3 minutes"},"schema":{"@context":"https:\/\/schema.org","@graph":[{"@type":"WebPage","@id":"https:\/\/dextechmedical.com\/en\/clinical-research\/","url":"https:\/\/dextechmedical.com\/en\/clinical-research\/","name":"Clinical Research | DexTech","isPartOf":{"@id":"https:\/\/dextechmedical.com\/#website"},"primaryImageOfPage":{"@id":"https:\/\/dextechmedical.com\/en\/clinical-research\/#primaryimage"},"image":{"@id":"https:\/\/dextechmedical.com\/en\/clinical-research\/#primaryimage"},"thumbnailUrl":"https:\/\/dextechmedical.com\/wp-content\/uploads\/Figur-1.png","datePublished":"2024-03-25T11:25:45+00:00","description":"General information about clinical research; DexTech works with so-called translational research, which means that pre-clinical innovations (candidates)","breadcrumb":{"@id":"https:\/\/dextechmedical.com\/en\/clinical-research\/#breadcrumb"},"inLanguage":"en-US","potentialAction":[{"@type":"ReadAction","target":["https:\/\/dextechmedical.com\/en\/clinical-research\/"]}]},{"@type":"ImageObject","inLanguage":"en-US","@id":"https:\/\/dextechmedical.com\/en\/clinical-research\/#primaryimage","url":"https:\/\/dextechmedical.com\/wp-content\/uploads\/Figur-1.png","contentUrl":"https:\/\/dextechmedical.com\/wp-content\/uploads\/Figur-1.png"},{"@type":"BreadcrumbList","@id":"https:\/\/dextechmedical.com\/en\/clinical-research\/#breadcrumb","itemListElement":[{"@type":"ListItem","position":1,"name":"Home","item":"https:\/\/dextechmedical.com\/en\/"},{"@type":"ListItem","position":2,"name":"Clinical Research"}]},{"@type":"WebSite","@id":"https:\/\/dextechmedical.com\/#website","url":"https:\/\/dextechmedical.com\/","name":"DexTech","description":"Ett svenskt forskningsf\u00f6retag specialiserat p\u00e5 urologisk onkologi fr\u00e4mst prostatacancer","potentialAction":[{"@type":"SearchAction","target":{"@type":"EntryPoint","urlTemplate":"https:\/\/dextechmedical.com\/?s={search_term_string}"},"query-input":{"@type":"PropertyValueSpecification","valueRequired":true,"valueName":"search_term_string"}}],"inLanguage":"en-US"}]}},"_links":{"self":[{"href":"https:\/\/dextechmedical.com\/en\/wp-json\/wp\/v2\/pages\/1891","targetHints":{"allow":["GET"]}}],"collection":[{"href":"https:\/\/dextechmedical.com\/en\/wp-json\/wp\/v2\/pages"}],"about":[{"href":"https:\/\/dextechmedical.com\/en\/wp-json\/wp\/v2\/types\/page"}],"author":[{"embeddable":true,"href":"https:\/\/dextechmedical.com\/en\/wp-json\/wp\/v2\/users\/2"}],"replies":[{"embeddable":true,"href":"https:\/\/dextechmedical.com\/en\/wp-json\/wp\/v2\/comments?post=1891"}],"version-history":[{"count":1,"href":"https:\/\/dextechmedical.com\/en\/wp-json\/wp\/v2\/pages\/1891\/revisions"}],"predecessor-version":[{"id":1892,"href":"https:\/\/dextechmedical.com\/en\/wp-json\/wp\/v2\/pages\/1891\/revisions\/1892"}],"wp:attachment":[{"href":"https:\/\/dextechmedical.com\/en\/wp-json\/wp\/v2\/media?parent=1891"}],"curies":[{"name":"wp","href":"https:\/\/api.w.org\/{rel}","templated":true}]}}